{"id":14583,"date":"2023-10-26T15:17:18","date_gmt":"2023-10-26T14:17:18","guid":{"rendered":"https:\/\/baralivres.ma\/?post_type=product&#038;p=14583"},"modified":"2023-10-26T15:17:18","modified_gmt":"2023-10-26T14:17:18","slug":"des-vents-contraires","status":"publish","type":"product","link":"https:\/\/baralivres.ma\/?product=des-vents-contraires","title":{"rendered":"Des vents contraires"},"content":{"rendered":"<p>Sarah a disparu il y a un an, laissant son mari Paul s&rsquo;occuper de leurs enfants. Chaque jour est un d\u00e9fi pour lui, entre l&rsquo;inqui\u00e9tude et la n\u00e9cessit\u00e9 de prot\u00e9ger leurs vies. Paul, \u00e9puis\u00e9, d\u00e9cide de retourner \u00e0 Saint-Malo, sa ville natale, pour se ressourcer. Le roman d&rsquo;Olivier Adam, malgr\u00e9 ses th\u00e8mes sombres, est empreint d&rsquo;humanit\u00e9, de tendresse, et d&rsquo;une \u00e9nergie r\u00e9confortante pour ses lecteurs. Il explore la r\u00e9silience d&rsquo;un homme face \u00e0 l&rsquo;incertitude et aux menaces qui p\u00e8sent sur sa famille, offrant ainsi un r\u00e9cit \u00e0 la fois touchant et puissant. Olivier Adam, n\u00e9 en 1974, est un \u00e9crivain reconnu de sa g\u00e9n\u00e9ration, avec plusieurs adaptations cin\u00e9matographiques de ses \u0153uvres. Ses romans, dont Falaises, Poids l\u00e9ger, et \u00c0 l&rsquo;abri de rien, sont disponibles en \u00e9ditions Points.<\/p>\n","protected":false},"excerpt":{"rendered":"<div class=\"group final-completion w-full text-token-text-primary border-b border-black\/10 gizmo:border-0 dark:border-gray-900\/50 gizmo:dark:border-0 bg-gray-50 gizmo:bg-transparent dark:bg-[#444654] gizmo:dark:bg-transparent\" data-testid=\"conversation-turn-342\">\n<div class=\"p-4 gizmo:py-2 justify-center text-base md:gap-6 md:py-6 m-auto\">\n<div class=\"flex flex-1 gap-4 text-base mx-auto md:gap-6 gizmo:gap-3 gizmo:md:px-5 gizmo:lg:px-1 gizmo:xl:px-5 md:max-w-2xl lg:max-w-[38rem] gizmo:md:max-w-3xl gizmo:lg:max-w-[40rem] gizmo:xl:max-w-[48rem] xl:max-w-3xl }\">\n<div class=\"relative flex w-[calc(100%-50px)] flex-col gizmo:w-full lg:w-[calc(100%-115px)] agent-turn\">\n<div class=\"flex-col gap-1 md:gap-3\">\n<div class=\"flex flex-grow flex-col gap-3 max-w-full\">\n<div class=\"min-h-[20px] flex flex-col items-start gap-3 whitespace-pre-wrap break-words overflow-x-auto\">\n<div class=\"markdown prose w-full break-words dark:prose-invert light\">\n<p>Sarah dispara\u00eet, laissant Paul s&rsquo;occuper de leurs enfants. Il lutte pour prot\u00e9ger leur vie quotidienne.<\/p>\n<\/div>\n<\/div>\n<\/div>\n<div class=\"flex justify-between empty:hidden gizmo:justify-start gizmo:gap-3 lg:block gizmo:lg:flex\">\n<div class=\"text-gray-400 flex self-end lg:self-center justify-center gizmo:lg:justify-start mt-2 gizmo:mt-0 visible lg:gap-1 lg:absolute lg:top-0 lg:translate-x-full lg:right-0 lg:mt-0 lg:pl-2 gap-2 md:gap-3\"><button class=\"flex ml-auto gizmo:ml-0 gap-2 items-center rounded-md p-1 text-xs gizmo:gap-1.5 gizmo:pl-0 dark:text-gray-400 dark:hover:bg-gray-700 dark:hover:text-gray-200 disabled:dark:hover:text-gray-400 hover:bg-gray-100 hover:text-gray-700\"><\/button><\/p>\n<div class=\"flex gap-1 gizmo:gap-3\"><\/div>\n<\/div>\n<\/div>\n<\/div>\n<\/div>\n<\/div>\n<\/div>\n<\/div>\n","protected":false},"featured_media":14587,"comment_status":"open","ping_status":"closed","template":"","meta":{"inline_featured_image":false},"product_cat":[204,143],"product_tag":[],"class_list":{"0":"post-14583","1":"product","2":"type-product","3":"status-publish","4":"has-post-thumbnail","6":"product_cat-francais","7":"product_cat-roman","8":"pa_auteurs-olivier-adam","10":"first","11":"instock","12":"shipping-taxable","13":"purchasable","14":"product-type-simple"},"_links":{"self":[{"href":"https:\/\/baralivres.ma\/index.php?rest_route=\/wp\/v2\/product\/14583","targetHints":{"allow":["GET"]}}],"collection":[{"href":"https:\/\/baralivres.ma\/index.php?rest_route=\/wp\/v2\/product"}],"about":[{"href":"https:\/\/baralivres.ma\/index.php?rest_route=\/wp\/v2\/types\/product"}],"replies":[{"embeddable":true,"href":"https:\/\/baralivres.ma\/index.php?rest_route=%2Fwp%2Fv2%2Fcomments&post=14583"}],"version-history":[{"count":2,"href":"https:\/\/baralivres.ma\/index.php?rest_route=\/wp\/v2\/product\/14583\/revisions"}],"predecessor-version":[{"id":14592,"href":"https:\/\/baralivres.ma\/index.php?rest_route=\/wp\/v2\/product\/14583\/revisions\/14592"}],"wp:featuredmedia":[{"embeddable":true,"href":"https:\/\/baralivres.ma\/index.php?rest_route=\/wp\/v2\/media\/14587"}],"wp:attachment":[{"href":"https:\/\/baralivres.ma\/index.php?rest_route=%2Fwp%2Fv2%2Fmedia&parent=14583"}],"wp:term":[{"taxonomy":"product_cat","embeddable":true,"href":"https:\/\/baralivres.ma\/index.php?rest_route=%2Fwp%2Fv2%2Fproduct_cat&post=14583"},{"taxonomy":"product_tag","embeddable":true,"href":"https:\/\/baralivres.ma\/index.php?rest_route=%2Fwp%2Fv2%2Fproduct_tag&post=14583"}],"curies":[{"name":"wp","href":"https:\/\/api.w.org\/{rel}","templated":true}]}}