{"id":14579,"date":"2023-10-26T15:16:33","date_gmt":"2023-10-26T14:16:33","guid":{"rendered":"https:\/\/baralivres.ma\/?post_type=product&#038;p=14579"},"modified":"2023-10-26T15:16:34","modified_gmt":"2023-10-26T14:16:34","slug":"chroniques-de-la-revolution-egyptienne","status":"publish","type":"product","link":"https:\/\/baralivres.ma\/?product=chroniques-de-la-revolution-egyptienne","title":{"rendered":"Chroniques de la r\u00e9volution \u00e9gyptienne"},"content":{"rendered":"<p>Alaa El Aswany, un auteur \u00e0 la fois observateur attentif et acteur engag\u00e9, explore dans ses \u00e9crits les bouleversements qui semblaient in\u00e9luctables. Dans cette compilation de chroniques, il dresse un portrait de la p\u00e9riode pr\u00e9c\u00e9dant, durant, et apr\u00e8s la r\u00e9volution \u00e9gyptienne. Malgr\u00e9 sa nature chaleureuse, empathique et compr\u00e9hensive envers autrui, il se r\u00e9v\u00e8le implacable et intransigeant lorsqu&rsquo;il critique les forces oppressives qui s\u00e9vissent dans son pays.<\/p>\n","protected":false},"excerpt":{"rendered":"<p>Alaa El Aswany, observateur et acteur engag\u00e9, relate la r\u00e9volution \u00e9gyptienne avec empathie tout en condamnant l&rsquo;oppression.<\/p>\n","protected":false},"featured_media":14585,"comment_status":"open","ping_status":"closed","template":"","meta":{"inline_featured_image":false},"product_cat":[204,143],"product_tag":[],"class_list":{"0":"post-14579","1":"product","2":"type-product","3":"status-publish","4":"has-post-thumbnail","6":"product_cat-francais","7":"product_cat-roman","8":"pa_auteurs-alaa-el-aswany","10":"first","11":"instock","12":"shipping-taxable","13":"purchasable","14":"product-type-simple"},"_links":{"self":[{"href":"https:\/\/baralivres.ma\/index.php?rest_route=\/wp\/v2\/product\/14579","targetHints":{"allow":["GET"]}}],"collection":[{"href":"https:\/\/baralivres.ma\/index.php?rest_route=\/wp\/v2\/product"}],"about":[{"href":"https:\/\/baralivres.ma\/index.php?rest_route=\/wp\/v2\/types\/product"}],"replies":[{"embeddable":true,"href":"https:\/\/baralivres.ma\/index.php?rest_route=%2Fwp%2Fv2%2Fcomments&post=14579"}],"version-history":[{"count":1,"href":"https:\/\/baralivres.ma\/index.php?rest_route=\/wp\/v2\/product\/14579\/revisions"}],"predecessor-version":[{"id":14586,"href":"https:\/\/baralivres.ma\/index.php?rest_route=\/wp\/v2\/product\/14579\/revisions\/14586"}],"wp:featuredmedia":[{"embeddable":true,"href":"https:\/\/baralivres.ma\/index.php?rest_route=\/wp\/v2\/media\/14585"}],"wp:attachment":[{"href":"https:\/\/baralivres.ma\/index.php?rest_route=%2Fwp%2Fv2%2Fmedia&parent=14579"}],"wp:term":[{"taxonomy":"product_cat","embeddable":true,"href":"https:\/\/baralivres.ma\/index.php?rest_route=%2Fwp%2Fv2%2Fproduct_cat&post=14579"},{"taxonomy":"product_tag","embeddable":true,"href":"https:\/\/baralivres.ma\/index.php?rest_route=%2Fwp%2Fv2%2Fproduct_tag&post=14579"}],"curies":[{"name":"wp","href":"https:\/\/api.w.org\/{rel}","templated":true}]}}