{"id":14575,"date":"2023-10-26T15:13:37","date_gmt":"2023-10-26T14:13:37","guid":{"rendered":"https:\/\/baralivres.ma\/?post_type=product&#038;p=14575"},"modified":"2023-10-26T15:13:37","modified_gmt":"2023-10-26T14:13:37","slug":"manuel-du-guerrier-de-la-lumiere","status":"publish","type":"product","link":"https:\/\/baralivres.ma\/?product=manuel-du-guerrier-de-la-lumiere","title":{"rendered":"Manuel du guerrier de la lumi\u00e8re"},"content":{"rendered":"<p>Les guerriers de la lumi\u00e8re sont instantan\u00e9ment reconnaissables par leur aura. Ils sont pleinement engag\u00e9s dans le tissu du monde qui les entoure. Bien que leur existence puisse parfois sembler d\u00e9pourvue de sens, ils persistent dans leur qu\u00eate de lui en insuffler un. Ils se remettent en question, refusant de se laisser submerger par la passivit\u00e9 et le fatalisme. C&rsquo;est leur d\u00e9termination \u00e0 d\u00e9fier ces obstacles qui les distingue en tant que guerriers de la lumi\u00e8re. Ce livre bref, simple, et inestimable r\u00e9sume de mani\u00e8re concise la philosophie humaniste de Paulo Coelho, transmettant un message de confiance et de vitalit\u00e9 qui a d\u00e9j\u00e0 touch\u00e9 des millions de lecteurs.<\/p>\n","protected":false},"excerpt":{"rendered":"<p>Guerriers de la lumi\u00e8re : engag\u00e9s, qu\u00eate de sens, refus de passivit\u00e9, philosophie humaniste de Paulo Coelho.<\/p>\n","protected":false},"featured_media":14581,"comment_status":"open","ping_status":"closed","template":"","meta":{"inline_featured_image":false},"product_cat":[204,143],"product_tag":[],"class_list":{"0":"post-14575","1":"product","2":"type-product","3":"status-publish","4":"has-post-thumbnail","6":"product_cat-francais","7":"product_cat-roman","8":"pa_auteurs-paulo-coelho","10":"first","11":"instock","12":"shipping-taxable","13":"purchasable","14":"product-type-simple"},"_links":{"self":[{"href":"https:\/\/baralivres.ma\/index.php?rest_route=\/wp\/v2\/product\/14575","targetHints":{"allow":["GET"]}}],"collection":[{"href":"https:\/\/baralivres.ma\/index.php?rest_route=\/wp\/v2\/product"}],"about":[{"href":"https:\/\/baralivres.ma\/index.php?rest_route=\/wp\/v2\/types\/product"}],"replies":[{"embeddable":true,"href":"https:\/\/baralivres.ma\/index.php?rest_route=%2Fwp%2Fv2%2Fcomments&post=14575"}],"version-history":[{"count":1,"href":"https:\/\/baralivres.ma\/index.php?rest_route=\/wp\/v2\/product\/14575\/revisions"}],"predecessor-version":[{"id":14582,"href":"https:\/\/baralivres.ma\/index.php?rest_route=\/wp\/v2\/product\/14575\/revisions\/14582"}],"wp:featuredmedia":[{"embeddable":true,"href":"https:\/\/baralivres.ma\/index.php?rest_route=\/wp\/v2\/media\/14581"}],"wp:attachment":[{"href":"https:\/\/baralivres.ma\/index.php?rest_route=%2Fwp%2Fv2%2Fmedia&parent=14575"}],"wp:term":[{"taxonomy":"product_cat","embeddable":true,"href":"https:\/\/baralivres.ma\/index.php?rest_route=%2Fwp%2Fv2%2Fproduct_cat&post=14575"},{"taxonomy":"product_tag","embeddable":true,"href":"https:\/\/baralivres.ma\/index.php?rest_route=%2Fwp%2Fv2%2Fproduct_tag&post=14575"}],"curies":[{"name":"wp","href":"https:\/\/api.w.org\/{rel}","templated":true}]}}