{"id":14569,"date":"2023-10-26T15:07:28","date_gmt":"2023-10-26T14:07:28","guid":{"rendered":"https:\/\/baralivres.ma\/?post_type=product&#038;p=14569"},"modified":"2023-10-26T15:07:29","modified_gmt":"2023-10-26T14:07:29","slug":"anne-de-green-gables","status":"publish","type":"product","link":"https:\/\/baralivres.ma\/?product=anne-de-green-gables","title":{"rendered":"Anne de Green Gables"},"content":{"rendered":"<p><span>Anne Shirley, une orpheline, est envoy\u00e9e par erreur chez les Cuthbert, qui attendaient un gar\u00e7on pour les aider \u00e0 la ferme. <\/span><span>Anne, une jeune fille vive, dr\u00f4le, f\u00e9ministe involontaire et romantique, bouleverse la tranquillit\u00e9 de Green Gables de mani\u00e8re positive, apportant joie et r\u00eaveries partout o\u00f9 elle passe. <\/span><span>Cet \u00e9nergique personnage de onze ans, marqu\u00e9 par ses taches de rousseur, est le c\u0153ur d&rsquo;une s\u00e9rie de romans qui a conquis des millions de lecteurs et est devenue une h\u00e9ro\u00efne intemporelle. <\/span><span>L&rsquo;histoire de cette fillette irr\u00e9sistible, cr\u00e9\u00e9e par Lucy Maud Montgomery, est un classique de la litt\u00e9rature et a \u00e9t\u00e9 adapt\u00e9 avec succ\u00e8s dans diff\u00e9rentes formes m\u00e9diatiques.<\/span><\/p>\n","protected":false},"excerpt":{"rendered":"<p>Anne Shirley, orpheline p\u00e9tillante, apporte joie et r\u00eaverie \u00e0 Green Gables, bouleversant la vie des Cuthbert.<\/p>\n","protected":false},"featured_media":14572,"comment_status":"open","ping_status":"closed","template":"","meta":{"inline_featured_image":false},"product_cat":[204,143],"product_tag":[],"class_list":{"0":"post-14569","1":"product","2":"type-product","3":"status-publish","4":"has-post-thumbnail","6":"product_cat-francais","7":"product_cat-roman","8":"pa_auteurs-lucy-maud-montgomery","10":"first","11":"instock","12":"shipping-taxable","13":"purchasable","14":"product-type-simple"},"_links":{"self":[{"href":"https:\/\/baralivres.ma\/index.php?rest_route=\/wp\/v2\/product\/14569","targetHints":{"allow":["GET"]}}],"collection":[{"href":"https:\/\/baralivres.ma\/index.php?rest_route=\/wp\/v2\/product"}],"about":[{"href":"https:\/\/baralivres.ma\/index.php?rest_route=\/wp\/v2\/types\/product"}],"replies":[{"embeddable":true,"href":"https:\/\/baralivres.ma\/index.php?rest_route=%2Fwp%2Fv2%2Fcomments&post=14569"}],"version-history":[{"count":1,"href":"https:\/\/baralivres.ma\/index.php?rest_route=\/wp\/v2\/product\/14569\/revisions"}],"predecessor-version":[{"id":14573,"href":"https:\/\/baralivres.ma\/index.php?rest_route=\/wp\/v2\/product\/14569\/revisions\/14573"}],"wp:featuredmedia":[{"embeddable":true,"href":"https:\/\/baralivres.ma\/index.php?rest_route=\/wp\/v2\/media\/14572"}],"wp:attachment":[{"href":"https:\/\/baralivres.ma\/index.php?rest_route=%2Fwp%2Fv2%2Fmedia&parent=14569"}],"wp:term":[{"taxonomy":"product_cat","embeddable":true,"href":"https:\/\/baralivres.ma\/index.php?rest_route=%2Fwp%2Fv2%2Fproduct_cat&post=14569"},{"taxonomy":"product_tag","embeddable":true,"href":"https:\/\/baralivres.ma\/index.php?rest_route=%2Fwp%2Fv2%2Fproduct_tag&post=14569"}],"curies":[{"name":"wp","href":"https:\/\/api.w.org\/{rel}","templated":true}]}}