{"id":14562,"date":"2023-10-26T14:58:14","date_gmt":"2023-10-26T13:58:14","guid":{"rendered":"https:\/\/baralivres.ma\/?post_type=product&#038;p=14562"},"modified":"2023-10-26T14:58:14","modified_gmt":"2023-10-26T13:58:14","slug":"la-solitude-du-vainqueur","status":"publish","type":"product","link":"https:\/\/baralivres.ma\/?product=la-solitude-du-vainqueur","title":{"rendered":"La solitude du vainqueur"},"content":{"rendered":"<p>Au c\u0153ur du festival de Cannes, la c\u00e9l\u00e8bre Croisette foisonne d&rsquo;une multitude de personnes : des actrices en qu\u00eate de reconnaissance, des r\u00e9alisateurs influents, des acteurs renomm\u00e9s, et des touristes d\u00e9bordant d&rsquo;enthousiasme. Parmi cette foule, on trouve Igor, tourment\u00e9 par une r\u00e9cente rupture amoureuse et anim\u00e9 par une soif de vengeance ; Gabriela, une jeune actrice ambitieuse bien que quelque peu na\u00efve ; Jasmine, une mannequin rwandaise exil\u00e9e aux Pays-Bas ; Javits, un producteur puissant et controvers\u00e9 ; et Hamind Hussein, un styliste qui a gravi les \u00e9chelons de la c\u00e9l\u00e9brit\u00e9 \u00e0 partir de rien. Ils sont tous pr\u00eats \u00e0 tout pour atteindre les sommets de la richesse, du pouvoir et de la notori\u00e9t\u00e9, quels que soient les sacrifices \u00e0 consentir. Qui parviendra \u00e0 d\u00e9celer au milieu de ces r\u00eaves flamboyants en cin\u00e9mascope, le d\u00e9sir secret qui les anime, et \u00e0 le concr\u00e9tiser ?<\/p>\n","protected":false},"excerpt":{"rendered":"<p>\u00c0 Cannes, divers personnages assoiff\u00e9s de renomm\u00e9e et de succ\u00e8s poursuivent leurs r\u00eaves au prix de tout.<\/p>\n","protected":false},"featured_media":14563,"comment_status":"open","ping_status":"closed","template":"","meta":{"inline_featured_image":false},"product_cat":[204,143],"product_tag":[],"class_list":{"0":"post-14562","1":"product","2":"type-product","3":"status-publish","4":"has-post-thumbnail","6":"product_cat-francais","7":"product_cat-roman","8":"pa_auteurs-paulo-coelho","10":"first","11":"instock","12":"shipping-taxable","13":"purchasable","14":"product-type-simple"},"_links":{"self":[{"href":"https:\/\/baralivres.ma\/index.php?rest_route=\/wp\/v2\/product\/14562","targetHints":{"allow":["GET"]}}],"collection":[{"href":"https:\/\/baralivres.ma\/index.php?rest_route=\/wp\/v2\/product"}],"about":[{"href":"https:\/\/baralivres.ma\/index.php?rest_route=\/wp\/v2\/types\/product"}],"replies":[{"embeddable":true,"href":"https:\/\/baralivres.ma\/index.php?rest_route=%2Fwp%2Fv2%2Fcomments&post=14562"}],"version-history":[{"count":1,"href":"https:\/\/baralivres.ma\/index.php?rest_route=\/wp\/v2\/product\/14562\/revisions"}],"predecessor-version":[{"id":14564,"href":"https:\/\/baralivres.ma\/index.php?rest_route=\/wp\/v2\/product\/14562\/revisions\/14564"}],"wp:featuredmedia":[{"embeddable":true,"href":"https:\/\/baralivres.ma\/index.php?rest_route=\/wp\/v2\/media\/14563"}],"wp:attachment":[{"href":"https:\/\/baralivres.ma\/index.php?rest_route=%2Fwp%2Fv2%2Fmedia&parent=14562"}],"wp:term":[{"taxonomy":"product_cat","embeddable":true,"href":"https:\/\/baralivres.ma\/index.php?rest_route=%2Fwp%2Fv2%2Fproduct_cat&post=14562"},{"taxonomy":"product_tag","embeddable":true,"href":"https:\/\/baralivres.ma\/index.php?rest_route=%2Fwp%2Fv2%2Fproduct_tag&post=14562"}],"curies":[{"name":"wp","href":"https:\/\/api.w.org\/{rel}","templated":true}]}}