{"id":14559,"date":"2023-10-26T15:00:32","date_gmt":"2023-10-26T14:00:32","guid":{"rendered":"https:\/\/baralivres.ma\/?post_type=product&#038;p=14559"},"modified":"2023-10-26T15:02:40","modified_gmt":"2023-10-26T14:02:40","slug":"affaire-leon-sadorski","status":"publish","type":"product","link":"https:\/\/baralivres.ma\/?product=affaire-leon-sadorski","title":{"rendered":"Affaire L\u00e9on Sadorski"},"content":{"rendered":"<p>endant l&rsquo;occupation nazie \u00e0 Paris, l&rsquo;inspecteur L\u00e9on Sadorski collabore avec les autorit\u00e9s en d\u00e9non\u00e7ant les Juifs pour les envoyer \u00e0 Drancy, tout en profitant de pots-de-vin. Sa conduite le conduit enfin \u00e0 l&rsquo;attention de la Gestapo qui l&rsquo;arr\u00eate et le transfert \u00e0 Berlin. L\u00e0, il subit une s\u00e9rie d&rsquo;interrogatoires \u00e9prouvants, semblables \u00e0 ceux d\u00e9crits par Kafka. Les Allemands, dans le but du terroriser, cherchent \u00e0 en faire leur agent et lui confient une mission \u00ab\u00a0sp\u00e9ciale\u00a0\u00bb. De retour en France, lorsqu&rsquo;une jeune femme est sauvagement assassin\u00e9e et que la police SS intervient pour s&#8217;emparer de l&rsquo;affaire, Sadorski prend une d\u00e9cision audacieuse : faire lui-m\u00eame justice, malgr\u00e9 les innombrables dangers qui le guettent.<\/p>\n","protected":false},"excerpt":{"rendered":"<p>L&rsquo;inspecteur L\u00e9on Sadorski, collaborateur sous l&rsquo;occupation nazie, est m\u00eal\u00e9 \u00e0 une enqu\u00eate o\u00f9 la police SS entrave la justice. Une s\u00e9rie historique captivante.<\/p>\n","protected":false},"featured_media":14566,"comment_status":"open","ping_status":"closed","template":"","meta":{"inline_featured_image":false},"product_cat":[204,143],"product_tag":[],"class_list":{"0":"post-14559","1":"product","2":"type-product","3":"status-publish","4":"has-post-thumbnail","6":"product_cat-francais","7":"product_cat-roman","8":"pa_auteurs-romain-slocombe","10":"first","11":"instock","12":"shipping-taxable","13":"purchasable","14":"product-type-simple"},"_links":{"self":[{"href":"https:\/\/baralivres.ma\/index.php?rest_route=\/wp\/v2\/product\/14559","targetHints":{"allow":["GET"]}}],"collection":[{"href":"https:\/\/baralivres.ma\/index.php?rest_route=\/wp\/v2\/product"}],"about":[{"href":"https:\/\/baralivres.ma\/index.php?rest_route=\/wp\/v2\/types\/product"}],"replies":[{"embeddable":true,"href":"https:\/\/baralivres.ma\/index.php?rest_route=%2Fwp%2Fv2%2Fcomments&post=14559"}],"version-history":[{"count":2,"href":"https:\/\/baralivres.ma\/index.php?rest_route=\/wp\/v2\/product\/14559\/revisions"}],"predecessor-version":[{"id":14568,"href":"https:\/\/baralivres.ma\/index.php?rest_route=\/wp\/v2\/product\/14559\/revisions\/14568"}],"wp:featuredmedia":[{"embeddable":true,"href":"https:\/\/baralivres.ma\/index.php?rest_route=\/wp\/v2\/media\/14566"}],"wp:attachment":[{"href":"https:\/\/baralivres.ma\/index.php?rest_route=%2Fwp%2Fv2%2Fmedia&parent=14559"}],"wp:term":[{"taxonomy":"product_cat","embeddable":true,"href":"https:\/\/baralivres.ma\/index.php?rest_route=%2Fwp%2Fv2%2Fproduct_cat&post=14559"},{"taxonomy":"product_tag","embeddable":true,"href":"https:\/\/baralivres.ma\/index.php?rest_route=%2Fwp%2Fv2%2Fproduct_tag&post=14559"}],"curies":[{"name":"wp","href":"https:\/\/api.w.org\/{rel}","templated":true}]}}