{"id":14556,"date":"2023-10-26T14:55:08","date_gmt":"2023-10-26T13:55:08","guid":{"rendered":"https:\/\/baralivres.ma\/?post_type=product&#038;p=14556"},"modified":"2023-10-26T14:55:08","modified_gmt":"2023-10-26T13:55:08","slug":"adultere","status":"publish","type":"product","link":"https:\/\/baralivres.ma\/?product=adultere","title":{"rendered":"Adult\u00e8re"},"content":{"rendered":"<p>Un mari aimant, de beaux enfants, un m\u00e9tier gratifiant&#8230; Sur le papier, Linda a tout pour \u00eatre heureuse. Et pourtant, elle n&rsquo;est qu&rsquo;apathie et indiff\u00e9rence. Puis vient la rencontre avec un ancien petit ami. Jacob est devenu un homme politique de premier plan et r\u00e9veille en elle un sentiment perdu depuis longtemps : la passion. Mais pour conqu\u00e9rir cet amour impossible et trouver enfin le bonheur, elle devra puiser jusqu&rsquo;au plus profond d&rsquo;elle-m\u00eame.<\/p>\n","protected":false},"excerpt":{"rendered":"<p>Linda, en apparence combl\u00e9e, red\u00e9couvre la passion avec un ancien amour, homme politique, pour trouver le bonheur.<\/p>\n","protected":false},"featured_media":14560,"comment_status":"open","ping_status":"closed","template":"","meta":{"inline_featured_image":false},"product_cat":[204,143],"product_tag":[],"class_list":{"0":"post-14556","1":"product","2":"type-product","3":"status-publish","4":"has-post-thumbnail","6":"product_cat-francais","7":"product_cat-roman","8":"pa_auteurs-paulo-coelho","10":"first","11":"instock","12":"shipping-taxable","13":"purchasable","14":"product-type-simple"},"_links":{"self":[{"href":"https:\/\/baralivres.ma\/index.php?rest_route=\/wp\/v2\/product\/14556","targetHints":{"allow":["GET"]}}],"collection":[{"href":"https:\/\/baralivres.ma\/index.php?rest_route=\/wp\/v2\/product"}],"about":[{"href":"https:\/\/baralivres.ma\/index.php?rest_route=\/wp\/v2\/types\/product"}],"replies":[{"embeddable":true,"href":"https:\/\/baralivres.ma\/index.php?rest_route=%2Fwp%2Fv2%2Fcomments&post=14556"}],"version-history":[{"count":1,"href":"https:\/\/baralivres.ma\/index.php?rest_route=\/wp\/v2\/product\/14556\/revisions"}],"predecessor-version":[{"id":14561,"href":"https:\/\/baralivres.ma\/index.php?rest_route=\/wp\/v2\/product\/14556\/revisions\/14561"}],"wp:featuredmedia":[{"embeddable":true,"href":"https:\/\/baralivres.ma\/index.php?rest_route=\/wp\/v2\/media\/14560"}],"wp:attachment":[{"href":"https:\/\/baralivres.ma\/index.php?rest_route=%2Fwp%2Fv2%2Fmedia&parent=14556"}],"wp:term":[{"taxonomy":"product_cat","embeddable":true,"href":"https:\/\/baralivres.ma\/index.php?rest_route=%2Fwp%2Fv2%2Fproduct_cat&post=14556"},{"taxonomy":"product_tag","embeddable":true,"href":"https:\/\/baralivres.ma\/index.php?rest_route=%2Fwp%2Fv2%2Fproduct_tag&post=14556"}],"curies":[{"name":"wp","href":"https:\/\/api.w.org\/{rel}","templated":true}]}}