{"id":14547,"date":"2023-10-26T15:11:40","date_gmt":"2023-10-26T14:11:40","guid":{"rendered":"https:\/\/baralivres.ma\/?post_type=product&#038;p=14547"},"modified":"2023-10-26T15:11:41","modified_gmt":"2023-10-26T14:11:41","slug":"jaurais-voulu-etre-egyptien","status":"publish","type":"product","link":"https:\/\/baralivres.ma\/?product=jaurais-voulu-etre-egyptien","title":{"rendered":"J&rsquo;aurais voulu \u00eatre \u00e9gyptien"},"content":{"rendered":"<p>La c\u00e9l\u00e8bre citation de Mustapha Kamel, \u00ab\u00a0Si je n&rsquo;\u00e9tais pas n\u00e9 \u00e9gyptien, j&rsquo;aurais souhait\u00e9 \u00eatre \u00e9gyptien\u00a0\u00bb, illustre parfaitement le ton de ce recueil. Il pr\u00e9sente l&rsquo;\u00c9gypte \u00e0 travers les yeux d&rsquo;un \u00e9crivain profond\u00e9ment \u00e9pris de son pays, qui, \u00e0 travers des r\u00e9cits fictifs, r\u00e9v\u00e8le les dysfonctionnements et les contradictions d&rsquo;une soci\u00e9t\u00e9 en d\u00e9clin.<\/p>\n<p>Le premier de ces r\u00e9cits, intitul\u00e9 \u00ab\u00a0Celui qui s&rsquo;est approch\u00e9 et qui a vu\u00a0\u00bb, a \u00e9t\u00e9 interdit de publication par l&rsquo;Office du livre en raison d&rsquo;all\u00e9gations d&rsquo;outrage envers l&rsquo;\u00c9gypte. Pourtant, ce r\u00e9cit nous d\u00e9voile un monde o\u00f9 l&rsquo;hypocrisie et les faux-semblants r\u00e8gnent en ma\u00eetres. L&rsquo;auteur utilise une ironie incisive pour d\u00e9peindre des individus emprisonn\u00e9s dans l&rsquo;obscurantisme et soumis \u00e0 l&rsquo;arbitraire. Les personnages qui prennent vie sous sa plume rappellent l&rsquo;univers sombre de Dosto\u00efevski, mais transpos\u00e9 \u00e0 l&rsquo;ombre des pyramides.<\/p>\n<p>Ces r\u00e9cits, \u00e0 la fois tendres et cruels, abondent en personnages remarquables qui nous plongent dans un monde o\u00f9 l&rsquo;imagination laisse une empreinte profonde dans notre perception de la r\u00e9alit\u00e9.<\/p>\n","protected":false},"excerpt":{"rendered":"<p>Recueil met l&rsquo;\u00c9gypte en lumi\u00e8re, r\u00e9v\u00e9lant ses contradictions, faux-semblants, et personnages singuliers avec une touche d&rsquo;ironie cinglante.<\/p>\n","protected":false},"featured_media":14576,"comment_status":"open","ping_status":"closed","template":"","meta":{"inline_featured_image":false},"product_cat":[204,143],"product_tag":[],"class_list":{"0":"post-14547","1":"product","2":"type-product","3":"status-publish","4":"has-post-thumbnail","6":"product_cat-francais","7":"product_cat-roman","8":"pa_auteurs-alaa-el-aswany","10":"first","11":"instock","12":"shipping-taxable","13":"purchasable","14":"product-type-simple"},"_links":{"self":[{"href":"https:\/\/baralivres.ma\/index.php?rest_route=\/wp\/v2\/product\/14547","targetHints":{"allow":["GET"]}}],"collection":[{"href":"https:\/\/baralivres.ma\/index.php?rest_route=\/wp\/v2\/product"}],"about":[{"href":"https:\/\/baralivres.ma\/index.php?rest_route=\/wp\/v2\/types\/product"}],"replies":[{"embeddable":true,"href":"https:\/\/baralivres.ma\/index.php?rest_route=%2Fwp%2Fv2%2Fcomments&post=14547"}],"version-history":[{"count":1,"href":"https:\/\/baralivres.ma\/index.php?rest_route=\/wp\/v2\/product\/14547\/revisions"}],"predecessor-version":[{"id":14577,"href":"https:\/\/baralivres.ma\/index.php?rest_route=\/wp\/v2\/product\/14547\/revisions\/14577"}],"wp:featuredmedia":[{"embeddable":true,"href":"https:\/\/baralivres.ma\/index.php?rest_route=\/wp\/v2\/media\/14576"}],"wp:attachment":[{"href":"https:\/\/baralivres.ma\/index.php?rest_route=%2Fwp%2Fv2%2Fmedia&parent=14547"}],"wp:term":[{"taxonomy":"product_cat","embeddable":true,"href":"https:\/\/baralivres.ma\/index.php?rest_route=%2Fwp%2Fv2%2Fproduct_cat&post=14547"},{"taxonomy":"product_tag","embeddable":true,"href":"https:\/\/baralivres.ma\/index.php?rest_route=%2Fwp%2Fv2%2Fproduct_tag&post=14547"}],"curies":[{"name":"wp","href":"https:\/\/api.w.org\/{rel}","templated":true}]}}