{"id":14543,"date":"2023-10-26T14:36:52","date_gmt":"2023-10-26T13:36:52","guid":{"rendered":"https:\/\/baralivres.ma\/?post_type=product&#038;p=14543"},"modified":"2023-10-26T14:36:52","modified_gmt":"2023-10-26T13:36:52","slug":"hippie","status":"publish","type":"product","link":"https:\/\/baralivres.ma\/?product=hippie","title":{"rendered":"Hippie"},"content":{"rendered":"<p>Avec \u00ab\u00a0Hippie\u00a0\u00bb, l&rsquo;\u00e9minent \u00e9crivain Paulo Coelho pr\u00e9sente un roman autobiographique qui nous emm\u00e8ne \u00e0 l&rsquo;aube des ann\u00e9es 1970. Fuyant la dictature militaire br\u00e9silienne, Paulo a entrepris un voyage autour du monde \u00e0 la recherche de sa v\u00e9ritable voie, jusqu&rsquo;au moment o\u00f9 il croise la ravissante Karla \u00e0 Amsterdam. Ensemble, ils prennent la d\u00e9cision de se rendre au N\u00e9pal en empruntant le c\u00e9l\u00e8bre \u00ab\u00a0Magic Bus\u00a0\u00bb. Loin des st\u00e9r\u00e9otypes associ\u00e9s aux hippies, l&rsquo;auteur renomm\u00e9 de \u00ab\u00a0L&rsquo;Alchimiste\u00a0\u00bb nous offre un voyage sur la route empreint de profondeur et d&rsquo;humanit\u00e9, o\u00f9 la qu\u00eate de l&rsquo;amour occupe une place centrale dans sa r\u00e9flexion.<\/p>\n","protected":false},"excerpt":{"rendered":"<p>Paulo Coelho fuit la dictature br\u00e9silienne, voyage dans les ann\u00e9es 1970 \u00e0 la recherche de l&rsquo;amour.<\/p>\n","protected":false},"featured_media":14548,"comment_status":"open","ping_status":"closed","template":"","meta":{"inline_featured_image":false},"product_cat":[204,143],"product_tag":[],"class_list":{"0":"post-14543","1":"product","2":"type-product","3":"status-publish","4":"has-post-thumbnail","6":"product_cat-francais","7":"product_cat-roman","8":"pa_auteurs-paulo-coelho","10":"first","11":"instock","12":"shipping-taxable","13":"purchasable","14":"product-type-simple"},"_links":{"self":[{"href":"https:\/\/baralivres.ma\/index.php?rest_route=\/wp\/v2\/product\/14543","targetHints":{"allow":["GET"]}}],"collection":[{"href":"https:\/\/baralivres.ma\/index.php?rest_route=\/wp\/v2\/product"}],"about":[{"href":"https:\/\/baralivres.ma\/index.php?rest_route=\/wp\/v2\/types\/product"}],"replies":[{"embeddable":true,"href":"https:\/\/baralivres.ma\/index.php?rest_route=%2Fwp%2Fv2%2Fcomments&post=14543"}],"version-history":[{"count":1,"href":"https:\/\/baralivres.ma\/index.php?rest_route=\/wp\/v2\/product\/14543\/revisions"}],"predecessor-version":[{"id":14549,"href":"https:\/\/baralivres.ma\/index.php?rest_route=\/wp\/v2\/product\/14543\/revisions\/14549"}],"wp:featuredmedia":[{"embeddable":true,"href":"https:\/\/baralivres.ma\/index.php?rest_route=\/wp\/v2\/media\/14548"}],"wp:attachment":[{"href":"https:\/\/baralivres.ma\/index.php?rest_route=%2Fwp%2Fv2%2Fmedia&parent=14543"}],"wp:term":[{"taxonomy":"product_cat","embeddable":true,"href":"https:\/\/baralivres.ma\/index.php?rest_route=%2Fwp%2Fv2%2Fproduct_cat&post=14543"},{"taxonomy":"product_tag","embeddable":true,"href":"https:\/\/baralivres.ma\/index.php?rest_route=%2Fwp%2Fv2%2Fproduct_tag&post=14543"}],"curies":[{"name":"wp","href":"https:\/\/api.w.org\/{rel}","templated":true}]}}