{"id":14539,"date":"2023-10-26T14:28:45","date_gmt":"2023-10-26T13:28:45","guid":{"rendered":"https:\/\/baralivres.ma\/?post_type=product&#038;p=14539"},"modified":"2023-10-26T14:28:45","modified_gmt":"2023-10-26T13:28:45","slug":"lespionne","status":"publish","type":"product","link":"https:\/\/baralivres.ma\/?product=lespionne","title":{"rendered":"L&rsquo;espionne"},"content":{"rendered":"<p>Apr\u00e8s son arriv\u00e9e \u00e0 Paris sans le moindre sou, Mata Hari se distingue rapidement en tant que danseuse \u00e9toile au d\u00e9but du 20e si\u00e8cle. Elle demeure insaisissable et affiche une ind\u00e9pendance in\u00e9branlable, charmant le public tout en ensorcelant les hommes les plus riches et puissants de l&rsquo;\u00e9poque. Toutefois, son style de vie flamboyant d\u00e9clenche des scandales et suscite des suspicions, surtout alors que le climat de parano\u00efa envahit la nation en guerre. Accus\u00e9e d&rsquo;espionnage, son arrestation survient en 1917, dans sa chambre d&rsquo;h\u00f4tel sur les Champs-\u00c9lys\u00e9es. En donnant voix \u00e0 Mata Hari, Paulo Coelho nous livre le r\u00e9cit inoubliable de cette femme qui a pay\u00e9 de sa vie son amour pour la libert\u00e9.<\/p>\n","protected":false},"excerpt":{"rendered":"<p>Arriv\u00e9e \u00e0 Paris sans argent, Mata Hari devient danseuse vedette, s\u00e9duit puissants, scandale, espionnage, arrestation tragique.<\/p>\n","protected":false},"featured_media":14541,"comment_status":"open","ping_status":"closed","template":"","meta":{"inline_featured_image":false},"product_cat":[204,143],"product_tag":[],"class_list":{"0":"post-14539","1":"product","2":"type-product","3":"status-publish","4":"has-post-thumbnail","6":"product_cat-francais","7":"product_cat-roman","8":"pa_auteurs-paulo-coelho","10":"first","11":"instock","12":"shipping-taxable","13":"purchasable","14":"product-type-simple"},"_links":{"self":[{"href":"https:\/\/baralivres.ma\/index.php?rest_route=\/wp\/v2\/product\/14539","targetHints":{"allow":["GET"]}}],"collection":[{"href":"https:\/\/baralivres.ma\/index.php?rest_route=\/wp\/v2\/product"}],"about":[{"href":"https:\/\/baralivres.ma\/index.php?rest_route=\/wp\/v2\/types\/product"}],"replies":[{"embeddable":true,"href":"https:\/\/baralivres.ma\/index.php?rest_route=%2Fwp%2Fv2%2Fcomments&post=14539"}],"version-history":[{"count":1,"href":"https:\/\/baralivres.ma\/index.php?rest_route=\/wp\/v2\/product\/14539\/revisions"}],"predecessor-version":[{"id":14542,"href":"https:\/\/baralivres.ma\/index.php?rest_route=\/wp\/v2\/product\/14539\/revisions\/14542"}],"wp:featuredmedia":[{"embeddable":true,"href":"https:\/\/baralivres.ma\/index.php?rest_route=\/wp\/v2\/media\/14541"}],"wp:attachment":[{"href":"https:\/\/baralivres.ma\/index.php?rest_route=%2Fwp%2Fv2%2Fmedia&parent=14539"}],"wp:term":[{"taxonomy":"product_cat","embeddable":true,"href":"https:\/\/baralivres.ma\/index.php?rest_route=%2Fwp%2Fv2%2Fproduct_cat&post=14539"},{"taxonomy":"product_tag","embeddable":true,"href":"https:\/\/baralivres.ma\/index.php?rest_route=%2Fwp%2Fv2%2Fproduct_tag&post=14539"}],"curies":[{"name":"wp","href":"https:\/\/api.w.org\/{rel}","templated":true}]}}