{"id":14538,"date":"2023-10-26T14:30:44","date_gmt":"2023-10-26T13:30:44","guid":{"rendered":"https:\/\/baralivres.ma\/?post_type=product&#038;p=14538"},"modified":"2023-10-26T14:30:44","modified_gmt":"2023-10-26T13:30:44","slug":"larmee-du-salut","status":"publish","type":"product","link":"https:\/\/baralivres.ma\/?product=larmee-du-salut","title":{"rendered":"L&rsquo;Arm\u00e9e du salut"},"content":{"rendered":"<p><span>Dans une petite maison pr\u00e8s de Rabat, Abdellah grandit avec sa nombreuse famille. <\/span><span>Adolescence, il explore la sensualit\u00e9 avec son fr\u00e8re a\u00een\u00e9. <\/span><span>Quand ce dernier tombe amoureux, Abdellah se envoie d\u00e9laiss\u00e9. <\/span><span>Parti en Suisse, il ne trouve pas la libert\u00e9 tant esp\u00e9r\u00e9e, mais plut\u00f4t l&rsquo;exclusion et les d\u00e9ceptions amoureuses. <\/span><span>Abdellah Ta\u00efa, n\u00e9 en 1973 \u00e0 Sal\u00e9, Maroc, r\u00e9side \u00e0 Paris et poursuit un doctorat en lettres. <\/span><span>Il est l&rsquo;auteur de plusieurs \u0153uvres litt\u00e9raires, notamment \u00ab\u00a0Mon Maroc\u00a0\u00bb, \u00ab\u00a0Le Rouge du tarbouche\u00a0\u00bb, \u00ab\u00a0Maroc 1900-1960. Un certain regard\u00a0\u00bb (\u00e9crit en collaboration avec Fr\u00e9d\u00e9ric Mitterrand), et \u00ab\u00a0Une m\u00e9lancolie arabe\u00a0\u00bb. <\/span><span>Son style sobre aborde des sujets d\u00e9licats, voire scandaleux, d&rsquo;une mani\u00e8re unique.<\/span><\/p>\n","protected":false},"excerpt":{"rendered":"<p>Abdellah grandit dans une famille nombreuse \u00e0 Rabat, d\u00e9couvre la sensualit\u00e9 avec son fr\u00e8re, puis part en Suisse.<\/p>\n","protected":false},"featured_media":14540,"comment_status":"open","ping_status":"closed","template":"","meta":{"inline_featured_image":false},"product_cat":[204,143],"product_tag":[],"class_list":{"0":"post-14538","1":"product","2":"type-product","3":"status-publish","4":"has-post-thumbnail","6":"product_cat-francais","7":"product_cat-roman","8":"pa_auteurs-abdellah-taia","10":"first","11":"instock","12":"shipping-taxable","13":"purchasable","14":"product-type-simple"},"_links":{"self":[{"href":"https:\/\/baralivres.ma\/index.php?rest_route=\/wp\/v2\/product\/14538","targetHints":{"allow":["GET"]}}],"collection":[{"href":"https:\/\/baralivres.ma\/index.php?rest_route=\/wp\/v2\/product"}],"about":[{"href":"https:\/\/baralivres.ma\/index.php?rest_route=\/wp\/v2\/types\/product"}],"replies":[{"embeddable":true,"href":"https:\/\/baralivres.ma\/index.php?rest_route=%2Fwp%2Fv2%2Fcomments&post=14538"}],"version-history":[{"count":1,"href":"https:\/\/baralivres.ma\/index.php?rest_route=\/wp\/v2\/product\/14538\/revisions"}],"predecessor-version":[{"id":14544,"href":"https:\/\/baralivres.ma\/index.php?rest_route=\/wp\/v2\/product\/14538\/revisions\/14544"}],"wp:featuredmedia":[{"embeddable":true,"href":"https:\/\/baralivres.ma\/index.php?rest_route=\/wp\/v2\/media\/14540"}],"wp:attachment":[{"href":"https:\/\/baralivres.ma\/index.php?rest_route=%2Fwp%2Fv2%2Fmedia&parent=14538"}],"wp:term":[{"taxonomy":"product_cat","embeddable":true,"href":"https:\/\/baralivres.ma\/index.php?rest_route=%2Fwp%2Fv2%2Fproduct_cat&post=14538"},{"taxonomy":"product_tag","embeddable":true,"href":"https:\/\/baralivres.ma\/index.php?rest_route=%2Fwp%2Fv2%2Fproduct_tag&post=14538"}],"curies":[{"name":"wp","href":"https:\/\/api.w.org\/{rel}","templated":true}]}}