{"id":14534,"date":"2023-10-26T12:57:59","date_gmt":"2023-10-26T11:57:59","guid":{"rendered":"https:\/\/baralivres.ma\/?post_type=product&#038;p=14534"},"modified":"2023-10-26T13:59:03","modified_gmt":"2023-10-26T12:59:03","slug":"le-pain-nu","status":"publish","type":"product","link":"https:\/\/baralivres.ma\/?product=le-pain-nu","title":{"rendered":"Le Pain nu"},"content":{"rendered":"<p>Dans le Maroc des ann\u00e9es 1940, Mohamed, ayant assist\u00e9 au meurtre de son fr\u00e8re par son p\u00e8re, fuit et sombre dans la d\u00e9linquance. L&rsquo;\u0153uvre de Mohamed Choukri est crue, audacieuse, et devient culte. N\u00e9 dans le Rif marocain, Choukri [1935-2003] est un auteur \u00e9minent de la litt\u00e9rature arabe.<\/p>\n","protected":false},"excerpt":{"rendered":"<p>Dans le Maroc des ann\u00e9es 1940, Mohamed, traumatis\u00e9 par la mort de son fr\u00e8re \u00e0 la main de son p\u00e8re, erre \u00e0 Tanger, c\u00f4toyant la mis\u00e8re et la d\u00e9linquance. Son r\u00e9cit brut et audacieux est devenu culte. N\u00e9 au Rif marocain, Mohamed Choukri [1935-2003] est un \u00e9crivain majeur de la litt\u00e9rature arabe, notamment pour son roman \u00ab\u00a0Le Temps des erreurs\u00a0\u00bb.<\/p>\n","protected":false},"featured_media":14535,"comment_status":"open","ping_status":"closed","template":"","meta":{"inline_featured_image":false},"product_cat":[204,143],"product_tag":[],"class_list":{"0":"post-14534","1":"product","2":"type-product","3":"status-publish","4":"has-post-thumbnail","6":"product_cat-francais","7":"product_cat-roman","8":"pa_auteurs-mohamed-choukri","10":"first","11":"instock","12":"shipping-taxable","13":"purchasable","14":"product-type-simple"},"_links":{"self":[{"href":"https:\/\/baralivres.ma\/index.php?rest_route=\/wp\/v2\/product\/14534","targetHints":{"allow":["GET"]}}],"collection":[{"href":"https:\/\/baralivres.ma\/index.php?rest_route=\/wp\/v2\/product"}],"about":[{"href":"https:\/\/baralivres.ma\/index.php?rest_route=\/wp\/v2\/types\/product"}],"replies":[{"embeddable":true,"href":"https:\/\/baralivres.ma\/index.php?rest_route=%2Fwp%2Fv2%2Fcomments&post=14534"}],"version-history":[{"count":2,"href":"https:\/\/baralivres.ma\/index.php?rest_route=\/wp\/v2\/product\/14534\/revisions"}],"predecessor-version":[{"id":14537,"href":"https:\/\/baralivres.ma\/index.php?rest_route=\/wp\/v2\/product\/14534\/revisions\/14537"}],"wp:featuredmedia":[{"embeddable":true,"href":"https:\/\/baralivres.ma\/index.php?rest_route=\/wp\/v2\/media\/14535"}],"wp:attachment":[{"href":"https:\/\/baralivres.ma\/index.php?rest_route=%2Fwp%2Fv2%2Fmedia&parent=14534"}],"wp:term":[{"taxonomy":"product_cat","embeddable":true,"href":"https:\/\/baralivres.ma\/index.php?rest_route=%2Fwp%2Fv2%2Fproduct_cat&post=14534"},{"taxonomy":"product_tag","embeddable":true,"href":"https:\/\/baralivres.ma\/index.php?rest_route=%2Fwp%2Fv2%2Fproduct_tag&post=14534"}],"curies":[{"name":"wp","href":"https:\/\/api.w.org\/{rel}","templated":true}]}}