{"id":14530,"date":"2023-10-26T12:53:11","date_gmt":"2023-10-26T11:53:11","guid":{"rendered":"https:\/\/baralivres.ma\/?post_type=product&#038;p=14530"},"modified":"2023-10-26T12:53:11","modified_gmt":"2023-10-26T11:53:11","slug":"comme-le-fleuve-qui-coule","status":"publish","type":"product","link":"https:\/\/baralivres.ma\/?product=comme-le-fleuve-qui-coule","title":{"rendered":"Comme le fleuve qui coule"},"content":{"rendered":"<p>\u00ab\u00a0Ces pages renferment les r\u00e9cits de moments v\u00e9cus, des histoires transmises, ainsi que les r\u00e9flexions surgies durant certaines \u00e9tapes de mon parcours personnel. Ces textes, autrefois publi\u00e9s dans divers journaux \u00e0 travers le monde, ont \u00e9t\u00e9 revisit\u00e9s et rassembl\u00e9s dans cette collection. Ils constituent une part int\u00e9grante de ma vie, que je souhaite partager avec vous, mes chers lecteurs. \u00c0 travers &lsquo;Comme le fleuve qui coule&rsquo;, Paulo Coelho nous invite \u00e0 p\u00e9n\u00e9trer son univers d&rsquo;\u00e9crivain, o\u00f9 l&rsquo;ordinaire se transforme en r\u00e9cits imaginaires dot\u00e9s d&rsquo;une profonde dimension philosophique et p\u00e9dagogique, destin\u00e9s \u00e0 tous ceux et celles qui aspirent \u00e0 vivre en harmonie avec leur environnement.\u00a0\u00bb<\/p>\n","protected":false},"excerpt":{"rendered":"<p>Paulo Coelho partage r\u00e9cits, r\u00e9flexions, et histoires de sa vie pour inspirer harmonie et sagesse chez les lecteurs.<\/p>\n","protected":false},"featured_media":14532,"comment_status":"open","ping_status":"closed","template":"","meta":{"inline_featured_image":false},"product_cat":[204,143],"product_tag":[],"class_list":{"0":"post-14530","1":"product","2":"type-product","3":"status-publish","4":"has-post-thumbnail","6":"product_cat-francais","7":"product_cat-roman","8":"pa_auteurs-paulo-coelho","10":"first","11":"instock","12":"shipping-taxable","13":"purchasable","14":"product-type-simple"},"_links":{"self":[{"href":"https:\/\/baralivres.ma\/index.php?rest_route=\/wp\/v2\/product\/14530","targetHints":{"allow":["GET"]}}],"collection":[{"href":"https:\/\/baralivres.ma\/index.php?rest_route=\/wp\/v2\/product"}],"about":[{"href":"https:\/\/baralivres.ma\/index.php?rest_route=\/wp\/v2\/types\/product"}],"replies":[{"embeddable":true,"href":"https:\/\/baralivres.ma\/index.php?rest_route=%2Fwp%2Fv2%2Fcomments&post=14530"}],"version-history":[{"count":1,"href":"https:\/\/baralivres.ma\/index.php?rest_route=\/wp\/v2\/product\/14530\/revisions"}],"predecessor-version":[{"id":14533,"href":"https:\/\/baralivres.ma\/index.php?rest_route=\/wp\/v2\/product\/14530\/revisions\/14533"}],"wp:featuredmedia":[{"embeddable":true,"href":"https:\/\/baralivres.ma\/index.php?rest_route=\/wp\/v2\/media\/14532"}],"wp:attachment":[{"href":"https:\/\/baralivres.ma\/index.php?rest_route=%2Fwp%2Fv2%2Fmedia&parent=14530"}],"wp:term":[{"taxonomy":"product_cat","embeddable":true,"href":"https:\/\/baralivres.ma\/index.php?rest_route=%2Fwp%2Fv2%2Fproduct_cat&post=14530"},{"taxonomy":"product_tag","embeddable":true,"href":"https:\/\/baralivres.ma\/index.php?rest_route=%2Fwp%2Fv2%2Fproduct_tag&post=14530"}],"curies":[{"name":"wp","href":"https:\/\/api.w.org\/{rel}","templated":true}]}}