{"id":14523,"date":"2023-10-26T12:52:23","date_gmt":"2023-10-26T11:52:23","guid":{"rendered":"https:\/\/baralivres.ma\/?post_type=product&#038;p=14523"},"modified":"2023-10-26T12:52:23","modified_gmt":"2023-10-26T11:52:23","slug":"la-mere-du-printemps","status":"publish","type":"product","link":"https:\/\/baralivres.ma\/?product=la-mere-du-printemps","title":{"rendered":"La M\u00e8re du printemps"},"content":{"rendered":"<p><span>Lieu du d\u00e9sert, une arm\u00e9e de cavaliers arabes suit le cours de l&rsquo;Oum-er-Bia en 681, portant la nouvelle religion musulmane. Oqba ibn Nafi, un g\u00e9n\u00e9ral l\u00e9gendaire, aspire \u00e0 propager la foi du Proph\u00e8te en Afrique du Nord. De l&rsquo;autre c\u00f4t\u00e9 des montagnes, la communaut\u00e9 berb\u00e8re des A\u00eft Yafelman attend, d\u00e9sorient\u00e9e, l&rsquo;arriv\u00e9e de ce nouveau Dieu.<\/span><span>Driss Chra\u00efbi (1926-2007), n\u00e9 \u00e0 Mazagan, au Maroc, est reconnu comme l&rsquo;un des plus grands \u00e9crivains marocains de langue fran\u00e7aise, honor\u00e9 de nombreux prix litt\u00e9raires. Ses romans \u00ab\u00a0Une Enqu\u00eate au pays\u00a0\u00bb et \u00ab\u00a0Naissance \u00e0 l&rsquo;aube\u00a0\u00bb sont disponibles en Points.<\/span><\/p>\n","protected":false},"excerpt":{"rendered":"<p>Une arm\u00e9e de cavaliers arabes accompagne le g\u00e9n\u00e9ral Oqba ibn Nafi en 681 pour propager l&rsquo;islam en Afrique du Nord.<\/p>\n","protected":false},"featured_media":14529,"comment_status":"open","ping_status":"closed","template":"","meta":{"inline_featured_image":false},"product_cat":[204,143],"product_tag":[],"class_list":{"0":"post-14523","1":"product","2":"type-product","3":"status-publish","4":"has-post-thumbnail","6":"product_cat-francais","7":"product_cat-roman","8":"pa_auteurs-driss-chraibi","10":"first","11":"instock","12":"shipping-taxable","13":"purchasable","14":"product-type-simple"},"_links":{"self":[{"href":"https:\/\/baralivres.ma\/index.php?rest_route=\/wp\/v2\/product\/14523","targetHints":{"allow":["GET"]}}],"collection":[{"href":"https:\/\/baralivres.ma\/index.php?rest_route=\/wp\/v2\/product"}],"about":[{"href":"https:\/\/baralivres.ma\/index.php?rest_route=\/wp\/v2\/types\/product"}],"replies":[{"embeddable":true,"href":"https:\/\/baralivres.ma\/index.php?rest_route=%2Fwp%2Fv2%2Fcomments&post=14523"}],"version-history":[{"count":1,"href":"https:\/\/baralivres.ma\/index.php?rest_route=\/wp\/v2\/product\/14523\/revisions"}],"predecessor-version":[{"id":14531,"href":"https:\/\/baralivres.ma\/index.php?rest_route=\/wp\/v2\/product\/14523\/revisions\/14531"}],"wp:featuredmedia":[{"embeddable":true,"href":"https:\/\/baralivres.ma\/index.php?rest_route=\/wp\/v2\/media\/14529"}],"wp:attachment":[{"href":"https:\/\/baralivres.ma\/index.php?rest_route=%2Fwp%2Fv2%2Fmedia&parent=14523"}],"wp:term":[{"taxonomy":"product_cat","embeddable":true,"href":"https:\/\/baralivres.ma\/index.php?rest_route=%2Fwp%2Fv2%2Fproduct_cat&post=14523"},{"taxonomy":"product_tag","embeddable":true,"href":"https:\/\/baralivres.ma\/index.php?rest_route=%2Fwp%2Fv2%2Fproduct_tag&post=14523"}],"curies":[{"name":"wp","href":"https:\/\/api.w.org\/{rel}","templated":true}]}}