{"id":14520,"date":"2023-10-26T12:46:25","date_gmt":"2023-10-26T11:46:25","guid":{"rendered":"https:\/\/baralivres.ma\/?post_type=product&#038;p=14520"},"modified":"2023-10-26T12:46:25","modified_gmt":"2023-10-26T11:46:25","slug":"maktub","status":"publish","type":"product","link":"https:\/\/baralivres.ma\/?product=maktub","title":{"rendered":"Maktub"},"content":{"rendered":"<p>\u00ab\u00a0Le voyageur contemple sa own existence. Comme toute vie, elle est compos\u00e9e de fragments de tout ce qui lui est arriv\u00e9 : les exp\u00e9riences qu&rsquo;il a v\u00e9cues, des passages m\u00e9morables de livres qu&rsquo;il n&rsquo;a pas oubli\u00e9s, les enseignements de son mentor, les anecdotes jadis partag\u00e9es par ses amis, les m\u00e9ditations sur son \u00e9poque et les aspirations de sa g\u00e9n\u00e9ration&#8230; Il s&#8217;emploie \u00e0 d\u00e9crypter sa propre formation spirituelle.\u00a0\u00bb Maktub, une collection de paraboles inspir\u00e9es par diverses sources et folklore, repr\u00e9sente un tr\u00e9sor authentique de sagesse.<\/p>\n","protected":false},"excerpt":{"rendered":"<p>La vie d&rsquo;un voyageur refl\u00e8te ses exp\u00e9riences, lectures, enseignements, et il cherche \u00e0 comprendre sa spiritualit\u00e9.<\/p>\n","protected":false},"featured_media":14524,"comment_status":"open","ping_status":"closed","template":"","meta":{"inline_featured_image":false},"product_cat":[204,143],"product_tag":[],"class_list":{"0":"post-14520","1":"product","2":"type-product","3":"status-publish","4":"has-post-thumbnail","6":"product_cat-francais","7":"product_cat-roman","8":"pa_auteurs-paulo-coelho","10":"first","11":"instock","12":"shipping-taxable","13":"purchasable","14":"product-type-simple"},"_links":{"self":[{"href":"https:\/\/baralivres.ma\/index.php?rest_route=\/wp\/v2\/product\/14520","targetHints":{"allow":["GET"]}}],"collection":[{"href":"https:\/\/baralivres.ma\/index.php?rest_route=\/wp\/v2\/product"}],"about":[{"href":"https:\/\/baralivres.ma\/index.php?rest_route=\/wp\/v2\/types\/product"}],"replies":[{"embeddable":true,"href":"https:\/\/baralivres.ma\/index.php?rest_route=%2Fwp%2Fv2%2Fcomments&post=14520"}],"version-history":[{"count":1,"href":"https:\/\/baralivres.ma\/index.php?rest_route=\/wp\/v2\/product\/14520\/revisions"}],"predecessor-version":[{"id":14525,"href":"https:\/\/baralivres.ma\/index.php?rest_route=\/wp\/v2\/product\/14520\/revisions\/14525"}],"wp:featuredmedia":[{"embeddable":true,"href":"https:\/\/baralivres.ma\/index.php?rest_route=\/wp\/v2\/media\/14524"}],"wp:attachment":[{"href":"https:\/\/baralivres.ma\/index.php?rest_route=%2Fwp%2Fv2%2Fmedia&parent=14520"}],"wp:term":[{"taxonomy":"product_cat","embeddable":true,"href":"https:\/\/baralivres.ma\/index.php?rest_route=%2Fwp%2Fv2%2Fproduct_cat&post=14520"},{"taxonomy":"product_tag","embeddable":true,"href":"https:\/\/baralivres.ma\/index.php?rest_route=%2Fwp%2Fv2%2Fproduct_tag&post=14520"}],"curies":[{"name":"wp","href":"https:\/\/api.w.org\/{rel}","templated":true}]}}