{"id":14516,"date":"2023-10-26T12:45:05","date_gmt":"2023-10-26T11:45:05","guid":{"rendered":"https:\/\/baralivres.ma\/?post_type=product&#038;p=14516"},"modified":"2023-10-26T12:45:05","modified_gmt":"2023-10-26T11:45:05","slug":"une-enquete-au-pays","status":"publish","type":"product","link":"https:\/\/baralivres.ma\/?product=une-enquete-au-pays","title":{"rendered":"Une enqu\u00eate au pays"},"content":{"rendered":"<p><span>Au c\u0153ur du Haut-Atlas marocain, deux policiers se lancent dans une enqu\u00eate qui les confronte \u00e0 la nature grossi\u00e8re du paysage et \u00e0 la simplicit\u00e9 des habitants du village oubli\u00e9. <\/span><span>Driss Chra\u00efbi d\u00e9peint avec une touche d&rsquo;humour et de r\u00e9flexe<\/span><\/p>\n","protected":false},"excerpt":{"rendered":"<p>Au c\u0153ur du Haut-Atlas marocain, deux policiers enqu\u00eatent, d\u00e9couvrant la rudesse du paysage et des habitants.<\/p>\n","protected":false},"featured_media":14521,"comment_status":"open","ping_status":"closed","template":"","meta":{"inline_featured_image":false},"product_cat":[204,143],"product_tag":[],"class_list":{"0":"post-14516","1":"product","2":"type-product","3":"status-publish","4":"has-post-thumbnail","6":"product_cat-francais","7":"product_cat-roman","8":"pa_auteurs-driss-chraibi","10":"first","11":"instock","12":"shipping-taxable","13":"purchasable","14":"product-type-simple"},"_links":{"self":[{"href":"https:\/\/baralivres.ma\/index.php?rest_route=\/wp\/v2\/product\/14516","targetHints":{"allow":["GET"]}}],"collection":[{"href":"https:\/\/baralivres.ma\/index.php?rest_route=\/wp\/v2\/product"}],"about":[{"href":"https:\/\/baralivres.ma\/index.php?rest_route=\/wp\/v2\/types\/product"}],"replies":[{"embeddable":true,"href":"https:\/\/baralivres.ma\/index.php?rest_route=%2Fwp%2Fv2%2Fcomments&post=14516"}],"version-history":[{"count":1,"href":"https:\/\/baralivres.ma\/index.php?rest_route=\/wp\/v2\/product\/14516\/revisions"}],"predecessor-version":[{"id":14522,"href":"https:\/\/baralivres.ma\/index.php?rest_route=\/wp\/v2\/product\/14516\/revisions\/14522"}],"wp:featuredmedia":[{"embeddable":true,"href":"https:\/\/baralivres.ma\/index.php?rest_route=\/wp\/v2\/media\/14521"}],"wp:attachment":[{"href":"https:\/\/baralivres.ma\/index.php?rest_route=%2Fwp%2Fv2%2Fmedia&parent=14516"}],"wp:term":[{"taxonomy":"product_cat","embeddable":true,"href":"https:\/\/baralivres.ma\/index.php?rest_route=%2Fwp%2Fv2%2Fproduct_cat&post=14516"},{"taxonomy":"product_tag","embeddable":true,"href":"https:\/\/baralivres.ma\/index.php?rest_route=%2Fwp%2Fv2%2Fproduct_tag&post=14516"}],"curies":[{"name":"wp","href":"https:\/\/api.w.org\/{rel}","templated":true}]}}