{"id":14510,"date":"2023-10-26T12:39:50","date_gmt":"2023-10-26T11:39:50","guid":{"rendered":"https:\/\/baralivres.ma\/?post_type=product&#038;p=14510"},"modified":"2023-10-26T12:39:50","modified_gmt":"2023-10-26T11:39:50","slug":"la-sorciere-de-portobello","status":"publish","type":"product","link":"https:\/\/baralivres.ma\/?product=la-sorciere-de-portobello","title":{"rendered":"La sorci\u00e8re de Portobello"},"content":{"rendered":"<p>Ath\u00e9na, \u00e0 la fois charismatique et vuln\u00e9rable, est une jeune femme adopt\u00e9e par une famille libanaise vivant en exil \u00e0 Londres. Lors de ses ann\u00e9es universitaires, elle croise le chemin du futur p\u00e8re de son enfant, une rencontre qui bouleverse sa vie. Profond\u00e9ment transform\u00e9e par sa propre exp\u00e9rience de la maternit\u00e9, Ath\u00e9na entreprend un voyage \u00e0 la recherche de sa m\u00e8re biologique, une Tzigane roumaine. Dans ce r\u00e9cit, Paulo Coelho nous guide \u00e0 travers le parcours initiatique de la myst\u00e9rieuse Ath\u00e9na, en nous offrant le point de vue de ceux qui ont crois\u00e9 son chemin. C&rsquo;est une magnifique le\u00e7on de vie et d&rsquo;amour.<\/p>\n","protected":false},"excerpt":{"rendered":"<p>Ath\u00e9na, adopt\u00e9e par une famille libanaise \u00e0 Londres, cherche sa m\u00e8re biologique tzigane lors de sa maternit\u00e9.<\/p>\n","protected":false},"featured_media":14514,"comment_status":"open","ping_status":"closed","template":"","meta":{"inline_featured_image":false},"product_cat":[204,143],"product_tag":[],"class_list":{"0":"post-14510","1":"product","2":"type-product","3":"status-publish","4":"has-post-thumbnail","6":"product_cat-francais","7":"product_cat-roman","8":"pa_auteurs-paulo-coelho","10":"first","11":"instock","12":"shipping-taxable","13":"purchasable","14":"product-type-simple"},"_links":{"self":[{"href":"https:\/\/baralivres.ma\/index.php?rest_route=\/wp\/v2\/product\/14510","targetHints":{"allow":["GET"]}}],"collection":[{"href":"https:\/\/baralivres.ma\/index.php?rest_route=\/wp\/v2\/product"}],"about":[{"href":"https:\/\/baralivres.ma\/index.php?rest_route=\/wp\/v2\/types\/product"}],"replies":[{"embeddable":true,"href":"https:\/\/baralivres.ma\/index.php?rest_route=%2Fwp%2Fv2%2Fcomments&post=14510"}],"version-history":[{"count":1,"href":"https:\/\/baralivres.ma\/index.php?rest_route=\/wp\/v2\/product\/14510\/revisions"}],"predecessor-version":[{"id":14515,"href":"https:\/\/baralivres.ma\/index.php?rest_route=\/wp\/v2\/product\/14510\/revisions\/14515"}],"wp:featuredmedia":[{"embeddable":true,"href":"https:\/\/baralivres.ma\/index.php?rest_route=\/wp\/v2\/media\/14514"}],"wp:attachment":[{"href":"https:\/\/baralivres.ma\/index.php?rest_route=%2Fwp%2Fv2%2Fmedia&parent=14510"}],"wp:term":[{"taxonomy":"product_cat","embeddable":true,"href":"https:\/\/baralivres.ma\/index.php?rest_route=%2Fwp%2Fv2%2Fproduct_cat&post=14510"},{"taxonomy":"product_tag","embeddable":true,"href":"https:\/\/baralivres.ma\/index.php?rest_route=%2Fwp%2Fv2%2Fproduct_tag&post=14510"}],"curies":[{"name":"wp","href":"https:\/\/api.w.org\/{rel}","templated":true}]}}