{"id":14507,"date":"2023-10-26T12:37:34","date_gmt":"2023-10-26T11:37:34","guid":{"rendered":"https:\/\/baralivres.ma\/?post_type=product&#038;p=14507"},"modified":"2023-10-26T12:37:34","modified_gmt":"2023-10-26T11:37:34","slug":"le-manuscrit-retrouve","status":"publish","type":"product","link":"https:\/\/baralivres.ma\/?product=le-manuscrit-retrouve","title":{"rendered":"Le manuscrit retrouv\u00e9"},"content":{"rendered":"<p>Le 14 juillet 1099, alors que les crois\u00e9s approchent de J\u00e9rusalem, un homme \u00e9nigmatique appel\u00e9 le Copte rassemble les habitants de la ville pour partager ses derni\u00e8res pens\u00e9es. Cette assembl\u00e9e h\u00e9t\u00e9rog\u00e8ne, compos\u00e9e de chr\u00e9tiens, de juifs et de musulmans qui ont coexist\u00e9 pacifiquement, se pr\u00e9pare \u00e0 une bataille d\u00e9sesp\u00e9r\u00e9e. Cependant, au lieu de discuter de tactiques militaires, le Copte leur offre une le\u00e7on de vie profonde.<\/p>\n","protected":false},"excerpt":{"rendered":"<p>Le 14 juillet 1099, le Copte rassemble chr\u00e9tiens, juifs et musulmans \u00e0 J\u00e9rusalem pour une le\u00e7on de vie avant la bataille.<\/p>\n","protected":false},"featured_media":14508,"comment_status":"open","ping_status":"closed","template":"","meta":{"inline_featured_image":false},"product_cat":[204,143],"product_tag":[],"class_list":{"0":"post-14507","1":"product","2":"type-product","3":"status-publish","4":"has-post-thumbnail","6":"product_cat-francais","7":"product_cat-roman","8":"pa_auteurs-paulo-coelho","10":"first","11":"instock","12":"shipping-taxable","13":"purchasable","14":"product-type-simple"},"_links":{"self":[{"href":"https:\/\/baralivres.ma\/index.php?rest_route=\/wp\/v2\/product\/14507","targetHints":{"allow":["GET"]}}],"collection":[{"href":"https:\/\/baralivres.ma\/index.php?rest_route=\/wp\/v2\/product"}],"about":[{"href":"https:\/\/baralivres.ma\/index.php?rest_route=\/wp\/v2\/types\/product"}],"replies":[{"embeddable":true,"href":"https:\/\/baralivres.ma\/index.php?rest_route=%2Fwp%2Fv2%2Fcomments&post=14507"}],"version-history":[{"count":1,"href":"https:\/\/baralivres.ma\/index.php?rest_route=\/wp\/v2\/product\/14507\/revisions"}],"predecessor-version":[{"id":14509,"href":"https:\/\/baralivres.ma\/index.php?rest_route=\/wp\/v2\/product\/14507\/revisions\/14509"}],"wp:featuredmedia":[{"embeddable":true,"href":"https:\/\/baralivres.ma\/index.php?rest_route=\/wp\/v2\/media\/14508"}],"wp:attachment":[{"href":"https:\/\/baralivres.ma\/index.php?rest_route=%2Fwp%2Fv2%2Fmedia&parent=14507"}],"wp:term":[{"taxonomy":"product_cat","embeddable":true,"href":"https:\/\/baralivres.ma\/index.php?rest_route=%2Fwp%2Fv2%2Fproduct_cat&post=14507"},{"taxonomy":"product_tag","embeddable":true,"href":"https:\/\/baralivres.ma\/index.php?rest_route=%2Fwp%2Fv2%2Fproduct_tag&post=14507"}],"curies":[{"name":"wp","href":"https:\/\/api.w.org\/{rel}","templated":true}]}}