{"id":14506,"date":"2023-10-26T12:38:13","date_gmt":"2023-10-26T11:38:13","guid":{"rendered":"https:\/\/baralivres.ma\/?post_type=product&#038;p=14506"},"modified":"2023-10-26T12:39:51","modified_gmt":"2023-10-26T11:39:51","slug":"la-grande-maison","status":"publish","type":"product","link":"https:\/\/baralivres.ma\/?product=la-grande-maison","title":{"rendered":"La Grande Maison"},"content":{"rendered":"<p>Omar, un jeune gar\u00e7on alg\u00e9rien, vit dans la \u00ab\u00a0grande maison\u00a0\u00bb aux c\u00f4t\u00e9s de sa famille, o\u00f9 cohabitent les d\u00e9munis de la ville. Souvent \u00e0 la recherche de nourriture, il sillonne les rues, explorant le monde qui l&rsquo;entoure. Il d\u00e9couvre la vie myst\u00e9rieuse de son voisin, la force des femmes, les r\u00e9alit\u00e9s de la pauvret\u00e9 et de l&rsquo;injustice, ainsi que les rumeurs de la guerre imminente.<\/p>\n<p>Natif d&rsquo;Alg\u00e9rie, Mohammed Dib (1920-2003) a exerc\u00e9 le m\u00e9tier d&rsquo;instituteur et de journaliste avant de se consacrer \u00e0 l&rsquo;\u00e9criture, produisant des po\u00e8mes et des romans marquants. Ses \u0153uvres, telles que \u00ab\u00a0Cours sur la rive sauvage\u00a0\u00bb, \u00ab\u00a0La Grande Maison\u00a0\u00bb, \u00ab\u00a0L&rsquo;Incendie\u00a0\u00bb, \u00ab\u00a0Un \u00e9t\u00e9 africain\u00a0\u00bb, \u00ab\u00a0Le M\u00e9tier \u00e0 tisser\u00a0\u00bb et \u00ab\u00a0Le Ma\u00eetre de chasse\u00a0\u00bb, sont \u00e9galement disponibles en Points .<\/p>\n","protected":false},"excerpt":{"rendered":"<p>Omar, jeune Alg\u00e9rien, vit dans la \u00ab\u00a0grande maison\u00a0\u00bb des d\u00e9munis, d\u00e9couvre le monde, la pauvret\u00e9, l&rsquo;injustice, la guerre imminente.<\/p>\n","protected":false},"featured_media":14512,"comment_status":"open","ping_status":"closed","template":"","meta":{"inline_featured_image":false},"product_cat":[204,143],"product_tag":[],"class_list":{"0":"post-14506","1":"product","2":"type-product","3":"status-publish","4":"has-post-thumbnail","6":"product_cat-francais","7":"product_cat-roman","8":"pa_auteurs-mohammed-dib","10":"first","11":"instock","12":"shipping-taxable","13":"purchasable","14":"product-type-simple"},"_links":{"self":[{"href":"https:\/\/baralivres.ma\/index.php?rest_route=\/wp\/v2\/product\/14506","targetHints":{"allow":["GET"]}}],"collection":[{"href":"https:\/\/baralivres.ma\/index.php?rest_route=\/wp\/v2\/product"}],"about":[{"href":"https:\/\/baralivres.ma\/index.php?rest_route=\/wp\/v2\/types\/product"}],"replies":[{"embeddable":true,"href":"https:\/\/baralivres.ma\/index.php?rest_route=%2Fwp%2Fv2%2Fcomments&post=14506"}],"version-history":[{"count":2,"href":"https:\/\/baralivres.ma\/index.php?rest_route=\/wp\/v2\/product\/14506\/revisions"}],"predecessor-version":[{"id":14513,"href":"https:\/\/baralivres.ma\/index.php?rest_route=\/wp\/v2\/product\/14506\/revisions\/14513"}],"wp:featuredmedia":[{"embeddable":true,"href":"https:\/\/baralivres.ma\/index.php?rest_route=\/wp\/v2\/media\/14512"}],"wp:attachment":[{"href":"https:\/\/baralivres.ma\/index.php?rest_route=%2Fwp%2Fv2%2Fmedia&parent=14506"}],"wp:term":[{"taxonomy":"product_cat","embeddable":true,"href":"https:\/\/baralivres.ma\/index.php?rest_route=%2Fwp%2Fv2%2Fproduct_cat&post=14506"},{"taxonomy":"product_tag","embeddable":true,"href":"https:\/\/baralivres.ma\/index.php?rest_route=%2Fwp%2Fv2%2Fproduct_tag&post=14506"}],"curies":[{"name":"wp","href":"https:\/\/api.w.org\/{rel}","templated":true}]}}