{"id":14501,"date":"2023-10-26T12:34:22","date_gmt":"2023-10-26T11:34:22","guid":{"rendered":"https:\/\/baralivres.ma\/?post_type=product&#038;p=14501"},"modified":"2023-10-26T12:34:22","modified_gmt":"2023-10-26T11:34:22","slug":"brida","status":"publish","type":"product","link":"https:\/\/baralivres.ma\/?product=brida","title":{"rendered":"Brida"},"content":{"rendered":"<p>Brida, une jeune femme originaire d&rsquo;Irlande, a toujours ressenti une profonde aspiration \u00e0 explorer les myst\u00e8res de la magie et de la sorcellerie. Dans sa qu\u00eate, elle rencontre des individus emplis de sagesse, qui lui d\u00e9voilent les secrets du monde spirituel. Gr\u00e2ce \u00e0 eux, elle parvient \u00e0 surmonter ses peurs, \u00e0 cultiver sa foi en la bienveillance de l&rsquo;univers et \u00e0 harmoniser sa danse avec le rythme du monde qui l&rsquo;entoure. Cependant, l&rsquo;amour se m\u00eale \u00e0 son chemin, cr\u00e9ant ainsi un dilemme : Brida est-elle dispos\u00e9e \u00e0 tout abandonner pour embrasser la voie de la sorcellerie ?<\/p>\n","protected":false},"excerpt":{"rendered":"<p>Brida, jeune Irlandaise en qu\u00eate de magie, rencontre sagesse, transcendance, amour, et le choix de devenir sorci\u00e8re.<\/p>\n","protected":false},"featured_media":14504,"comment_status":"open","ping_status":"closed","template":"","meta":{"inline_featured_image":false},"product_cat":[204,143],"product_tag":[],"class_list":{"0":"post-14501","1":"product","2":"type-product","3":"status-publish","4":"has-post-thumbnail","6":"product_cat-francais","7":"product_cat-roman","8":"pa_auteurs-paulo-coelho","10":"first","11":"instock","12":"shipping-taxable","13":"purchasable","14":"product-type-simple"},"_links":{"self":[{"href":"https:\/\/baralivres.ma\/index.php?rest_route=\/wp\/v2\/product\/14501","targetHints":{"allow":["GET"]}}],"collection":[{"href":"https:\/\/baralivres.ma\/index.php?rest_route=\/wp\/v2\/product"}],"about":[{"href":"https:\/\/baralivres.ma\/index.php?rest_route=\/wp\/v2\/types\/product"}],"replies":[{"embeddable":true,"href":"https:\/\/baralivres.ma\/index.php?rest_route=%2Fwp%2Fv2%2Fcomments&post=14501"}],"version-history":[{"count":1,"href":"https:\/\/baralivres.ma\/index.php?rest_route=\/wp\/v2\/product\/14501\/revisions"}],"predecessor-version":[{"id":14505,"href":"https:\/\/baralivres.ma\/index.php?rest_route=\/wp\/v2\/product\/14501\/revisions\/14505"}],"wp:featuredmedia":[{"embeddable":true,"href":"https:\/\/baralivres.ma\/index.php?rest_route=\/wp\/v2\/media\/14504"}],"wp:attachment":[{"href":"https:\/\/baralivres.ma\/index.php?rest_route=%2Fwp%2Fv2%2Fmedia&parent=14501"}],"wp:term":[{"taxonomy":"product_cat","embeddable":true,"href":"https:\/\/baralivres.ma\/index.php?rest_route=%2Fwp%2Fv2%2Fproduct_cat&post=14501"},{"taxonomy":"product_tag","embeddable":true,"href":"https:\/\/baralivres.ma\/index.php?rest_route=%2Fwp%2Fv2%2Fproduct_tag&post=14501"}],"curies":[{"name":"wp","href":"https:\/\/api.w.org\/{rel}","templated":true}]}}