{"id":14498,"date":"2023-10-26T12:33:49","date_gmt":"2023-10-26T11:33:49","guid":{"rendered":"https:\/\/baralivres.ma\/?post_type=product&#038;p=14498"},"modified":"2023-10-26T12:33:49","modified_gmt":"2023-10-26T11:33:49","slug":"nedjma","status":"publish","type":"product","link":"https:\/\/baralivres.ma\/?product=nedjma","title":{"rendered":"Nedjma"},"content":{"rendered":"<p><span>Dans l&rsquo;Alg\u00e9rie fran\u00e7aise, quatre ouvriers berb\u00e8res subissent les abus de leur patron et les pr\u00e9jug\u00e9s des colons blancs au quotidien. Cependant, lorsque la nuit tombe, ils laissent \u00e9clater leur r\u00e9volte en s&rsquo;en prenant aux colons. Seule Nedjma, une fascinante m\u00e9tisse n\u00e9e de l&rsquo;amour entre leur terre natale et la France dominatrice et ingrate, parvient \u00e0 les apaiser.<\/span><\/p>\n","protected":false},"excerpt":{"rendered":"<p>Quatre ouvriers berb\u00e8res luttent contre l&rsquo;oppression des colons en Alg\u00e9rie fran\u00e7aise, et seule la m\u00e9tisse Nedjma les apaise.<\/p>\n","protected":false},"featured_media":14502,"comment_status":"open","ping_status":"closed","template":"","meta":{"inline_featured_image":false},"product_cat":[204,143],"product_tag":[],"class_list":{"0":"post-14498","1":"product","2":"type-product","3":"status-publish","4":"has-post-thumbnail","6":"product_cat-francais","7":"product_cat-roman","8":"pa_auteurs-yacine-kateb","10":"first","11":"instock","12":"shipping-taxable","13":"purchasable","14":"product-type-simple"},"_links":{"self":[{"href":"https:\/\/baralivres.ma\/index.php?rest_route=\/wp\/v2\/product\/14498","targetHints":{"allow":["GET"]}}],"collection":[{"href":"https:\/\/baralivres.ma\/index.php?rest_route=\/wp\/v2\/product"}],"about":[{"href":"https:\/\/baralivres.ma\/index.php?rest_route=\/wp\/v2\/types\/product"}],"replies":[{"embeddable":true,"href":"https:\/\/baralivres.ma\/index.php?rest_route=%2Fwp%2Fv2%2Fcomments&post=14498"}],"version-history":[{"count":1,"href":"https:\/\/baralivres.ma\/index.php?rest_route=\/wp\/v2\/product\/14498\/revisions"}],"predecessor-version":[{"id":14503,"href":"https:\/\/baralivres.ma\/index.php?rest_route=\/wp\/v2\/product\/14498\/revisions\/14503"}],"wp:featuredmedia":[{"embeddable":true,"href":"https:\/\/baralivres.ma\/index.php?rest_route=\/wp\/v2\/media\/14502"}],"wp:attachment":[{"href":"https:\/\/baralivres.ma\/index.php?rest_route=%2Fwp%2Fv2%2Fmedia&parent=14498"}],"wp:term":[{"taxonomy":"product_cat","embeddable":true,"href":"https:\/\/baralivres.ma\/index.php?rest_route=%2Fwp%2Fv2%2Fproduct_cat&post=14498"},{"taxonomy":"product_tag","embeddable":true,"href":"https:\/\/baralivres.ma\/index.php?rest_route=%2Fwp%2Fv2%2Fproduct_tag&post=14498"}],"curies":[{"name":"wp","href":"https:\/\/api.w.org\/{rel}","templated":true}]}}