{"id":14495,"date":"2023-10-26T12:31:10","date_gmt":"2023-10-26T11:31:10","guid":{"rendered":"https:\/\/baralivres.ma\/?post_type=product&#038;p=14495"},"modified":"2023-10-26T12:31:10","modified_gmt":"2023-10-26T11:31:10","slug":"le-zahir","status":"publish","type":"product","link":"https:\/\/baralivres.ma\/?product=le-zahir","title":{"rendered":"Le Zahir"},"content":{"rendered":"<p>Un \u00e9crivain de renom est pris au d\u00e9pourvu lorsque sa femme, Esther, une correspondante de guerre, dispara\u00eet de mani\u00e8re \u00e9nigmatique, laissant entendre qu&rsquo;elle l&rsquo;a quitt\u00e9 pour un autre. Malgr\u00e9 dix ans de mariage, il ne peut se r\u00e9soudre \u00e0 accepter son d\u00e9part sans une explication sinc\u00e8re. Progressivement, la femme qu&rsquo;il aime devient son Zahir, une obsession qui le pousse \u00e0 entreprendre un voyage \u00e0 la recherche de sa propre identit\u00e9. De Paris jusqu&rsquo;en Asie centrale, son p\u00e9riple lui ouvrira les yeux sur la v\u00e9ritable nature de l&rsquo;amour.<\/p>\n","protected":false},"excerpt":{"rendered":"<p>\u00c9crivain cherchant explication \u00e0 la myst\u00e9rieuse disparition d&rsquo;Esther, correspondante de guerre, d\u00e9couvre le vrai sens de l&rsquo;amour.<\/p>\n","protected":false},"featured_media":14499,"comment_status":"open","ping_status":"closed","template":"","meta":{"inline_featured_image":false},"product_cat":[204,143],"product_tag":[],"class_list":{"0":"post-14495","1":"product","2":"type-product","3":"status-publish","4":"has-post-thumbnail","6":"product_cat-francais","7":"product_cat-roman","8":"pa_auteurs-paulo-coelho","10":"first","11":"instock","12":"shipping-taxable","13":"purchasable","14":"product-type-simple"},"_links":{"self":[{"href":"https:\/\/baralivres.ma\/index.php?rest_route=\/wp\/v2\/product\/14495","targetHints":{"allow":["GET"]}}],"collection":[{"href":"https:\/\/baralivres.ma\/index.php?rest_route=\/wp\/v2\/product"}],"about":[{"href":"https:\/\/baralivres.ma\/index.php?rest_route=\/wp\/v2\/types\/product"}],"replies":[{"embeddable":true,"href":"https:\/\/baralivres.ma\/index.php?rest_route=%2Fwp%2Fv2%2Fcomments&post=14495"}],"version-history":[{"count":1,"href":"https:\/\/baralivres.ma\/index.php?rest_route=\/wp\/v2\/product\/14495\/revisions"}],"predecessor-version":[{"id":14500,"href":"https:\/\/baralivres.ma\/index.php?rest_route=\/wp\/v2\/product\/14495\/revisions\/14500"}],"wp:featuredmedia":[{"embeddable":true,"href":"https:\/\/baralivres.ma\/index.php?rest_route=\/wp\/v2\/media\/14499"}],"wp:attachment":[{"href":"https:\/\/baralivres.ma\/index.php?rest_route=%2Fwp%2Fv2%2Fmedia&parent=14495"}],"wp:term":[{"taxonomy":"product_cat","embeddable":true,"href":"https:\/\/baralivres.ma\/index.php?rest_route=%2Fwp%2Fv2%2Fproduct_cat&post=14495"},{"taxonomy":"product_tag","embeddable":true,"href":"https:\/\/baralivres.ma\/index.php?rest_route=%2Fwp%2Fv2%2Fproduct_tag&post=14495"}],"curies":[{"name":"wp","href":"https:\/\/api.w.org\/{rel}","templated":true}]}}