{"id":14492,"date":"2023-10-26T12:27:20","date_gmt":"2023-10-26T11:27:20","guid":{"rendered":"https:\/\/baralivres.ma\/?post_type=product&#038;p=14492"},"modified":"2023-10-26T12:27:20","modified_gmt":"2023-10-26T11:27:20","slug":"la-cinquieme-montagne","status":"publish","type":"product","link":"https:\/\/baralivres.ma\/?product=la-cinquieme-montagne","title":{"rendered":"La cinqui\u00e8me montagne"},"content":{"rendered":"<p>Fuyant Isra\u00ebl sur ordre divin, le proph\u00e8te \u00c9lie se retrouve \u00e0 Sarepta, une petite cit\u00e9 ph\u00e9nicienne assi\u00e9g\u00e9e par les Assyriens, et c&rsquo;est l\u00e0 qu&rsquo;il conna\u00eet la perte la plus douloureuse de sa vie : la femme qu&rsquo;il aime. Face \u00e0 cette \u00e9preuve, on pourrait se demander si la r\u00e9volte contre Dieu ne constitue pas une r\u00e9ponse l\u00e9gitime et profond\u00e9ment humaine. Comment un proph\u00e8te peut-il prot\u00e9ger son peuple des menaces qui p\u00e8sent sur lui lorsque le doute l&rsquo;envahit ? C&rsquo;est \u00e0 ce moment pr\u00e9cis qu&rsquo;un ange est envoy\u00e9 pour le rencontrer&#8230;<\/p>\n","protected":false},"excerpt":{"rendered":"<p>Le proph\u00e8te \u00c9lie, fuyant sur ordre divin, perd sa bien-aim\u00e9e \u00e0 Sarepta, confront\u00e9 \u00e0 des doutes, rencontre un ange.<\/p>\n","protected":false},"featured_media":14493,"comment_status":"open","ping_status":"closed","template":"","meta":{"inline_featured_image":false},"product_cat":[204,143],"product_tag":[],"class_list":{"0":"post-14492","1":"product","2":"type-product","3":"status-publish","4":"has-post-thumbnail","6":"product_cat-francais","7":"product_cat-roman","8":"pa_auteurs-paulo-coelho","10":"first","11":"instock","12":"shipping-taxable","13":"purchasable","14":"product-type-simple"},"_links":{"self":[{"href":"https:\/\/baralivres.ma\/index.php?rest_route=\/wp\/v2\/product\/14492","targetHints":{"allow":["GET"]}}],"collection":[{"href":"https:\/\/baralivres.ma\/index.php?rest_route=\/wp\/v2\/product"}],"about":[{"href":"https:\/\/baralivres.ma\/index.php?rest_route=\/wp\/v2\/types\/product"}],"replies":[{"embeddable":true,"href":"https:\/\/baralivres.ma\/index.php?rest_route=%2Fwp%2Fv2%2Fcomments&post=14492"}],"version-history":[{"count":1,"href":"https:\/\/baralivres.ma\/index.php?rest_route=\/wp\/v2\/product\/14492\/revisions"}],"predecessor-version":[{"id":14494,"href":"https:\/\/baralivres.ma\/index.php?rest_route=\/wp\/v2\/product\/14492\/revisions\/14494"}],"wp:featuredmedia":[{"embeddable":true,"href":"https:\/\/baralivres.ma\/index.php?rest_route=\/wp\/v2\/media\/14493"}],"wp:attachment":[{"href":"https:\/\/baralivres.ma\/index.php?rest_route=%2Fwp%2Fv2%2Fmedia&parent=14492"}],"wp:term":[{"taxonomy":"product_cat","embeddable":true,"href":"https:\/\/baralivres.ma\/index.php?rest_route=%2Fwp%2Fv2%2Fproduct_cat&post=14492"},{"taxonomy":"product_tag","embeddable":true,"href":"https:\/\/baralivres.ma\/index.php?rest_route=%2Fwp%2Fv2%2Fproduct_tag&post=14492"}],"curies":[{"name":"wp","href":"https:\/\/api.w.org\/{rel}","templated":true}]}}