{"id":14490,"date":"2023-10-26T12:29:03","date_gmt":"2023-10-26T11:29:03","guid":{"rendered":"https:\/\/baralivres.ma\/?post_type=product&#038;p=14490"},"modified":"2023-10-26T12:29:03","modified_gmt":"2023-10-26T11:29:03","slug":"la-poule-et-son-cumin","status":"publish","type":"product","link":"https:\/\/baralivres.ma\/?product=la-poule-et-son-cumin","title":{"rendered":"La Poule et son cumin"},"content":{"rendered":"<p><span>Ce roman explore la lutte des classes dans le Maroc contemporain \u00e0 travers les vies de deux jeunes femmes, Kenza et Fatiha, dont l&rsquo;amiti\u00e9 d&rsquo;enfance est confront\u00e9e \u00e0 la r\u00e9alit\u00e9 cruelle de la soci\u00e9t\u00e9 marocaine. <\/span><span>L&rsquo;histoire se d\u00e9roule sur une p\u00e9riode qui va de leur enfance \u00e0 leur r\u00e9union \u00e0 Casablanca en 2011. Durant cette p\u00e9riode, elles sont confront\u00e9es \u00e0 des trahisons et \u00e0 une soci\u00e9t\u00e9 qui r\u00e9prime l&rsquo;avortement et les relations amoureuses hors mariage. <\/span><span>L&rsquo;auteure, Zineb Mekouar, est n\u00e9e \u00e0 Casablanca en 1991 et vit \u00e0 Paris depuis 2009. Son premier ouvrage, \u00ab\u00a0La Poule et son cumin\u00a0\u00bb, a \u00e9t\u00e9 finaliste du Goncourt du premier roman 2022 et a re\u00e7u le coup de c\u0153ur de l &lsquo;\u00e9t\u00e9 2022 de l&rsquo;Acad\u00e9mie Goncourt.<\/span><\/p>\n","protected":false},"excerpt":{"rendered":"<p>Un roman captivant explorant les classes sociales au Maroc \u00e0 travers les destins de deux amies.<\/p>\n","protected":false},"featured_media":14496,"comment_status":"open","ping_status":"closed","template":"","meta":{"inline_featured_image":false},"product_cat":[204,143],"product_tag":[],"class_list":{"0":"post-14490","1":"product","2":"type-product","3":"status-publish","4":"has-post-thumbnail","6":"product_cat-francais","7":"product_cat-roman","8":"pa_auteurs-zineb-mekouar","10":"first","11":"instock","12":"shipping-taxable","13":"purchasable","14":"product-type-simple"},"_links":{"self":[{"href":"https:\/\/baralivres.ma\/index.php?rest_route=\/wp\/v2\/product\/14490","targetHints":{"allow":["GET"]}}],"collection":[{"href":"https:\/\/baralivres.ma\/index.php?rest_route=\/wp\/v2\/product"}],"about":[{"href":"https:\/\/baralivres.ma\/index.php?rest_route=\/wp\/v2\/types\/product"}],"replies":[{"embeddable":true,"href":"https:\/\/baralivres.ma\/index.php?rest_route=%2Fwp%2Fv2%2Fcomments&post=14490"}],"version-history":[{"count":1,"href":"https:\/\/baralivres.ma\/index.php?rest_route=\/wp\/v2\/product\/14490\/revisions"}],"predecessor-version":[{"id":14497,"href":"https:\/\/baralivres.ma\/index.php?rest_route=\/wp\/v2\/product\/14490\/revisions\/14497"}],"wp:featuredmedia":[{"embeddable":true,"href":"https:\/\/baralivres.ma\/index.php?rest_route=\/wp\/v2\/media\/14496"}],"wp:attachment":[{"href":"https:\/\/baralivres.ma\/index.php?rest_route=%2Fwp%2Fv2%2Fmedia&parent=14490"}],"wp:term":[{"taxonomy":"product_cat","embeddable":true,"href":"https:\/\/baralivres.ma\/index.php?rest_route=%2Fwp%2Fv2%2Fproduct_cat&post=14490"},{"taxonomy":"product_tag","embeddable":true,"href":"https:\/\/baralivres.ma\/index.php?rest_route=%2Fwp%2Fv2%2Fproduct_tag&post=14490"}],"curies":[{"name":"wp","href":"https:\/\/api.w.org\/{rel}","templated":true}]}}