{"id":14486,"date":"2023-10-26T12:23:03","date_gmt":"2023-10-26T11:23:03","guid":{"rendered":"https:\/\/baralivres.ma\/?post_type=product&#038;p=14486"},"modified":"2023-10-26T12:23:04","modified_gmt":"2023-10-26T11:23:04","slug":"la-voie-de-larcher","status":"publish","type":"product","link":"https:\/\/baralivres.ma\/?product=la-voie-de-larcher","title":{"rendered":"La Voie de l&rsquo;archer"},"content":{"rendered":"<p>Confront\u00e9 \u00e0 un archer exceptionnel venu le d\u00e9fier, le ma\u00eetre Tetsuya d\u00e9montre les profondeurs de son art. Impressionn\u00e9, un jeune villageois souhaite apprendre. Tetsuya accepte, mettant en avant l&rsquo;importance de la \u00ab\u00a0Voie de l&rsquo;archer\u00a0\u00bb pour une vie meilleure. Dans l&rsquo;esprit de L&rsquo;Alchimiste, Paulo Coelho offre un conte po\u00e9tique \u00e9clairant les choix de chacun.<\/p>\n","protected":false},"excerpt":{"rendered":"<p>Tetsuya, archer ma\u00eetre, partage sa sagesse avec un apprenti, r\u00e9v\u00e9lant la \u00ab\u00a0Voie de l&rsquo;archer\u00a0\u00bb et la vie.<\/p>\n","protected":false},"featured_media":14489,"comment_status":"open","ping_status":"closed","template":"","meta":{"inline_featured_image":false},"product_cat":[204,143],"product_tag":[],"class_list":{"0":"post-14486","1":"product","2":"type-product","3":"status-publish","4":"has-post-thumbnail","6":"product_cat-francais","7":"product_cat-roman","8":"pa_auteurs-paulo-coelho","10":"first","11":"instock","12":"shipping-taxable","13":"purchasable","14":"product-type-simple"},"_links":{"self":[{"href":"https:\/\/baralivres.ma\/index.php?rest_route=\/wp\/v2\/product\/14486","targetHints":{"allow":["GET"]}}],"collection":[{"href":"https:\/\/baralivres.ma\/index.php?rest_route=\/wp\/v2\/product"}],"about":[{"href":"https:\/\/baralivres.ma\/index.php?rest_route=\/wp\/v2\/types\/product"}],"replies":[{"embeddable":true,"href":"https:\/\/baralivres.ma\/index.php?rest_route=%2Fwp%2Fv2%2Fcomments&post=14486"}],"version-history":[{"count":1,"href":"https:\/\/baralivres.ma\/index.php?rest_route=\/wp\/v2\/product\/14486\/revisions"}],"predecessor-version":[{"id":14491,"href":"https:\/\/baralivres.ma\/index.php?rest_route=\/wp\/v2\/product\/14486\/revisions\/14491"}],"wp:featuredmedia":[{"embeddable":true,"href":"https:\/\/baralivres.ma\/index.php?rest_route=\/wp\/v2\/media\/14489"}],"wp:attachment":[{"href":"https:\/\/baralivres.ma\/index.php?rest_route=%2Fwp%2Fv2%2Fmedia&parent=14486"}],"wp:term":[{"taxonomy":"product_cat","embeddable":true,"href":"https:\/\/baralivres.ma\/index.php?rest_route=%2Fwp%2Fv2%2Fproduct_cat&post=14486"},{"taxonomy":"product_tag","embeddable":true,"href":"https:\/\/baralivres.ma\/index.php?rest_route=%2Fwp%2Fv2%2Fproduct_tag&post=14486"}],"curies":[{"name":"wp","href":"https:\/\/api.w.org\/{rel}","templated":true}]}}