{"id":14472,"date":"2023-10-26T12:11:39","date_gmt":"2023-10-26T11:11:39","guid":{"rendered":"https:\/\/baralivres.ma\/?post_type=product&#038;p=14472"},"modified":"2023-10-26T12:11:40","modified_gmt":"2023-10-26T11:11:40","slug":"automobile-club-degypte","status":"publish","type":"product","link":"https:\/\/baralivres.ma\/?product=automobile-club-degypte","title":{"rendered":"Automobile Club d&rsquo;\u00c9gypte"},"content":{"rendered":"<p>\u00c0 la fin des ann\u00e9es 1940, au sein de l&rsquo;Automobile Club du Caire, l&rsquo;\u00c9gypte \u00e9tait un lieu de rencontres entre les \u00e9lites \u00e9gyptiennes et europ\u00e9ennes. Le roi en personne participait r\u00e9guli\u00e8rement \u00e0 des parties de poker, cr\u00e9ant une atmosph\u00e8re m\u00ealant extravagance, opulence et d\u00e9cadence, confin\u00e9e aux luxueux salons. Cependant, en coulisses, un personnel venu de Haute-\u00c9gypte et de Nubie, dirig\u00e9 par l&rsquo;implacable chambellan du roi, El-Kwo, travaillait sans rel\u00e2che pour satisfaire les besoins de Sa Majest\u00e9. Ce chambellan \u00e9tait \u00e9galement le chef supr\u00eame de tous les employ\u00e9s des palais royaux, contr\u00f4lant minutieusement leur modeste existence et promouvant l&rsquo;art de la soumission.<\/p>\n<p>Parmi les \u00ab\u00a0sujets\u00a0\u00bb d&rsquo;El-Kwo figurait Abdelaziz Hamam, un descendant d&rsquo;une famille puissante d\u00e9sormais appauvrie, qui avait d\u00e9m\u00e9nag\u00e9 au Caire dans l&rsquo;espoir d&rsquo;offrir une \u00e9ducation \u00e0 ses enfants. En suivant les trajectoires contrast\u00e9es de ses enfants, on pouvait discerner les tensions de l&rsquo;\u00c9gypte pr\u00e9-nass\u00e9rienne : l&rsquo;arrogance des classes dirigeantes, la mis\u00e8re des laiss\u00e9s-pour-compte et l&rsquo;\u00e9mergence du nationalisme. Les fissures dans le syst\u00e8me se multipliaient, et au sein de l&rsquo;Automobile Club, o\u00f9 la pr\u00e9sence d&rsquo;un domestique \u00e0 la peau noire ajoutait une touche d&rsquo;\u00e9l\u00e9gance, les pr\u00e9mices des bouleversements \u00e0 venir et de la r\u00e9volution qui allait embraser le pays \u00e9taient palpables.<\/p>\n<p>Alaa El Aswany, engag\u00e9 et humaniste, renoue ici avec le style narratif vivant et captivant de son c\u00e9l\u00e8bre ouvrage \u00ab\u00a0L&rsquo;Immeuble Yacoubian\u00a0\u00bb. Il ne cesse d&rsquo;insister sur la seule voie qu&rsquo;il estime juste pour son pays : la construction d&rsquo;une d\u00e9mocratie \u00e9gyptienne.<\/p>\n","protected":false},"excerpt":{"rendered":"<p>Dans le Cairo des ann\u00e9es 1940, \u00e9lites, pauvres, nationalisme, bouleversement social, et d\u00e9mocratie, sous Alaa El Aswany.<\/p>\n","protected":false},"featured_media":14478,"comment_status":"open","ping_status":"closed","template":"","meta":{"inline_featured_image":false},"product_cat":[204,143],"product_tag":[],"class_list":{"0":"post-14472","1":"product","2":"type-product","3":"status-publish","4":"has-post-thumbnail","6":"product_cat-francais","7":"product_cat-roman","8":"pa_auteurs-alaa-el-aswany","10":"first","11":"instock","12":"shipping-taxable","13":"purchasable","14":"product-type-simple"},"_links":{"self":[{"href":"https:\/\/baralivres.ma\/index.php?rest_route=\/wp\/v2\/product\/14472","targetHints":{"allow":["GET"]}}],"collection":[{"href":"https:\/\/baralivres.ma\/index.php?rest_route=\/wp\/v2\/product"}],"about":[{"href":"https:\/\/baralivres.ma\/index.php?rest_route=\/wp\/v2\/types\/product"}],"replies":[{"embeddable":true,"href":"https:\/\/baralivres.ma\/index.php?rest_route=%2Fwp%2Fv2%2Fcomments&post=14472"}],"version-history":[{"count":1,"href":"https:\/\/baralivres.ma\/index.php?rest_route=\/wp\/v2\/product\/14472\/revisions"}],"predecessor-version":[{"id":14479,"href":"https:\/\/baralivres.ma\/index.php?rest_route=\/wp\/v2\/product\/14472\/revisions\/14479"}],"wp:featuredmedia":[{"embeddable":true,"href":"https:\/\/baralivres.ma\/index.php?rest_route=\/wp\/v2\/media\/14478"}],"wp:attachment":[{"href":"https:\/\/baralivres.ma\/index.php?rest_route=%2Fwp%2Fv2%2Fmedia&parent=14472"}],"wp:term":[{"taxonomy":"product_cat","embeddable":true,"href":"https:\/\/baralivres.ma\/index.php?rest_route=%2Fwp%2Fv2%2Fproduct_cat&post=14472"},{"taxonomy":"product_tag","embeddable":true,"href":"https:\/\/baralivres.ma\/index.php?rest_route=%2Fwp%2Fv2%2Fproduct_tag&post=14472"}],"curies":[{"name":"wp","href":"https:\/\/api.w.org\/{rel}","templated":true}]}}