{"id":14469,"date":"2023-10-26T12:00:45","date_gmt":"2023-10-26T11:00:45","guid":{"rendered":"https:\/\/baralivres.ma\/?post_type=product&#038;p=14469"},"modified":"2024-11-28T17:15:11","modified_gmt":"2024-11-28T16:15:11","slug":"lassommoir","status":"publish","type":"product","link":"https:\/\/baralivres.ma\/?product=lassommoir","title":{"rendered":"L&rsquo;Assommoir"},"content":{"rendered":"<p><span>Maltrait\u00e9e dans son enfance, boiteuse de naissance mais d&rsquo;une grande beaut\u00e9, Gervaise devient m\u00e8re \u00e0 14 ans et est abandonn\u00e9e par son amant Lantier. <\/span><span>Elle \u00e9pouse Coupeau, un ouvrier zingueur qui sombre dans l&rsquo;alcool apr\u00e8s un accident. <\/span><span>Le couple, jadis joyeux, se perd dans la mis\u00e8re et l&rsquo;ivrognerie. <\/span><span>Zola d\u00e9peint leur descente aux enfers avec compassion, mettant en lumi\u00e8re les ravages de l&rsquo;alcool dans la classe ouvri\u00e8re de Paris. <\/span><span>En 1877, il \u00e9crit \u00ab\u00a0L&rsquo;Assommoir\u00a0\u00bb pour d\u00e9noncer les cons\u00e9quences d\u00e9vastatrices de l&rsquo;eau-de-vie dans le quartier de la Goutte d&rsquo;Or.<\/span><\/p>\n","protected":false},"excerpt":{"rendered":"<p>Gervaise, malheureuse, \u00e9pouse Coupeau, sombrant dans l&rsquo;alcool, d\u00e9peint dans \u00ab\u00a0L&rsquo;Assommoir\u00a0\u00bb par Zola, critiquant les ravages de l&rsquo;alcool.<\/p>\n","protected":false},"featured_media":14475,"comment_status":"open","ping_status":"closed","template":"","meta":{"inline_featured_image":false},"product_cat":[4097,4096],"product_tag":[],"class_list":{"0":"post-14469","1":"product","2":"type-product","3":"status-publish","4":"has-post-thumbnail","6":"product_cat-francais-les_romans_classique","7":"product_cat-les_romans_classique","8":"pa_auteurs-emile-zola","10":"first","11":"instock","12":"shipping-taxable","13":"purchasable","14":"product-type-simple"},"_links":{"self":[{"href":"https:\/\/baralivres.ma\/index.php?rest_route=\/wp\/v2\/product\/14469","targetHints":{"allow":["GET"]}}],"collection":[{"href":"https:\/\/baralivres.ma\/index.php?rest_route=\/wp\/v2\/product"}],"about":[{"href":"https:\/\/baralivres.ma\/index.php?rest_route=\/wp\/v2\/types\/product"}],"replies":[{"embeddable":true,"href":"https:\/\/baralivres.ma\/index.php?rest_route=%2Fwp%2Fv2%2Fcomments&post=14469"}],"version-history":[{"count":1,"href":"https:\/\/baralivres.ma\/index.php?rest_route=\/wp\/v2\/product\/14469\/revisions"}],"predecessor-version":[{"id":14476,"href":"https:\/\/baralivres.ma\/index.php?rest_route=\/wp\/v2\/product\/14469\/revisions\/14476"}],"wp:featuredmedia":[{"embeddable":true,"href":"https:\/\/baralivres.ma\/index.php?rest_route=\/wp\/v2\/media\/14475"}],"wp:attachment":[{"href":"https:\/\/baralivres.ma\/index.php?rest_route=%2Fwp%2Fv2%2Fmedia&parent=14469"}],"wp:term":[{"taxonomy":"product_cat","embeddable":true,"href":"https:\/\/baralivres.ma\/index.php?rest_route=%2Fwp%2Fv2%2Fproduct_cat&post=14469"},{"taxonomy":"product_tag","embeddable":true,"href":"https:\/\/baralivres.ma\/index.php?rest_route=%2Fwp%2Fv2%2Fproduct_tag&post=14469"}],"curies":[{"name":"wp","href":"https:\/\/api.w.org\/{rel}","templated":true}]}}