{"id":14462,"date":"2023-10-26T11:53:52","date_gmt":"2023-10-26T10:53:52","guid":{"rendered":"https:\/\/baralivres.ma\/?post_type=product&#038;p=14462"},"modified":"2023-10-26T11:53:53","modified_gmt":"2023-10-26T10:53:53","slug":"les-cerfs-volants-de-kaboul","status":"publish","type":"product","link":"https:\/\/baralivres.ma\/?product=les-cerfs-volants-de-kaboul","title":{"rendered":"Les cerfs-volants de Kaboul"},"content":{"rendered":"<p>Dans les ann\u00e9es 70, Amir et Hassan, qui \u00e9taient comme des fr\u00e8res en grandissant, partageaient le plaisir de faire voler des cerfs-volants dans le ciel de Kaboul. Cependant, leur relation a \u00e9t\u00e9 marqu\u00e9e par un \u00e9v\u00e9nement tragique lorsque, un jour, Amir a abandonn\u00e9 Hassan, laissant derri\u00e8re lui un destin sombre, avant de fuir aux \u00c9tats-Unis. Deux d\u00e9cennies plus tard, Amir, en qu\u00eate de r\u00e9demption, sera confront\u00e9 \u00e0 un Afghanistan d\u00e9chir\u00e9 par le r\u00e9gime des talibans et aux fardeaux de son propre pass\u00e9.<\/p>\n","protected":false},"excerpt":{"rendered":"<p>Amir et Hassan, amis d&rsquo;enfance \u00e0 Kaboul, s\u00e9par\u00e9s par un acte regrettable, se retrouvent dans un Afghanistan sous les talibans.<\/p>\n","protected":false},"featured_media":14463,"comment_status":"open","ping_status":"closed","template":"","meta":{"inline_featured_image":false},"product_cat":[204,143],"product_tag":[],"class_list":{"0":"post-14462","1":"product","2":"type-product","3":"status-publish","4":"has-post-thumbnail","6":"product_cat-francais","7":"product_cat-roman","8":"pa_auteurs-khaled-hosseini","10":"first","11":"instock","12":"shipping-taxable","13":"purchasable","14":"product-type-simple"},"_links":{"self":[{"href":"https:\/\/baralivres.ma\/index.php?rest_route=\/wp\/v2\/product\/14462","targetHints":{"allow":["GET"]}}],"collection":[{"href":"https:\/\/baralivres.ma\/index.php?rest_route=\/wp\/v2\/product"}],"about":[{"href":"https:\/\/baralivres.ma\/index.php?rest_route=\/wp\/v2\/types\/product"}],"replies":[{"embeddable":true,"href":"https:\/\/baralivres.ma\/index.php?rest_route=%2Fwp%2Fv2%2Fcomments&post=14462"}],"version-history":[{"count":1,"href":"https:\/\/baralivres.ma\/index.php?rest_route=\/wp\/v2\/product\/14462\/revisions"}],"predecessor-version":[{"id":14464,"href":"https:\/\/baralivres.ma\/index.php?rest_route=\/wp\/v2\/product\/14462\/revisions\/14464"}],"wp:featuredmedia":[{"embeddable":true,"href":"https:\/\/baralivres.ma\/index.php?rest_route=\/wp\/v2\/media\/14463"}],"wp:attachment":[{"href":"https:\/\/baralivres.ma\/index.php?rest_route=%2Fwp%2Fv2%2Fmedia&parent=14462"}],"wp:term":[{"taxonomy":"product_cat","embeddable":true,"href":"https:\/\/baralivres.ma\/index.php?rest_route=%2Fwp%2Fv2%2Fproduct_cat&post=14462"},{"taxonomy":"product_tag","embeddable":true,"href":"https:\/\/baralivres.ma\/index.php?rest_route=%2Fwp%2Fv2%2Fproduct_tag&post=14462"}],"curies":[{"name":"wp","href":"https:\/\/api.w.org\/{rel}","templated":true}]}}