{"id":14454,"date":"2023-10-26T11:49:48","date_gmt":"2023-10-26T10:49:48","guid":{"rendered":"https:\/\/baralivres.ma\/?post_type=product&#038;p=14454"},"modified":"2023-10-26T11:49:48","modified_gmt":"2023-10-26T10:49:48","slug":"mille-soleils-splendides","status":"publish","type":"product","link":"https:\/\/baralivres.ma\/?product=mille-soleils-splendides","title":{"rendered":"Mille soleils splendides"},"content":{"rendered":"<p>Contrainte d&rsquo;\u00e9pouser un homme trente ans plus \u00e2g\u00e9 qu&rsquo;elle, un islamiste cruel ressemblant \u00e0 Barbe Bleue, Mariam endure sa col\u00e8re face \u00e0 son incapacit\u00e9 \u00e0 lui donner un fils. Apr\u00e8s dix-huit ans de soumission \u00e0 cet homme brutal, elle est confront\u00e9e \u00e0 un nouvel affront : l&rsquo;arriv\u00e9e de Laila, une jeune voisine de 14 ans, que Rachid d\u00e9cide d&rsquo;\u00e9pouser en secondes noces. Les ann\u00e9es s&rsquo;\u00e9coulent, sombres comme des veill\u00e9es fun\u00e8bres, avec l&rsquo;assassinat de Massoud et l&rsquo;ascension des Talibans. De rivales, Mariam et Laila se transforment en alli\u00e9es, en s\u0153urs d&rsquo;infortune, face \u00e0 la tyrannie de leurs p\u00e8res, de leurs maris et des lois inhumaines qui les oppriment. Dans leur prison int\u00e9rieure, elles rassemblent leur courage pour tenter de fuir l&rsquo;Afghanistan et de se rendre au Pakistan, esp\u00e9rant \u00e9chapper \u00e0 la folie meurtri\u00e8re qui a saisi leur terre natale, Kaboul, o\u00f9 les \u00e9clats du pass\u00e9 ont \u00e9t\u00e9 engloutis par des flots de sang.<\/p>\n","protected":false},"excerpt":{"rendered":"<p>Mariam et Laila unies contre la tyrannie des hommes, cherchant \u00e0 fuir l&rsquo;Afghanistan ravag\u00e9 par la guerre.<\/p>\n","protected":false},"featured_media":14460,"comment_status":"open","ping_status":"closed","template":"","meta":{"inline_featured_image":false},"product_cat":[204,143],"product_tag":[],"class_list":{"0":"post-14454","1":"product","2":"type-product","3":"status-publish","4":"has-post-thumbnail","6":"product_cat-francais","7":"product_cat-roman","8":"pa_auteurs-khaled-hosseini","10":"first","11":"instock","12":"shipping-taxable","13":"purchasable","14":"product-type-simple"},"_links":{"self":[{"href":"https:\/\/baralivres.ma\/index.php?rest_route=\/wp\/v2\/product\/14454","targetHints":{"allow":["GET"]}}],"collection":[{"href":"https:\/\/baralivres.ma\/index.php?rest_route=\/wp\/v2\/product"}],"about":[{"href":"https:\/\/baralivres.ma\/index.php?rest_route=\/wp\/v2\/types\/product"}],"replies":[{"embeddable":true,"href":"https:\/\/baralivres.ma\/index.php?rest_route=%2Fwp%2Fv2%2Fcomments&post=14454"}],"version-history":[{"count":1,"href":"https:\/\/baralivres.ma\/index.php?rest_route=\/wp\/v2\/product\/14454\/revisions"}],"predecessor-version":[{"id":14461,"href":"https:\/\/baralivres.ma\/index.php?rest_route=\/wp\/v2\/product\/14454\/revisions\/14461"}],"wp:featuredmedia":[{"embeddable":true,"href":"https:\/\/baralivres.ma\/index.php?rest_route=\/wp\/v2\/media\/14460"}],"wp:attachment":[{"href":"https:\/\/baralivres.ma\/index.php?rest_route=%2Fwp%2Fv2%2Fmedia&parent=14454"}],"wp:term":[{"taxonomy":"product_cat","embeddable":true,"href":"https:\/\/baralivres.ma\/index.php?rest_route=%2Fwp%2Fv2%2Fproduct_cat&post=14454"},{"taxonomy":"product_tag","embeddable":true,"href":"https:\/\/baralivres.ma\/index.php?rest_route=%2Fwp%2Fv2%2Fproduct_tag&post=14454"}],"curies":[{"name":"wp","href":"https:\/\/api.w.org\/{rel}","templated":true}]}}