{"id":14453,"date":"2023-10-26T11:49:31","date_gmt":"2023-10-26T10:49:31","guid":{"rendered":"https:\/\/baralivres.ma\/?post_type=product&#038;p=14453"},"modified":"2023-10-26T11:49:31","modified_gmt":"2023-10-26T10:49:31","slug":"limmeuble-yacoubian","status":"publish","type":"product","link":"https:\/\/baralivres.ma\/?product=limmeuble-yacoubian","title":{"rendered":"L&rsquo;Immeuble Yacoubian"},"content":{"rendered":"<p>Au c\u0153ur du Caire se dresse l&rsquo;immeuble Yacoubian, qui joue un r\u00f4le central dans le roman en permettant de relater une partie importante de l&rsquo;histoire \u00e9gyptienne, couvrant les d\u00e9cennies allant des ann\u00e9es 1930 \u00e0 nos jours. En 2006, Marwan Hamed a port\u00e9 ce livre \u00e0 l&rsquo;\u00e9cran, faisant de lui un succ\u00e8s \u00e9ditorial mondial.<\/p>\n","protected":false},"excerpt":{"rendered":"<p>L&rsquo;immeuble Yacoubian, t\u00e9moin de l&rsquo;histoire \u00e9gyptienne, devient un ph\u00e9nom\u00e8ne mondial gr\u00e2ce \u00e0 son adaptation cin\u00e9matographique.<\/p>\n","protected":false},"featured_media":14458,"comment_status":"open","ping_status":"closed","template":"","meta":{"inline_featured_image":false},"product_cat":[204,143],"product_tag":[],"class_list":{"0":"post-14453","1":"product","2":"type-product","3":"status-publish","4":"has-post-thumbnail","6":"product_cat-francais","7":"product_cat-roman","8":"pa_auteurs-alaa-el-aswany","10":"first","11":"instock","12":"shipping-taxable","13":"purchasable","14":"product-type-simple"},"_links":{"self":[{"href":"https:\/\/baralivres.ma\/index.php?rest_route=\/wp\/v2\/product\/14453","targetHints":{"allow":["GET"]}}],"collection":[{"href":"https:\/\/baralivres.ma\/index.php?rest_route=\/wp\/v2\/product"}],"about":[{"href":"https:\/\/baralivres.ma\/index.php?rest_route=\/wp\/v2\/types\/product"}],"replies":[{"embeddable":true,"href":"https:\/\/baralivres.ma\/index.php?rest_route=%2Fwp%2Fv2%2Fcomments&post=14453"}],"version-history":[{"count":1,"href":"https:\/\/baralivres.ma\/index.php?rest_route=\/wp\/v2\/product\/14453\/revisions"}],"predecessor-version":[{"id":14459,"href":"https:\/\/baralivres.ma\/index.php?rest_route=\/wp\/v2\/product\/14453\/revisions\/14459"}],"wp:featuredmedia":[{"embeddable":true,"href":"https:\/\/baralivres.ma\/index.php?rest_route=\/wp\/v2\/media\/14458"}],"wp:attachment":[{"href":"https:\/\/baralivres.ma\/index.php?rest_route=%2Fwp%2Fv2%2Fmedia&parent=14453"}],"wp:term":[{"taxonomy":"product_cat","embeddable":true,"href":"https:\/\/baralivres.ma\/index.php?rest_route=%2Fwp%2Fv2%2Fproduct_cat&post=14453"},{"taxonomy":"product_tag","embeddable":true,"href":"https:\/\/baralivres.ma\/index.php?rest_route=%2Fwp%2Fv2%2Fproduct_tag&post=14453"}],"curies":[{"name":"wp","href":"https:\/\/api.w.org\/{rel}","templated":true}]}}