{"id":14448,"date":"2023-10-26T11:44:05","date_gmt":"2023-10-26T10:44:05","guid":{"rendered":"https:\/\/baralivres.ma\/?post_type=product&#038;p=14448"},"modified":"2023-10-26T11:44:05","modified_gmt":"2023-10-26T10:44:05","slug":"10-minutes-et-38-secondes-dans-ce-monde-etrange","status":"publish","type":"product","link":"https:\/\/baralivres.ma\/?product=10-minutes-et-38-secondes-dans-ce-monde-etrange","title":{"rendered":"10 minutes et 38 secondes dans ce monde \u00e9trange"},"content":{"rendered":"<p>Et si, apr\u00e8s notre d\u00e9c\u00e8s, notre esprit continuait de fonctionner pendant une courte p\u00e9riode, pr\u00e9cis\u00e9ment pendant 10 minutes et 38 secondes ? C&rsquo;est le sort tragique qui attend Leila, une jeune prostitu\u00e9e violemment assassin\u00e9e dans les rues d&rsquo;Istanbul. Alors que son corps g\u00eet jet\u00e9 dans une poubelle, elle a ces pr\u00e9cieuses minutes pour se replonger dans les souvenirs qui ont forg\u00e9 son chemin de l&rsquo;Anatolie aux quartiers les plus sordides de la ville. \u00c0 travers le r\u00e9cit de l&rsquo;\u00e9crivaine Elif Shafak, nous d\u00e9couvrons le parcours de cette fille de bonne famille dont le destin a bascul\u00e9, tout en explorant l&rsquo;histoire de nombreuses autres femmes dans la Turquie contemporaine.<\/p>\n","protected":false},"excerpt":{"rendered":"<p>L&rsquo;esprit post-mortem de Leila revisite son parcours, d\u00e9voilant la vie des femmes en Turquie contemporaine.<\/p>\n","protected":false},"featured_media":14450,"comment_status":"open","ping_status":"closed","template":"","meta":{"inline_featured_image":false},"product_cat":[204,143],"product_tag":[],"class_list":{"0":"post-14448","1":"product","2":"type-product","3":"status-publish","4":"has-post-thumbnail","6":"product_cat-francais","7":"product_cat-roman","8":"pa_auteurs-elif-shafak","10":"first","11":"instock","12":"shipping-taxable","13":"purchasable","14":"product-type-simple"},"_links":{"self":[{"href":"https:\/\/baralivres.ma\/index.php?rest_route=\/wp\/v2\/product\/14448","targetHints":{"allow":["GET"]}}],"collection":[{"href":"https:\/\/baralivres.ma\/index.php?rest_route=\/wp\/v2\/product"}],"about":[{"href":"https:\/\/baralivres.ma\/index.php?rest_route=\/wp\/v2\/types\/product"}],"replies":[{"embeddable":true,"href":"https:\/\/baralivres.ma\/index.php?rest_route=%2Fwp%2Fv2%2Fcomments&post=14448"}],"version-history":[{"count":1,"href":"https:\/\/baralivres.ma\/index.php?rest_route=\/wp\/v2\/product\/14448\/revisions"}],"predecessor-version":[{"id":14451,"href":"https:\/\/baralivres.ma\/index.php?rest_route=\/wp\/v2\/product\/14448\/revisions\/14451"}],"wp:featuredmedia":[{"embeddable":true,"href":"https:\/\/baralivres.ma\/index.php?rest_route=\/wp\/v2\/media\/14450"}],"wp:attachment":[{"href":"https:\/\/baralivres.ma\/index.php?rest_route=%2Fwp%2Fv2%2Fmedia&parent=14448"}],"wp:term":[{"taxonomy":"product_cat","embeddable":true,"href":"https:\/\/baralivres.ma\/index.php?rest_route=%2Fwp%2Fv2%2Fproduct_cat&post=14448"},{"taxonomy":"product_tag","embeddable":true,"href":"https:\/\/baralivres.ma\/index.php?rest_route=%2Fwp%2Fv2%2Fproduct_tag&post=14448"}],"curies":[{"name":"wp","href":"https:\/\/api.w.org\/{rel}","templated":true}]}}