{"id":14445,"date":"2023-10-26T11:47:08","date_gmt":"2023-10-26T10:47:08","guid":{"rendered":"https:\/\/baralivres.ma\/?post_type=product&#038;p=14445"},"modified":"2023-10-26T11:47:08","modified_gmt":"2023-10-26T10:47:08","slug":"therese-raquin","status":"publish","type":"product","link":"https:\/\/baralivres.ma\/?product=therese-raquin","title":{"rendered":"Th\u00e9r\u00e8se Raquin"},"content":{"rendered":"<p><span>\u00c9lev\u00e9e par sa tante dans le dessein d&rsquo;\u00e9pouser son cousin, Th\u00e9r\u00e8se se fit prisonni\u00e8re de sa vie clo\u00eetr\u00e9e et de l&#8217;emplacement sombre de la mercerie de Mme Raquin sur le Pont-Neuf. <\/span><span>Sa sensualit\u00e9 refoul\u00e9e s&rsquo;\u00e9veille lorsqu&rsquo;elle devient la ma\u00eetresse de Laurent, un peintre en \u00e9chec. <\/span><span>Ils conspirent pour noyer son mari. <\/span><span>Dans ce r\u00e9cit, Zola explore des th\u00e8mes d&rsquo;\u00e2pret\u00e9, de sexualit\u00e9 et de crime, offrant un regard impitoyable sur la condition humaine.<\/span><\/p>\n","protected":false},"excerpt":{"rendered":"<p>Th\u00e9r\u00e8se, \u00e9lev\u00e9e pour \u00e9pouser son cousin, se rebelle, devient amante de Laurent, et ensemble, ils complotent un meurtre.<\/p>\n","protected":false},"featured_media":14455,"comment_status":"open","ping_status":"closed","template":"","meta":{"inline_featured_image":false},"product_cat":[204,143],"product_tag":[],"class_list":{"0":"post-14445","1":"product","2":"type-product","3":"status-publish","4":"has-post-thumbnail","6":"product_cat-francais","7":"product_cat-roman","8":"pa_auteurs-emile-zola","10":"first","11":"instock","12":"shipping-taxable","13":"purchasable","14":"product-type-simple"},"_links":{"self":[{"href":"https:\/\/baralivres.ma\/index.php?rest_route=\/wp\/v2\/product\/14445","targetHints":{"allow":["GET"]}}],"collection":[{"href":"https:\/\/baralivres.ma\/index.php?rest_route=\/wp\/v2\/product"}],"about":[{"href":"https:\/\/baralivres.ma\/index.php?rest_route=\/wp\/v2\/types\/product"}],"replies":[{"embeddable":true,"href":"https:\/\/baralivres.ma\/index.php?rest_route=%2Fwp%2Fv2%2Fcomments&post=14445"}],"version-history":[{"count":1,"href":"https:\/\/baralivres.ma\/index.php?rest_route=\/wp\/v2\/product\/14445\/revisions"}],"predecessor-version":[{"id":14456,"href":"https:\/\/baralivres.ma\/index.php?rest_route=\/wp\/v2\/product\/14445\/revisions\/14456"}],"wp:featuredmedia":[{"embeddable":true,"href":"https:\/\/baralivres.ma\/index.php?rest_route=\/wp\/v2\/media\/14455"}],"wp:attachment":[{"href":"https:\/\/baralivres.ma\/index.php?rest_route=%2Fwp%2Fv2%2Fmedia&parent=14445"}],"wp:term":[{"taxonomy":"product_cat","embeddable":true,"href":"https:\/\/baralivres.ma\/index.php?rest_route=%2Fwp%2Fv2%2Fproduct_cat&post=14445"},{"taxonomy":"product_tag","embeddable":true,"href":"https:\/\/baralivres.ma\/index.php?rest_route=%2Fwp%2Fv2%2Fproduct_tag&post=14445"}],"curies":[{"name":"wp","href":"https:\/\/api.w.org\/{rel}","templated":true}]}}