{"id":14442,"date":"2023-10-26T11:41:24","date_gmt":"2023-10-26T10:41:24","guid":{"rendered":"https:\/\/baralivres.ma\/?post_type=product&#038;p=14442"},"modified":"2023-10-26T11:41:25","modified_gmt":"2023-10-26T10:41:25","slug":"white","status":"publish","type":"product","link":"https:\/\/baralivres.ma\/?product=white","title":{"rendered":"White"},"content":{"rendered":"<p>\u00ab\u00a0White\u00a0\u00bb repr\u00e9sente la premi\u00e8re incursion de Bret Easton Ellis dans le domaine de la non-fiction, mais il se r\u00e9v\u00e8le \u00eatre une \u0153uvre qui semble tout dire tout en n&rsquo;exprimant presque rien. On pourrait le d\u00e9crire en utilisant une formule \u00e0 la mani\u00e8re d&rsquo;Andy Warhol, qui condense les contradictions du livre tout en camouflant ses intentions. Ce livre partage une ironie similaire \u00e0 \u00ab\u00a0Moins que z\u00e9ro\u00a0\u00bb, la froideur d'\u00a0\u00bbAmerican Psycho\u00a0\u00bb, la menace de \u00ab\u00a0Glamorama\u00a0\u00bb, la complexit\u00e9 de \u00ab\u00a0Lunar Park\u00a0\u00bb et l&rsquo;implacabilit\u00e9 de \u00ab\u00a0Suite(s) imp\u00e9riale(s)\u00a0\u00bb. Contrairement aux st\u00e9r\u00e9otypes communs, Bret Easton Ellis reste plus \u00e9nigmatique que jamais, offrant une analyse mordante des \u00c9tats-Unis, \u00e0 la fois ludique et provocatrice, r\u00e9elle et fausse, facile \u00e0 lire mais difficile \u00e0 d\u00e9crypter, et, surtout, ne devant pas \u00eatre pris trop au s\u00e9rieux.<\/p>\n<p>\u00ab\u00a0White\u00a0\u00bb semble traiter de tout en apparence, mais il peut \u00eatre interpr\u00e9t\u00e9 \u00e0 travers le prisme du destin singulier d'\u00a0\u00bbAmerican Psycho\u00a0\u00bb. Ce roman d&rsquo;horreur de 1991 a \u00e9t\u00e9 transform\u00e9 en com\u00e9die musicale \u00e0 Broadway vingt-cinq ans plus tard. Ellis avait autrefois d\u00e9clar\u00e9 \u00ab\u00a0Patrick Bateman, c&rsquo;est moi\u00a0\u00bb, mais il a abandonn\u00e9 cette affirmation. L&rsquo;id\u00e9e sous-jacente est : et si Patrick Bateman \u00e9tait devenu pr\u00e9sident ?<\/p>\n","protected":false},"excerpt":{"rendered":"<p>\u00ab\u00a0White\u00a0\u00bb de Bret Easton Ellis explore l&rsquo;ambigu\u00eft\u00e9 am\u00e9ricaine avec ironie, m\u00e9langeant fiction et r\u00e9alit\u00e9, d\u00e9fiant les attentes.<\/p>\n","protected":false},"featured_media":14446,"comment_status":"open","ping_status":"closed","template":"","meta":{"inline_featured_image":false},"product_cat":[204,143],"product_tag":[],"class_list":{"0":"post-14442","1":"product","2":"type-product","3":"status-publish","4":"has-post-thumbnail","6":"product_cat-francais","7":"product_cat-roman","8":"pa_auteurs-bret-easton-ellis","10":"first","11":"instock","12":"shipping-taxable","13":"purchasable","14":"product-type-simple"},"_links":{"self":[{"href":"https:\/\/baralivres.ma\/index.php?rest_route=\/wp\/v2\/product\/14442","targetHints":{"allow":["GET"]}}],"collection":[{"href":"https:\/\/baralivres.ma\/index.php?rest_route=\/wp\/v2\/product"}],"about":[{"href":"https:\/\/baralivres.ma\/index.php?rest_route=\/wp\/v2\/types\/product"}],"replies":[{"embeddable":true,"href":"https:\/\/baralivres.ma\/index.php?rest_route=%2Fwp%2Fv2%2Fcomments&post=14442"}],"version-history":[{"count":1,"href":"https:\/\/baralivres.ma\/index.php?rest_route=\/wp\/v2\/product\/14442\/revisions"}],"predecessor-version":[{"id":14447,"href":"https:\/\/baralivres.ma\/index.php?rest_route=\/wp\/v2\/product\/14442\/revisions\/14447"}],"wp:featuredmedia":[{"embeddable":true,"href":"https:\/\/baralivres.ma\/index.php?rest_route=\/wp\/v2\/media\/14446"}],"wp:attachment":[{"href":"https:\/\/baralivres.ma\/index.php?rest_route=%2Fwp%2Fv2%2Fmedia&parent=14442"}],"wp:term":[{"taxonomy":"product_cat","embeddable":true,"href":"https:\/\/baralivres.ma\/index.php?rest_route=%2Fwp%2Fv2%2Fproduct_cat&post=14442"},{"taxonomy":"product_tag","embeddable":true,"href":"https:\/\/baralivres.ma\/index.php?rest_route=%2Fwp%2Fv2%2Fproduct_tag&post=14442"}],"curies":[{"name":"wp","href":"https:\/\/api.w.org\/{rel}","templated":true}]}}