{"id":14440,"date":"2023-10-26T11:44:08","date_gmt":"2023-10-26T10:44:08","guid":{"rendered":"https:\/\/baralivres.ma\/?post_type=product&#038;p=14440"},"modified":"2023-10-26T11:44:08","modified_gmt":"2023-10-26T10:44:08","slug":"chicago","status":"publish","type":"product","link":"https:\/\/baralivres.ma\/?product=chicago","title":{"rendered":"Chicago"},"content":{"rendered":"<p>Alaa El Aswany nous plonge dans la mythique et sulfureuse ville de Chicago, au sein du microcosme d&rsquo;un d\u00e9partement universitaire, o\u00f9 il recr\u00e9e une petite \u00c9gypte en exil. Gr\u00e2ce \u00e0 sa ma\u00eetrise pour cr\u00e9er une multitude de personnages et tisser des intrigues captivantes, l&rsquo;auteur compose un magnifique roman polyphonique, entrela\u00e7ant les destins de ceux qui cherchent leur place dans un monde contemporain complexe, marqu\u00e9s par des vies perturb\u00e9es par leur transplantation dans un environnement \u00e0 la fois \u00e9trange et \u00e9tranger.<\/p>\n<p>L&rsquo;annonce de la visite officielle du pr\u00e9sident \u00e9gyptien \u00e0 Chicago d\u00e9clenche l&rsquo;action du syst\u00e8me de s\u00e9curit\u00e9 de l&rsquo;ambassade, visant \u00e0 prot\u00e9ger et rassurer une Am\u00e9rique encore marqu\u00e9e par les traumatismes des attentats du 11 Septembre. Cette dimension politique conf\u00e8re au passionnant roman \u00ab\u00a0Chicago\u00a0\u00bb une envergure d&rsquo;\u00e9pop\u00e9e chorale, capable de refl\u00e9ter le monde avec toute la douceur de ses r\u00eaves et la violence de ses contradictions.<\/p>\n","protected":false},"excerpt":{"rendered":"<p>\u00c0 Chicago, Alaa El Aswany tisse une fresque polyphonique m\u00ealant l&rsquo;exil \u00e9gyptien, la politique, et les contradictions contemporaines.<\/p>\n","protected":false},"featured_media":14449,"comment_status":"open","ping_status":"closed","template":"","meta":{"inline_featured_image":false},"product_cat":[204,143],"product_tag":[],"class_list":{"0":"post-14440","1":"product","2":"type-product","3":"status-publish","4":"has-post-thumbnail","6":"product_cat-francais","7":"product_cat-roman","8":"pa_auteurs-alaa-el-aswany","10":"first","11":"instock","12":"shipping-taxable","13":"purchasable","14":"product-type-simple"},"_links":{"self":[{"href":"https:\/\/baralivres.ma\/index.php?rest_route=\/wp\/v2\/product\/14440","targetHints":{"allow":["GET"]}}],"collection":[{"href":"https:\/\/baralivres.ma\/index.php?rest_route=\/wp\/v2\/product"}],"about":[{"href":"https:\/\/baralivres.ma\/index.php?rest_route=\/wp\/v2\/types\/product"}],"replies":[{"embeddable":true,"href":"https:\/\/baralivres.ma\/index.php?rest_route=%2Fwp%2Fv2%2Fcomments&post=14440"}],"version-history":[{"count":1,"href":"https:\/\/baralivres.ma\/index.php?rest_route=\/wp\/v2\/product\/14440\/revisions"}],"predecessor-version":[{"id":14452,"href":"https:\/\/baralivres.ma\/index.php?rest_route=\/wp\/v2\/product\/14440\/revisions\/14452"}],"wp:featuredmedia":[{"embeddable":true,"href":"https:\/\/baralivres.ma\/index.php?rest_route=\/wp\/v2\/media\/14449"}],"wp:attachment":[{"href":"https:\/\/baralivres.ma\/index.php?rest_route=%2Fwp%2Fv2%2Fmedia&parent=14440"}],"wp:term":[{"taxonomy":"product_cat","embeddable":true,"href":"https:\/\/baralivres.ma\/index.php?rest_route=%2Fwp%2Fv2%2Fproduct_cat&post=14440"},{"taxonomy":"product_tag","embeddable":true,"href":"https:\/\/baralivres.ma\/index.php?rest_route=%2Fwp%2Fv2%2Fproduct_tag&post=14440"}],"curies":[{"name":"wp","href":"https:\/\/api.w.org\/{rel}","templated":true}]}}