{"id":14437,"date":"2023-10-26T11:36:53","date_gmt":"2023-10-26T10:36:53","guid":{"rendered":"https:\/\/baralivres.ma\/?post_type=product&#038;p=14437"},"modified":"2023-10-26T11:38:14","modified_gmt":"2023-10-26T10:38:14","slug":"14437","status":"publish","type":"product","link":"https:\/\/baralivres.ma\/?product=14437","title":{"rendered":"Une pri\u00e8re \u00e0 la mer"},"content":{"rendered":"<p>Dans cet ouvrage illustr\u00e9 sign\u00e9 Khaled Hosseini, l&rsquo;auteur nous transporte sur une plage baign\u00e9e par la lueur de la lune, o\u00f9 un p\u00e8re syrien apaise son fils endormi en attendant le lever du soleil et l&rsquo;arriv\u00e9e imminente d&rsquo;un bateau. Pendant cette attente, il partage avec son enfant les souvenirs des \u00e9t\u00e9s ensoleill\u00e9s de son enfance \u00e0 Homs, une ville jadis anim\u00e9e de ruelles pittoresques et d&rsquo;un grand souk, avant que le ciel ne se mette \u00e0 d\u00e9verser des bombes d\u00e9vastatrices. Au matin, comme tant d&rsquo;autres autour d&rsquo;eux, p\u00e8re et fils rassembleront leurs maigres possessions pour entreprendre un voyage maritime p\u00e9rilleux \u00e0 la recherche d&rsquo;un nouveau refuge. Ce livre, illustr\u00e9 avec talent par Dan Williams, est un vibrant hommage aux milliers de r\u00e9fugi\u00e9s bravant les vagues pour \u00e9chapper \u00e0 la guerre et aux pers\u00e9cutions.<\/p>\n","protected":false},"excerpt":{"rendered":"<p>Khaled Hosseini honore les r\u00e9fugi\u00e9s syriens dans un livre illustr\u00e9, illustrant leur qu\u00eate d\u00e9sesp\u00e9r\u00e9e de s\u00e9curit\u00e9.<\/p>\n","protected":false},"featured_media":14438,"comment_status":"open","ping_status":"closed","template":"","meta":{"inline_featured_image":false},"product_cat":[204,143],"product_tag":[],"class_list":{"0":"post-14437","1":"product","2":"type-product","3":"status-publish","4":"has-post-thumbnail","6":"product_cat-francais","7":"product_cat-roman","8":"pa_auteurs-khaled-hosseini","10":"first","11":"instock","12":"shipping-taxable","13":"purchasable","14":"product-type-simple"},"_links":{"self":[{"href":"https:\/\/baralivres.ma\/index.php?rest_route=\/wp\/v2\/product\/14437","targetHints":{"allow":["GET"]}}],"collection":[{"href":"https:\/\/baralivres.ma\/index.php?rest_route=\/wp\/v2\/product"}],"about":[{"href":"https:\/\/baralivres.ma\/index.php?rest_route=\/wp\/v2\/types\/product"}],"replies":[{"embeddable":true,"href":"https:\/\/baralivres.ma\/index.php?rest_route=%2Fwp%2Fv2%2Fcomments&post=14437"}],"version-history":[{"count":2,"href":"https:\/\/baralivres.ma\/index.php?rest_route=\/wp\/v2\/product\/14437\/revisions"}],"predecessor-version":[{"id":14441,"href":"https:\/\/baralivres.ma\/index.php?rest_route=\/wp\/v2\/product\/14437\/revisions\/14441"}],"wp:featuredmedia":[{"embeddable":true,"href":"https:\/\/baralivres.ma\/index.php?rest_route=\/wp\/v2\/media\/14438"}],"wp:attachment":[{"href":"https:\/\/baralivres.ma\/index.php?rest_route=%2Fwp%2Fv2%2Fmedia&parent=14437"}],"wp:term":[{"taxonomy":"product_cat","embeddable":true,"href":"https:\/\/baralivres.ma\/index.php?rest_route=%2Fwp%2Fv2%2Fproduct_cat&post=14437"},{"taxonomy":"product_tag","embeddable":true,"href":"https:\/\/baralivres.ma\/index.php?rest_route=%2Fwp%2Fv2%2Fproduct_tag&post=14437"}],"curies":[{"name":"wp","href":"https:\/\/api.w.org\/{rel}","templated":true}]}}