{"id":14436,"date":"2023-10-26T11:40:57","date_gmt":"2023-10-26T10:40:57","guid":{"rendered":"https:\/\/baralivres.ma\/?post_type=product&#038;p=14436"},"modified":"2024-11-28T17:16:39","modified_gmt":"2024-11-28T16:16:39","slug":"croc-blanc","status":"publish","type":"product","link":"https:\/\/baralivres.ma\/?product=croc-blanc","title":{"rendered":"Croc-Blanc"},"content":{"rendered":"<p><span>Au c\u0153ur de l&rsquo;implacable Grand Nord, Croc-Blanc, cr\u00e9ature mi-loup mi-chien, se bat inlassablement pour sa survie. <\/span><span>La loi de la nature dicte tuer ou \u00eatre tu\u00e9, une r\u00e8gle simple et instinctive. <\/span><span>Cependant, la soumission \u00e0 l&rsquo;homme, charg\u00e9 de cruaut\u00e9 et de vices, plonge ce jeune loup dans un monde de haine. <\/span><span>Malgr\u00e9 de multiples trahisons et rejets, il conserve l&rsquo;espoir d&rsquo;une main tendue, d&rsquo;une caresse, un changement possible.<\/span><\/p>\n","protected":false},"excerpt":{"rendered":"<p>Dans l&rsquo;impitoyable Grand Nord, Croc-Blanc, mi-loup mi-chien, lutte pour sa survie, confront\u00e9 \u00e0 la cruaut\u00e9 humaine.<\/p>\n","protected":false},"featured_media":14443,"comment_status":"open","ping_status":"closed","template":"","meta":{"inline_featured_image":false},"product_cat":[4097,4096],"product_tag":[],"class_list":{"0":"post-14436","1":"product","2":"type-product","3":"status-publish","4":"has-post-thumbnail","6":"product_cat-francais-les_romans_classique","7":"product_cat-les_romans_classique","8":"pa_auteurs-jack-london","10":"first","11":"instock","12":"shipping-taxable","13":"purchasable","14":"product-type-simple"},"_links":{"self":[{"href":"https:\/\/baralivres.ma\/index.php?rest_route=\/wp\/v2\/product\/14436","targetHints":{"allow":["GET"]}}],"collection":[{"href":"https:\/\/baralivres.ma\/index.php?rest_route=\/wp\/v2\/product"}],"about":[{"href":"https:\/\/baralivres.ma\/index.php?rest_route=\/wp\/v2\/types\/product"}],"replies":[{"embeddable":true,"href":"https:\/\/baralivres.ma\/index.php?rest_route=%2Fwp%2Fv2%2Fcomments&post=14436"}],"version-history":[{"count":1,"href":"https:\/\/baralivres.ma\/index.php?rest_route=\/wp\/v2\/product\/14436\/revisions"}],"predecessor-version":[{"id":14444,"href":"https:\/\/baralivres.ma\/index.php?rest_route=\/wp\/v2\/product\/14436\/revisions\/14444"}],"wp:featuredmedia":[{"embeddable":true,"href":"https:\/\/baralivres.ma\/index.php?rest_route=\/wp\/v2\/media\/14443"}],"wp:attachment":[{"href":"https:\/\/baralivres.ma\/index.php?rest_route=%2Fwp%2Fv2%2Fmedia&parent=14436"}],"wp:term":[{"taxonomy":"product_cat","embeddable":true,"href":"https:\/\/baralivres.ma\/index.php?rest_route=%2Fwp%2Fv2%2Fproduct_cat&post=14436"},{"taxonomy":"product_tag","embeddable":true,"href":"https:\/\/baralivres.ma\/index.php?rest_route=%2Fwp%2Fv2%2Fproduct_tag&post=14436"}],"curies":[{"name":"wp","href":"https:\/\/api.w.org\/{rel}","templated":true}]}}