{"id":14429,"date":"2023-10-26T11:32:18","date_gmt":"2023-10-26T10:32:18","guid":{"rendered":"https:\/\/baralivres.ma\/?post_type=product&#038;p=14429"},"modified":"2024-11-28T17:17:08","modified_gmt":"2024-11-28T16:17:08","slug":"le-pere-goriot","status":"publish","type":"product","link":"https:\/\/baralivres.ma\/?product=le-pere-goriot","title":{"rendered":"Le P\u00e8re Goriot"},"content":{"rendered":"<div class=\"group final-completion w-full text-token-text-primary border-b border-black\/10 gizmo:border-0 dark:border-gray-900\/50 gizmo:dark:border-0 bg-gray-50 gizmo:bg-transparent dark:bg-[#444654] gizmo:dark:bg-transparent\" data-testid=\"conversation-turn-268\">\n<div class=\"p-4 gizmo:py-2 justify-center text-base md:gap-6 md:py-6 m-auto\">\n<div class=\"flex flex-1 gap-4 text-base mx-auto md:gap-6 gizmo:gap-3 gizmo:md:px-5 gizmo:lg:px-1 gizmo:xl:px-5 md:max-w-2xl lg:max-w-[38rem] gizmo:md:max-w-3xl gizmo:lg:max-w-[40rem] gizmo:xl:max-w-[48rem] xl:max-w-3xl }\">\n<div class=\"relative flex w-[calc(100%-50px)] flex-col gizmo:w-full lg:w-[calc(100%-115px)] agent-turn\">\n<div class=\"flex-col gap-1 md:gap-3\">\n<div class=\"flex flex-grow flex-col gap-3 max-w-full\">\n<div class=\"min-h-[20px] flex flex-col items-start gap-3 whitespace-pre-wrap break-words overflow-x-auto\">\n<div class=\"markdown prose w-full break-words dark:prose-invert light\">\n<p><span>La Com\u00e9die Humaine de Balzac prend son envol magistral avec le drame du P\u00e8re Goriot, le c\u0153ur \u00e9perdu d&rsquo;amour pour ses filles qui le trahissent et le m\u00e8nent \u00e0 sa perte. Dans cet univers tournillant, le jeune Rastignac entreprend de conqu\u00e9rir Paris, tandis que l&rsquo;\u00e9nigmatique Vautrin, ancien for\u00e7at, se profile en figure contourna.<\/span><\/p>\n<\/div>\n<\/div>\n<\/div>\n<div class=\"flex justify-between empty:hidden gizmo:justify-start gizmo:gap-3 lg:block gizmo:lg:flex\">\n<div class=\"text-gray-400 flex self-end lg:self-center justify-center gizmo:lg:justify-start mt-2 gizmo:mt-0 visible lg:gap-1 lg:absolute lg:top-0 lg:translate-x-full lg:right-0 lg:mt-0 lg:pl-2 gap-2 md:gap-3\"><button class=\"flex ml-auto gizmo:ml-0 gap-2 items-center rounded-md p-1 text-xs gizmo:gap-1.5 gizmo:pl-0 dark:text-gray-400 dark:hover:bg-gray-700 dark:hover:text-gray-200 disabled:dark:hover:text-gray-400 hover:bg-gray-100 hover:text-gray-700\"><\/button><\/p>\n<div class=\"flex gap-1 gizmo:gap-3\"><\/div>\n<\/div>\n<\/div>\n<\/div>\n<\/div>\n<\/div>\n<\/div>\n<\/div>\n","protected":false},"excerpt":{"rendered":"<p>La Com\u00e9die Humaine prend son envol avec le drame du P\u00e8re Goriot, o\u00f9 l&rsquo;amour paternel est tourment\u00e9.<\/p>\n","protected":false},"featured_media":14434,"comment_status":"open","ping_status":"closed","template":"","meta":{"inline_featured_image":false},"product_cat":[4097,4096],"product_tag":[],"class_list":{"0":"post-14429","1":"product","2":"type-product","3":"status-publish","4":"has-post-thumbnail","6":"product_cat-francais-les_romans_classique","7":"product_cat-les_romans_classique","8":"pa_auteurs-honore-de-balzac","10":"first","11":"instock","12":"shipping-taxable","13":"purchasable","14":"product-type-simple"},"_links":{"self":[{"href":"https:\/\/baralivres.ma\/index.php?rest_route=\/wp\/v2\/product\/14429","targetHints":{"allow":["GET"]}}],"collection":[{"href":"https:\/\/baralivres.ma\/index.php?rest_route=\/wp\/v2\/product"}],"about":[{"href":"https:\/\/baralivres.ma\/index.php?rest_route=\/wp\/v2\/types\/product"}],"replies":[{"embeddable":true,"href":"https:\/\/baralivres.ma\/index.php?rest_route=%2Fwp%2Fv2%2Fcomments&post=14429"}],"version-history":[{"count":1,"href":"https:\/\/baralivres.ma\/index.php?rest_route=\/wp\/v2\/product\/14429\/revisions"}],"predecessor-version":[{"id":14435,"href":"https:\/\/baralivres.ma\/index.php?rest_route=\/wp\/v2\/product\/14429\/revisions\/14435"}],"wp:featuredmedia":[{"embeddable":true,"href":"https:\/\/baralivres.ma\/index.php?rest_route=\/wp\/v2\/media\/14434"}],"wp:attachment":[{"href":"https:\/\/baralivres.ma\/index.php?rest_route=%2Fwp%2Fv2%2Fmedia&parent=14429"}],"wp:term":[{"taxonomy":"product_cat","embeddable":true,"href":"https:\/\/baralivres.ma\/index.php?rest_route=%2Fwp%2Fv2%2Fproduct_cat&post=14429"},{"taxonomy":"product_tag","embeddable":true,"href":"https:\/\/baralivres.ma\/index.php?rest_route=%2Fwp%2Fv2%2Fproduct_tag&post=14429"}],"curies":[{"name":"wp","href":"https:\/\/api.w.org\/{rel}","templated":true}]}}