{"id":14427,"date":"2023-10-26T11:30:28","date_gmt":"2023-10-26T10:30:28","guid":{"rendered":"https:\/\/baralivres.ma\/?post_type=product&#038;p=14427"},"modified":"2023-10-26T11:30:29","modified_gmt":"2023-10-26T10:30:29","slug":"apeirogon","status":"publish","type":"product","link":"https:\/\/baralivres.ma\/?product=apeirogon","title":{"rendered":"Apeirogon"},"content":{"rendered":"<p>Colum McCann revient avec une \u0153uvre singuli\u00e8re centr\u00e9e sur la perp\u00e9tuelle trag\u00e9die du conflit isra\u00e9lo-palestinien. Dans \u00ab\u00a0Apeirogon,\u00a0\u00bb McCann explore l&rsquo;infini nombre de facettes de cette figure g\u00e9om\u00e9trique complexe. Les protagonistes, Rami Elhanan, isra\u00e9lien et fils d&rsquo;un survivant de l&rsquo;Holocauste, ainsi que Bassam Aramin, Palestinien ayant v\u00e9cu la d\u00e9possession, la prison et les humiliations, partagent une exp\u00e9rience commune d\u00e9chirante : la perte de leurs filles dans ce conflit meurtrier, Abir \u00e0 l&rsquo;\u00e2ge de dix ans, et Smadar \u00e0 treize ans. Au-del\u00e0 de la douleur, des souvenirs et du deuil, ils sont unis par le d\u00e9sir de sauver des vies. Deux hommes qui semblaient destin\u00e9s \u00e0 se ha\u00efr d\u00e9cident de partager leur histoire et de lutter pour la paix. Colum McCann, dans un effort unique, offre une \u0153uvre compl\u00e8te qui vise \u00e0 capturer l&rsquo;immensit\u00e9 de cette trag\u00e9die sans fin, tout en rendant hommage \u00e0 cette amiti\u00e9 authentique.<\/p>\n","protected":false},"excerpt":{"rendered":"<p>Colum McCann explore le conflit isra\u00e9lo-palestinien \u00e0 travers l&rsquo;amiti\u00e9 de deux p\u00e8res endeuill\u00e9s, cherchant la paix.<\/p>\n","protected":false},"featured_media":14432,"comment_status":"open","ping_status":"closed","template":"","meta":{"inline_featured_image":false},"product_cat":[204,143],"product_tag":[],"class_list":{"0":"post-14427","1":"product","2":"type-product","3":"status-publish","4":"has-post-thumbnail","6":"product_cat-francais","7":"product_cat-roman","8":"pa_auteurs-colum-mccann","10":"first","11":"instock","12":"shipping-taxable","13":"purchasable","14":"product-type-simple"},"_links":{"self":[{"href":"https:\/\/baralivres.ma\/index.php?rest_route=\/wp\/v2\/product\/14427","targetHints":{"allow":["GET"]}}],"collection":[{"href":"https:\/\/baralivres.ma\/index.php?rest_route=\/wp\/v2\/product"}],"about":[{"href":"https:\/\/baralivres.ma\/index.php?rest_route=\/wp\/v2\/types\/product"}],"replies":[{"embeddable":true,"href":"https:\/\/baralivres.ma\/index.php?rest_route=%2Fwp%2Fv2%2Fcomments&post=14427"}],"version-history":[{"count":1,"href":"https:\/\/baralivres.ma\/index.php?rest_route=\/wp\/v2\/product\/14427\/revisions"}],"predecessor-version":[{"id":14433,"href":"https:\/\/baralivres.ma\/index.php?rest_route=\/wp\/v2\/product\/14427\/revisions\/14433"}],"wp:featuredmedia":[{"embeddable":true,"href":"https:\/\/baralivres.ma\/index.php?rest_route=\/wp\/v2\/media\/14432"}],"wp:attachment":[{"href":"https:\/\/baralivres.ma\/index.php?rest_route=%2Fwp%2Fv2%2Fmedia&parent=14427"}],"wp:term":[{"taxonomy":"product_cat","embeddable":true,"href":"https:\/\/baralivres.ma\/index.php?rest_route=%2Fwp%2Fv2%2Fproduct_cat&post=14427"},{"taxonomy":"product_tag","embeddable":true,"href":"https:\/\/baralivres.ma\/index.php?rest_route=%2Fwp%2Fv2%2Fproduct_tag&post=14427"}],"curies":[{"name":"wp","href":"https:\/\/api.w.org\/{rel}","templated":true}]}}