{"id":14421,"date":"2023-10-26T11:28:57","date_gmt":"2023-10-26T10:28:57","guid":{"rendered":"https:\/\/baralivres.ma\/?post_type=product&#038;p=14421"},"modified":"2023-10-26T11:28:57","modified_gmt":"2023-10-26T10:28:57","slug":"les-mille-et-une-nuits-2","status":"publish","type":"product","link":"https:\/\/baralivres.ma\/?product=les-mille-et-une-nuits-2","title":{"rendered":"Les Mille et Une Nuits"},"content":{"rendered":"<p>Enchant\u00e9 par les r\u00e9cits narr\u00e9s par Sch\u00e9h\u00e9razade pendant mille et une nuits, le sultan Schahriar d\u00e9cide de la prendre pour \u00e9pouse. La population de la grande ville, probablement Le Caire, c\u00e9l\u00e8bre ce d\u00e9nouement heureux dans une atmosph\u00e8re de joie, sans se douter qu&rsquo;elle sera d\u00e9sormais t\u00e9moin, au cours de sa vie quotidienne, d&rsquo;\u00e9v\u00e9nements tout aussi \u00e9tranges et merveilleux que les contes de Sch\u00e9h\u00e9razade. La plume de Naguib Mahfouz est indispensable pour prolonger ainsi l&rsquo;univers des \u00ab\u00a0Mille et Une Nuits\u00a0\u00bb dans une s\u00e9rie de faits divers tourbillonnants, o\u00f9 les distinctions entre r\u00eave et r\u00e9alit\u00e9, folie et sagesse, bien et mal s&rsquo;estompent.<\/p>\n","protected":false},"excerpt":{"rendered":"<p>Le sultan \u00e9pouse Sch\u00e9h\u00e9razade apr\u00e8s ses histoires envo\u00fbtantes, d\u00e9clenchant des \u00e9v\u00e9nements extraordinaires m\u00e9langeant r\u00eave et r\u00e9alit\u00e9.<\/p>\n","protected":false},"featured_media":14425,"comment_status":"open","ping_status":"closed","template":"","meta":{"inline_featured_image":false},"product_cat":[204,143],"product_tag":[],"class_list":{"0":"post-14421","1":"product","2":"type-product","3":"status-publish","4":"has-post-thumbnail","6":"product_cat-francais","7":"product_cat-roman","8":"pa_auteurs-naguib-mahfouz","10":"first","11":"instock","12":"shipping-taxable","13":"purchasable","14":"product-type-simple"},"_links":{"self":[{"href":"https:\/\/baralivres.ma\/index.php?rest_route=\/wp\/v2\/product\/14421","targetHints":{"allow":["GET"]}}],"collection":[{"href":"https:\/\/baralivres.ma\/index.php?rest_route=\/wp\/v2\/product"}],"about":[{"href":"https:\/\/baralivres.ma\/index.php?rest_route=\/wp\/v2\/types\/product"}],"replies":[{"embeddable":true,"href":"https:\/\/baralivres.ma\/index.php?rest_route=%2Fwp%2Fv2%2Fcomments&post=14421"}],"version-history":[{"count":2,"href":"https:\/\/baralivres.ma\/index.php?rest_route=\/wp\/v2\/product\/14421\/revisions"}],"predecessor-version":[{"id":14431,"href":"https:\/\/baralivres.ma\/index.php?rest_route=\/wp\/v2\/product\/14421\/revisions\/14431"}],"wp:featuredmedia":[{"embeddable":true,"href":"https:\/\/baralivres.ma\/index.php?rest_route=\/wp\/v2\/media\/14425"}],"wp:attachment":[{"href":"https:\/\/baralivres.ma\/index.php?rest_route=%2Fwp%2Fv2%2Fmedia&parent=14421"}],"wp:term":[{"taxonomy":"product_cat","embeddable":true,"href":"https:\/\/baralivres.ma\/index.php?rest_route=%2Fwp%2Fv2%2Fproduct_cat&post=14421"},{"taxonomy":"product_tag","embeddable":true,"href":"https:\/\/baralivres.ma\/index.php?rest_route=%2Fwp%2Fv2%2Fproduct_tag&post=14421"}],"curies":[{"name":"wp","href":"https:\/\/api.w.org\/{rel}","templated":true}]}}