{"id":14418,"date":"2023-10-26T11:26:33","date_gmt":"2023-10-26T10:26:33","guid":{"rendered":"https:\/\/baralivres.ma\/?post_type=product&#038;p=14418"},"modified":"2024-04-26T11:12:07","modified_gmt":"2024-04-26T10:12:07","slug":"soufi-mon-amour","status":"publish","type":"product","link":"https:\/\/baralivres.ma\/?product=soufi-mon-amour","title":{"rendered":"Soufi, mon amour"},"content":{"rendered":"<p>Apr\u00e8s quatre d\u00e9cennies de qui\u00e9tude, une existence d\u00e9pourvue de moments marquants ou de passions, Ella n&rsquo;aurait jamais envisag\u00e9 que son destin puisse un jour prendre un tournant. Son entr\u00e9e en tant que lectrice dans l&rsquo;univers d&rsquo;un manuscrit racontant la rencontre, au XIIIe si\u00e8cle, du po\u00e8te R\u00fbmi avec le plus renomm\u00e9 des derviches du monde musulman, s&rsquo;est r\u00e9v\u00e9l\u00e9e \u00eatre une exp\u00e9rience transformative. Transport\u00e9e par cette histoire, elle s&rsquo;est lanc\u00e9e dans une qu\u00eate de d\u00e9couverte du soufisme et de la magnificence de l&rsquo;amour&#8230;<\/p>\n","protected":false},"excerpt":{"rendered":"<p>Apr\u00e8s une vie calme, Ella se transforme en d\u00e9couvrant un manuscrit sur la rencontre de R\u00fbmi et un derviche.<\/p>\n","protected":false},"featured_media":14422,"comment_status":"open","ping_status":"closed","template":"","meta":{"inline_featured_image":false},"product_cat":[3725,204,143],"product_tag":[],"class_list":{"0":"post-14418","1":"product","2":"type-product","3":"status-publish","4":"has-post-thumbnail","6":"product_cat-litterature-religieuse","7":"product_cat-francais","8":"product_cat-roman","9":"pa_auteurs-elif-shafak","11":"first","12":"instock","13":"shipping-taxable","14":"purchasable","15":"product-type-simple"},"_links":{"self":[{"href":"https:\/\/baralivres.ma\/index.php?rest_route=\/wp\/v2\/product\/14418","targetHints":{"allow":["GET"]}}],"collection":[{"href":"https:\/\/baralivres.ma\/index.php?rest_route=\/wp\/v2\/product"}],"about":[{"href":"https:\/\/baralivres.ma\/index.php?rest_route=\/wp\/v2\/types\/product"}],"replies":[{"embeddable":true,"href":"https:\/\/baralivres.ma\/index.php?rest_route=%2Fwp%2Fv2%2Fcomments&post=14418"}],"version-history":[{"count":1,"href":"https:\/\/baralivres.ma\/index.php?rest_route=\/wp\/v2\/product\/14418\/revisions"}],"predecessor-version":[{"id":14424,"href":"https:\/\/baralivres.ma\/index.php?rest_route=\/wp\/v2\/product\/14418\/revisions\/14424"}],"wp:featuredmedia":[{"embeddable":true,"href":"https:\/\/baralivres.ma\/index.php?rest_route=\/wp\/v2\/media\/14422"}],"wp:attachment":[{"href":"https:\/\/baralivres.ma\/index.php?rest_route=%2Fwp%2Fv2%2Fmedia&parent=14418"}],"wp:term":[{"taxonomy":"product_cat","embeddable":true,"href":"https:\/\/baralivres.ma\/index.php?rest_route=%2Fwp%2Fv2%2Fproduct_cat&post=14418"},{"taxonomy":"product_tag","embeddable":true,"href":"https:\/\/baralivres.ma\/index.php?rest_route=%2Fwp%2Fv2%2Fproduct_tag&post=14418"}],"curies":[{"name":"wp","href":"https:\/\/api.w.org\/{rel}","templated":true}]}}