{"id":14415,"date":"2023-10-26T11:27:16","date_gmt":"2023-10-26T10:27:16","guid":{"rendered":"https:\/\/baralivres.ma\/?post_type=product&#038;p=14415"},"modified":"2024-11-28T17:32:39","modified_gmt":"2024-11-28T16:32:39","slug":"la-peau-de-chagrin","status":"publish","type":"product","link":"https:\/\/baralivres.ma\/?product=la-peau-de-chagrin","title":{"rendered":"La Peau de chagrin"},"content":{"rendered":"<p>\u00c0 31 ans, Balzac cr\u00e9e un conte oriental avec \u00ab\u00a0La Peau de chagrin\u00a0\u00bb, o\u00f9 Rapha\u00ebl ach\u00e8te une peau magique qui r\u00e9alise ses v\u0153ux, mais se r\u00e9tr\u00e9cit \u00e0 chaque d\u00e9sir combl\u00e9, conduisant \u00e0 sa perte. Une odyss\u00e9e de luxe, de d\u00e9bauche et de pouvoir. Une \u0153uvre salu\u00e9e par le public. Pr\u00e9sent\u00e9 et comment\u00e9 par Gabrielle Chamarat et Catherine Bouttier-Couqueberg. Texte int\u00e9gral et pr\u00e9face inclus<\/p>\n","protected":false},"excerpt":{"rendered":"<p><span>\u00c0 31 ans, Balzac \u00e9crit \u00ab La Peau de chagrin \u00bb, o\u00f9 Rapha\u00ebl ach\u00e8te une peau magique aux d\u00e9sirs fatidiques.<\/span><\/p>\n","protected":false},"featured_media":14423,"comment_status":"open","ping_status":"closed","template":"","meta":{"inline_featured_image":false},"product_cat":[4097,4096],"product_tag":[],"class_list":{"0":"post-14415","1":"product","2":"type-product","3":"status-publish","4":"has-post-thumbnail","6":"product_cat-francais-les_romans_classique","7":"product_cat-les_romans_classique","8":"pa_auteurs-honore-de-balzac","10":"first","11":"instock","12":"shipping-taxable","13":"purchasable","14":"product-type-simple"},"_links":{"self":[{"href":"https:\/\/baralivres.ma\/index.php?rest_route=\/wp\/v2\/product\/14415","targetHints":{"allow":["GET"]}}],"collection":[{"href":"https:\/\/baralivres.ma\/index.php?rest_route=\/wp\/v2\/product"}],"about":[{"href":"https:\/\/baralivres.ma\/index.php?rest_route=\/wp\/v2\/types\/product"}],"replies":[{"embeddable":true,"href":"https:\/\/baralivres.ma\/index.php?rest_route=%2Fwp%2Fv2%2Fcomments&post=14415"}],"version-history":[{"count":1,"href":"https:\/\/baralivres.ma\/index.php?rest_route=\/wp\/v2\/product\/14415\/revisions"}],"predecessor-version":[{"id":14426,"href":"https:\/\/baralivres.ma\/index.php?rest_route=\/wp\/v2\/product\/14415\/revisions\/14426"}],"wp:featuredmedia":[{"embeddable":true,"href":"https:\/\/baralivres.ma\/index.php?rest_route=\/wp\/v2\/media\/14423"}],"wp:attachment":[{"href":"https:\/\/baralivres.ma\/index.php?rest_route=%2Fwp%2Fv2%2Fmedia&parent=14415"}],"wp:term":[{"taxonomy":"product_cat","embeddable":true,"href":"https:\/\/baralivres.ma\/index.php?rest_route=%2Fwp%2Fv2%2Fproduct_cat&post=14415"},{"taxonomy":"product_tag","embeddable":true,"href":"https:\/\/baralivres.ma\/index.php?rest_route=%2Fwp%2Fv2%2Fproduct_tag&post=14415"}],"curies":[{"name":"wp","href":"https:\/\/api.w.org\/{rel}","templated":true}]}}