{"id":14409,"date":"2023-10-26T11:20:43","date_gmt":"2023-10-26T10:20:43","guid":{"rendered":"https:\/\/baralivres.ma\/?post_type=product&#038;p=14409"},"modified":"2024-11-28T17:04:40","modified_gmt":"2024-11-28T16:04:40","slug":"au-bonheur-des-dames","status":"publish","type":"product","link":"https:\/\/baralivres.ma\/?product=au-bonheur-des-dames","title":{"rendered":"Au Bonheur des Dames"},"content":{"rendered":"<p>Pendant le Second Empire, Paris se transforme en une capitale de la mode et du luxe. La modernisation de la ville est marqu\u00e9e par l&rsquo;\u00e9mergence de grands magasins, \u00e0 proximit\u00e9 des boulevards et de la gare Saint-Lazare. Cette transition architecturale refl\u00e8te un changement dans les pr\u00e9f\u00e9rences de l&rsquo;\u00e9poque, o\u00f9 l&rsquo;illusion et l&rsquo;apparence deviennent primordiales. Octave Mouret, le directeur du Bonheur des Dames, est un acteur cl\u00e9 de cette r\u00e9volution commerciale. L&rsquo;exploit de Zola r\u00e9side dans sa capacit\u00e9 \u00e0 transformer cet aspect de l&rsquo;histoire \u00e9conomique en une histoire passionnante avec une intrigue amoureuse complexe. N\u00e9anmoins, cette \u00e9volution n&rsquo;est pas idyllique, le magasin est construit sur des fondations controvers\u00e9es, et l&rsquo;argent corrompu tout. Zola, \u00e0 travers ce r\u00e9cit, d\u00e9voile comment le succ\u00e8s des grands magasins est aliment\u00e9 par la superficialit\u00e9 de la bourgeoisie et la pr\u00e9dominance de l&rsquo;apparence. C&rsquo;est un portrait de la fin d&rsquo;un monde et de la naissance d&rsquo;une nouvelle \u00e8re, o\u00f9 Paris incarne la modernit\u00e9 urbaine.<\/p>\n","protected":false},"excerpt":{"rendered":"<p>Sous le Second Empire, Paris se modernise en capitale de la mode et du luxe, avec l&rsquo;av\u00e8nement des grands magasins.<\/p>\n","protected":false},"featured_media":14413,"comment_status":"open","ping_status":"closed","template":"","meta":{"inline_featured_image":false},"product_cat":[4097,4096],"product_tag":[],"class_list":{"0":"post-14409","1":"product","2":"type-product","3":"status-publish","4":"has-post-thumbnail","6":"product_cat-francais-les_romans_classique","7":"product_cat-les_romans_classique","8":"pa_auteurs-emile-zola","10":"first","11":"instock","12":"shipping-taxable","13":"purchasable","14":"product-type-simple"},"_links":{"self":[{"href":"https:\/\/baralivres.ma\/index.php?rest_route=\/wp\/v2\/product\/14409","targetHints":{"allow":["GET"]}}],"collection":[{"href":"https:\/\/baralivres.ma\/index.php?rest_route=\/wp\/v2\/product"}],"about":[{"href":"https:\/\/baralivres.ma\/index.php?rest_route=\/wp\/v2\/types\/product"}],"replies":[{"embeddable":true,"href":"https:\/\/baralivres.ma\/index.php?rest_route=%2Fwp%2Fv2%2Fcomments&post=14409"}],"version-history":[{"count":2,"href":"https:\/\/baralivres.ma\/index.php?rest_route=\/wp\/v2\/product\/14409\/revisions"}],"predecessor-version":[{"id":14428,"href":"https:\/\/baralivres.ma\/index.php?rest_route=\/wp\/v2\/product\/14409\/revisions\/14428"}],"wp:featuredmedia":[{"embeddable":true,"href":"https:\/\/baralivres.ma\/index.php?rest_route=\/wp\/v2\/media\/14413"}],"wp:attachment":[{"href":"https:\/\/baralivres.ma\/index.php?rest_route=%2Fwp%2Fv2%2Fmedia&parent=14409"}],"wp:term":[{"taxonomy":"product_cat","embeddable":true,"href":"https:\/\/baralivres.ma\/index.php?rest_route=%2Fwp%2Fv2%2Fproduct_cat&post=14409"},{"taxonomy":"product_tag","embeddable":true,"href":"https:\/\/baralivres.ma\/index.php?rest_route=%2Fwp%2Fv2%2Fproduct_tag&post=14409"}],"curies":[{"name":"wp","href":"https:\/\/api.w.org\/{rel}","templated":true}]}}