{"id":14403,"date":"2023-10-26T11:17:50","date_gmt":"2023-10-26T10:17:50","guid":{"rendered":"https:\/\/baralivres.ma\/?post_type=product&#038;p=14403"},"modified":"2023-10-26T11:17:51","modified_gmt":"2023-10-26T10:17:51","slug":"lile-aux-arbres-disparus","status":"publish","type":"product","link":"https:\/\/baralivres.ma\/?product=lile-aux-arbres-disparus","title":{"rendered":"L&rsquo;\u00eele aux arbres disparus"},"content":{"rendered":"<p>Ce roman s&rsquo;ouvre sur le strident cri d&rsquo;Ada, une adolescente de 16 ans, en plein cours d&rsquo;histoire dans un lyc\u00e9e de Londres. Ce cri semble interminable, et il annonce un r\u00e9cit captivant qui prend fin avec un r\u00eave de renaissance. Entre ces deux moments charni\u00e8res, l&rsquo;auteure Elif Shafak nous transporte dans une histoire poignante, celle de la rencontre entre Kostas Kazantzakis, un Grec, et Defne, une jeune fille turque, en 1974, au c\u0153ur de la Chypre d\u00e9chir\u00e9e par la guerre civile. \u00c0 travers une prose puissante, l&rsquo;auteure nous plonge dans un amour d\u00e9fendu, dans un contexte de haine et de violence qui d\u00e9vaste tout sur son passage. Malgr\u00e9 tout, l&rsquo;histoire offre une lueur d&rsquo;espoir, celle de lib\u00e9rer enfin la parole des g\u00e9n\u00e9rations ant\u00e9rieures.<\/p>\n","protected":false},"excerpt":{"rendered":"<p>Adolescente Ada crie en cours, amour interdit Kostas et Defne, Chypre en guerre, espoir de parole lib\u00e9r\u00e9e.<\/p>\n","protected":false},"featured_media":14410,"comment_status":"open","ping_status":"closed","template":"","meta":{"inline_featured_image":false},"product_cat":[204,143],"product_tag":[],"class_list":{"0":"post-14403","1":"product","2":"type-product","3":"status-publish","4":"has-post-thumbnail","6":"product_cat-francais","7":"product_cat-roman","8":"pa_auteurs-elif-shafak","10":"first","11":"instock","12":"shipping-taxable","13":"purchasable","14":"product-type-simple"},"_links":{"self":[{"href":"https:\/\/baralivres.ma\/index.php?rest_route=\/wp\/v2\/product\/14403","targetHints":{"allow":["GET"]}}],"collection":[{"href":"https:\/\/baralivres.ma\/index.php?rest_route=\/wp\/v2\/product"}],"about":[{"href":"https:\/\/baralivres.ma\/index.php?rest_route=\/wp\/v2\/types\/product"}],"replies":[{"embeddable":true,"href":"https:\/\/baralivres.ma\/index.php?rest_route=%2Fwp%2Fv2%2Fcomments&post=14403"}],"version-history":[{"count":1,"href":"https:\/\/baralivres.ma\/index.php?rest_route=\/wp\/v2\/product\/14403\/revisions"}],"predecessor-version":[{"id":14411,"href":"https:\/\/baralivres.ma\/index.php?rest_route=\/wp\/v2\/product\/14403\/revisions\/14411"}],"wp:featuredmedia":[{"embeddable":true,"href":"https:\/\/baralivres.ma\/index.php?rest_route=\/wp\/v2\/media\/14410"}],"wp:attachment":[{"href":"https:\/\/baralivres.ma\/index.php?rest_route=%2Fwp%2Fv2%2Fmedia&parent=14403"}],"wp:term":[{"taxonomy":"product_cat","embeddable":true,"href":"https:\/\/baralivres.ma\/index.php?rest_route=%2Fwp%2Fv2%2Fproduct_cat&post=14403"},{"taxonomy":"product_tag","embeddable":true,"href":"https:\/\/baralivres.ma\/index.php?rest_route=%2Fwp%2Fv2%2Fproduct_tag&post=14403"}],"curies":[{"name":"wp","href":"https:\/\/api.w.org\/{rel}","templated":true}]}}