{"id":14400,"date":"2023-10-26T11:12:05","date_gmt":"2023-10-26T10:12:05","guid":{"rendered":"https:\/\/baralivres.ma\/?post_type=product&#038;p=14400"},"modified":"2024-11-28T17:08:19","modified_gmt":"2024-11-28T16:08:19","slug":"germinal","status":"publish","type":"product","link":"https:\/\/baralivres.ma\/?product=germinal","title":{"rendered":"Germinal"},"content":{"rendered":"<p><span>Zola, pour explorer la trajectoire d&rsquo;\u00c9tienne Lantier, plonger dans les mines de charbon, \u00e9tudier les id\u00e9es de Marx et Proudhon, et s&rsquo;immerger dans le mouvement ouvrier. <\/span><span>\u00c9tienne, devenu mineur \u00e0 la fosse du Voreux dans le Nord de la France, se loge chez les Maheu, une famille d&rsquo;ouvriers de g\u00e9n\u00e9ration en g\u00e9n\u00e9ration. <\/span><span>Il se joint \u00e0 eux dans leur lutte pour la justice sociale et tente d&rsquo;organiser une gr\u00e8ve, en vain. <\/span><span>La mis\u00e8re pousse les mineurs \u00e0 la violence, et l&rsquo;arm\u00e9e r\u00e9prime violemment les \u00e9meutiers. <\/span><span>La mine est sabot\u00e9e par l&rsquo;anarchiste Souvarine, entra\u00eenant des cons\u00e9quences meurtri\u00e8res. <\/span><span>\u00c9tienne ne r\u00e9ussit pas imm\u00e9diatement, mais garde l&rsquo;espoir que le printemps symbolique de \u00ab\u00a0Germinal\u00a0\u00bb apportera un triomphe pour la cause ouvri\u00e8re.<\/span><\/p>\n","protected":false},"excerpt":{"rendered":"<p>Zola, \u00e0 travers \u00c9tienne Lantier, explore les mines, \u00e9tudie Marx, ouvre les portes du mouvement ouvrier.<\/p>\n","protected":false},"featured_media":14406,"comment_status":"open","ping_status":"closed","template":"","meta":{"inline_featured_image":false},"product_cat":[4097,4096],"product_tag":[],"class_list":{"0":"post-14400","1":"product","2":"type-product","3":"status-publish","4":"has-post-thumbnail","6":"product_cat-francais-les_romans_classique","7":"product_cat-les_romans_classique","8":"pa_auteurs-emile-zola","10":"first","11":"instock","12":"shipping-taxable","13":"purchasable","14":"product-type-simple"},"_links":{"self":[{"href":"https:\/\/baralivres.ma\/index.php?rest_route=\/wp\/v2\/product\/14400","targetHints":{"allow":["GET"]}}],"collection":[{"href":"https:\/\/baralivres.ma\/index.php?rest_route=\/wp\/v2\/product"}],"about":[{"href":"https:\/\/baralivres.ma\/index.php?rest_route=\/wp\/v2\/types\/product"}],"replies":[{"embeddable":true,"href":"https:\/\/baralivres.ma\/index.php?rest_route=%2Fwp%2Fv2%2Fcomments&post=14400"}],"version-history":[{"count":1,"href":"https:\/\/baralivres.ma\/index.php?rest_route=\/wp\/v2\/product\/14400\/revisions"}],"predecessor-version":[{"id":14407,"href":"https:\/\/baralivres.ma\/index.php?rest_route=\/wp\/v2\/product\/14400\/revisions\/14407"}],"wp:featuredmedia":[{"embeddable":true,"href":"https:\/\/baralivres.ma\/index.php?rest_route=\/wp\/v2\/media\/14406"}],"wp:attachment":[{"href":"https:\/\/baralivres.ma\/index.php?rest_route=%2Fwp%2Fv2%2Fmedia&parent=14400"}],"wp:term":[{"taxonomy":"product_cat","embeddable":true,"href":"https:\/\/baralivres.ma\/index.php?rest_route=%2Fwp%2Fv2%2Fproduct_cat&post=14400"},{"taxonomy":"product_tag","embeddable":true,"href":"https:\/\/baralivres.ma\/index.php?rest_route=%2Fwp%2Fv2%2Fproduct_tag&post=14400"}],"curies":[{"name":"wp","href":"https:\/\/api.w.org\/{rel}","templated":true}]}}