{"id":14397,"date":"2023-10-26T11:08:15","date_gmt":"2023-10-26T10:08:15","guid":{"rendered":"https:\/\/baralivres.ma\/?post_type=product&#038;p=14397"},"modified":"2023-10-26T11:08:15","modified_gmt":"2023-10-26T10:08:15","slug":"la-batarde-distanbul","status":"publish","type":"product","link":"https:\/\/baralivres.ma\/?product=la-batarde-distanbul","title":{"rendered":"La b\u00e2tarde d&rsquo;Istanbul"},"content":{"rendered":"<p>Partag\u00e9e entre ses racines am\u00e9ricaines et arm\u00e9niennes, la jeune Amy arrive \u00e0 Istanbul en cachette, ignorant que sa venue et son d\u00e9but d&rsquo;amiti\u00e9 avec Asya, surnomm\u00e9e la \u00ab\u00a0b\u00e2tarde\u00a0\u00bb, pourraient r\u00e9v\u00e9ler des secrets d\u00e9vastateurs. \u00c0 travers quatre g\u00e9n\u00e9rations de femmes, Elif Shafak dresse un brillant tableau d&rsquo;une Turquie divis\u00e9e, meurtrie, mais r\u00e9solument tourn\u00e9e vers la modernit\u00e9.<\/p>\n<p>\u00ab\u00a0Elif Shafak est salu\u00e9e comme la plus \u00e9minente romanci\u00e8re turque des dix derni\u00e8res ann\u00e9es par Orhan Pamuk.\u00a0\u00bb<\/p>\n","protected":false},"excerpt":{"rendered":"<p>Amy, d&rsquo;origines am\u00e9ricaines et arm\u00e9niennes, se lie \u00e0 Asya, r\u00e9v\u00e9lant des secrets dans une Turquie en mutation.<\/p>\n","protected":false},"featured_media":14401,"comment_status":"open","ping_status":"closed","template":"","meta":{"inline_featured_image":false},"product_cat":[204,143],"product_tag":[],"class_list":{"0":"post-14397","1":"product","2":"type-product","3":"status-publish","4":"has-post-thumbnail","6":"product_cat-francais","7":"product_cat-roman","8":"pa_auteurs-elif-shafak","10":"first","11":"instock","12":"shipping-taxable","13":"purchasable","14":"product-type-simple"},"_links":{"self":[{"href":"https:\/\/baralivres.ma\/index.php?rest_route=\/wp\/v2\/product\/14397","targetHints":{"allow":["GET"]}}],"collection":[{"href":"https:\/\/baralivres.ma\/index.php?rest_route=\/wp\/v2\/product"}],"about":[{"href":"https:\/\/baralivres.ma\/index.php?rest_route=\/wp\/v2\/types\/product"}],"replies":[{"embeddable":true,"href":"https:\/\/baralivres.ma\/index.php?rest_route=%2Fwp%2Fv2%2Fcomments&post=14397"}],"version-history":[{"count":1,"href":"https:\/\/baralivres.ma\/index.php?rest_route=\/wp\/v2\/product\/14397\/revisions"}],"predecessor-version":[{"id":14402,"href":"https:\/\/baralivres.ma\/index.php?rest_route=\/wp\/v2\/product\/14397\/revisions\/14402"}],"wp:featuredmedia":[{"embeddable":true,"href":"https:\/\/baralivres.ma\/index.php?rest_route=\/wp\/v2\/media\/14401"}],"wp:attachment":[{"href":"https:\/\/baralivres.ma\/index.php?rest_route=%2Fwp%2Fv2%2Fmedia&parent=14397"}],"wp:term":[{"taxonomy":"product_cat","embeddable":true,"href":"https:\/\/baralivres.ma\/index.php?rest_route=%2Fwp%2Fv2%2Fproduct_cat&post=14397"},{"taxonomy":"product_tag","embeddable":true,"href":"https:\/\/baralivres.ma\/index.php?rest_route=%2Fwp%2Fv2%2Fproduct_tag&post=14397"}],"curies":[{"name":"wp","href":"https:\/\/api.w.org\/{rel}","templated":true}]}}