{"id":14395,"date":"2023-10-26T11:07:19","date_gmt":"2023-10-26T10:07:19","guid":{"rendered":"https:\/\/baralivres.ma\/?post_type=product&#038;p=14395"},"modified":"2024-11-28T17:09:44","modified_gmt":"2024-11-28T16:09:44","slug":"la-bete-humaine","status":"publish","type":"product","link":"https:\/\/baralivres.ma\/?product=la-bete-humaine","title":{"rendered":"La B\u00eate humaine"},"content":{"rendered":"<p>Jacques Lantier, porteur de la mal\u00e9diction des Rougon-Macquart, est confront\u00e9 \u00e0 un meurtre commis par le chef de gare du Havre. Pour se prot\u00e9ger, il devient l&rsquo;amant de S\u00e9verine, la femme de ce meurtrier. Esp\u00e9rant apaiser ses pulsions meurtri\u00e8res, Jacques trouve un refuge dans l&rsquo;ivresse de Lison, sa locomotive ador\u00e9e. Cependant, il reste hant\u00e9 par la \u00ab\u00a0b\u00eate enrag\u00e9e\u00a0\u00bb qui sommeille en lui \u00e0 la vue de la nudit\u00e9 f\u00e9minine. Leur liaison m\u00e8ne \u00e0 une trag\u00e9die d\u00e9chirante, d\u00e9voilant des th\u00e8mes sombres et complexes dans ce roman aux influences russes au c\u0153ur de la litt\u00e9rature fran\u00e7aise.<\/p>\n","protected":false},"excerpt":{"rendered":"<p>Jacques Lantier, descendant des Rougon-Macquart, est hant\u00e9 par des instincts criminels. Sa liaison avec S\u00e9verine m\u00e8ne \u00e0 la trag\u00e9die.<\/p>\n","protected":false},"featured_media":14398,"comment_status":"open","ping_status":"closed","template":"","meta":{"inline_featured_image":false},"product_cat":[4097,4096],"product_tag":[],"class_list":{"0":"post-14395","1":"product","2":"type-product","3":"status-publish","4":"has-post-thumbnail","6":"product_cat-francais-les_romans_classique","7":"product_cat-les_romans_classique","8":"pa_auteurs-emile-zola","10":"first","11":"instock","12":"shipping-taxable","13":"purchasable","14":"product-type-simple"},"_links":{"self":[{"href":"https:\/\/baralivres.ma\/index.php?rest_route=\/wp\/v2\/product\/14395","targetHints":{"allow":["GET"]}}],"collection":[{"href":"https:\/\/baralivres.ma\/index.php?rest_route=\/wp\/v2\/product"}],"about":[{"href":"https:\/\/baralivres.ma\/index.php?rest_route=\/wp\/v2\/types\/product"}],"replies":[{"embeddable":true,"href":"https:\/\/baralivres.ma\/index.php?rest_route=%2Fwp%2Fv2%2Fcomments&post=14395"}],"version-history":[{"count":2,"href":"https:\/\/baralivres.ma\/index.php?rest_route=\/wp\/v2\/product\/14395\/revisions"}],"predecessor-version":[{"id":14408,"href":"https:\/\/baralivres.ma\/index.php?rest_route=\/wp\/v2\/product\/14395\/revisions\/14408"}],"wp:featuredmedia":[{"embeddable":true,"href":"https:\/\/baralivres.ma\/index.php?rest_route=\/wp\/v2\/media\/14398"}],"wp:attachment":[{"href":"https:\/\/baralivres.ma\/index.php?rest_route=%2Fwp%2Fv2%2Fmedia&parent=14395"}],"wp:term":[{"taxonomy":"product_cat","embeddable":true,"href":"https:\/\/baralivres.ma\/index.php?rest_route=%2Fwp%2Fv2%2Fproduct_cat&post=14395"},{"taxonomy":"product_tag","embeddable":true,"href":"https:\/\/baralivres.ma\/index.php?rest_route=%2Fwp%2Fv2%2Fproduct_tag&post=14395"}],"curies":[{"name":"wp","href":"https:\/\/api.w.org\/{rel}","templated":true}]}}