{"id":14385,"date":"2023-10-26T10:58:33","date_gmt":"2023-10-26T09:58:33","guid":{"rendered":"https:\/\/baralivres.ma\/?post_type=product&#038;p=14385"},"modified":"2023-10-26T10:58:33","modified_gmt":"2023-10-26T09:58:33","slug":"trois-filles-deve","status":"publish","type":"product","link":"https:\/\/baralivres.ma\/?product=trois-filles-deve","title":{"rendered":"Trois filles d&rsquo;\u00c8ve"},"content":{"rendered":"<p>Lors d&rsquo;un somptueux d\u00eener \u00e0 la villa du Bosphore, Peri, mari\u00e9e \u00e0 un prosp\u00e8re promoteur immobilier, se retrouve au milieu de discussions sur les \u00e9v\u00e9nements dramatiques qui secouent la Turquie. Cependant, elle pr\u00e9f\u00e8re se replonger dans ses souvenirs d&rsquo;enfance, \u00e9voquant les conflits entre son p\u00e8re la\u00efc et sa m\u00e8re tr\u00e8s religieuse, ainsi que les tensions entre ses deux amies d&rsquo;universit\u00e9 \u00e0 Oxford : Shirin, une Iranienne \u00e9mancip\u00e9e, et Mona, une musulmane pratiquante et f\u00e9ministe. Dans ses pens\u00e9es, elle se rem\u00e9more \u00e9galement Azur, le charismatique professeur de philosophie qui les avait r\u00e9unies. \u00c0 travers ces souvenirs, la soir\u00e9e mettra en lumi\u00e8re les dilemmes auxquels est confront\u00e9e la soci\u00e9t\u00e9 turque, d\u00e9chir\u00e9e entre tradition et modernit\u00e9.<\/p>\n","protected":false},"excerpt":{"rendered":"<p>Lors d&rsquo;un d\u00eener, Peri se rem\u00e9more son pass\u00e9, les tensions familiales et amicales, refl\u00e9tant les dilemmes turcs tradition-modernit\u00e9.<\/p>\n","protected":false},"featured_media":14389,"comment_status":"open","ping_status":"closed","template":"","meta":{"inline_featured_image":false},"product_cat":[204,143],"product_tag":[],"class_list":{"0":"post-14385","1":"product","2":"type-product","3":"status-publish","4":"has-post-thumbnail","6":"product_cat-francais","7":"product_cat-roman","8":"pa_auteurs-elif-shafak","10":"first","11":"instock","12":"shipping-taxable","13":"purchasable","14":"product-type-simple"},"_links":{"self":[{"href":"https:\/\/baralivres.ma\/index.php?rest_route=\/wp\/v2\/product\/14385","targetHints":{"allow":["GET"]}}],"collection":[{"href":"https:\/\/baralivres.ma\/index.php?rest_route=\/wp\/v2\/product"}],"about":[{"href":"https:\/\/baralivres.ma\/index.php?rest_route=\/wp\/v2\/types\/product"}],"replies":[{"embeddable":true,"href":"https:\/\/baralivres.ma\/index.php?rest_route=%2Fwp%2Fv2%2Fcomments&post=14385"}],"version-history":[{"count":1,"href":"https:\/\/baralivres.ma\/index.php?rest_route=\/wp\/v2\/product\/14385\/revisions"}],"predecessor-version":[{"id":14390,"href":"https:\/\/baralivres.ma\/index.php?rest_route=\/wp\/v2\/product\/14385\/revisions\/14390"}],"wp:featuredmedia":[{"embeddable":true,"href":"https:\/\/baralivres.ma\/index.php?rest_route=\/wp\/v2\/media\/14389"}],"wp:attachment":[{"href":"https:\/\/baralivres.ma\/index.php?rest_route=%2Fwp%2Fv2%2Fmedia&parent=14385"}],"wp:term":[{"taxonomy":"product_cat","embeddable":true,"href":"https:\/\/baralivres.ma\/index.php?rest_route=%2Fwp%2Fv2%2Fproduct_cat&post=14385"},{"taxonomy":"product_tag","embeddable":true,"href":"https:\/\/baralivres.ma\/index.php?rest_route=%2Fwp%2Fv2%2Fproduct_tag&post=14385"}],"curies":[{"name":"wp","href":"https:\/\/api.w.org\/{rel}","templated":true}]}}