{"id":14383,"date":"2023-10-26T10:58:01","date_gmt":"2023-10-26T09:58:01","guid":{"rendered":"https:\/\/baralivres.ma\/?post_type=product&#038;p=14383"},"modified":"2024-11-28T17:11:15","modified_gmt":"2024-11-28T16:11:15","slug":"alcools-suivis-de-calligrammes-2","status":"publish","type":"product","link":"https:\/\/baralivres.ma\/?product=alcools-suivis-de-calligrammes-2","title":{"rendered":"Alcools suivis de Calligrammes"},"content":{"rendered":"<p>Guillaume Apollinaire percevait la po\u00e9sie partout, des l\u00e9gendes aux souvenirs mythologiques, des bruits de rue aux murs de la ville, dans la diversit\u00e9 de la vie, le flux du temps et la Seine coulant sous le pont Mirabeau. L&rsquo;amour, in\u00e9vitablement, y trouvait sa place, parfois teint\u00e9 d&rsquo;amertume, transform\u00e9 en m\u00e9lodies nostalgiques. En tant que pionnier de l&rsquo;avant-garde, Apollinaire, bien qu&#8217;emport\u00e9 par la Grande Guerre en 1918, demeure un pr\u00e9curseur qui a ouvert la voie au renouveau po\u00e9tique du XXe si\u00e8cle.<\/p>\n","protected":false},"excerpt":{"rendered":"<p>Guillaume Apollinaire, po\u00e8te avant-gardiste, a trouv\u00e9 la po\u00e9sie partout, dans mythes, ville, amour, ouvrant voie au XXe si\u00e8cle.<\/p>\n","protected":false},"featured_media":14386,"comment_status":"open","ping_status":"closed","template":"","meta":{"inline_featured_image":false},"product_cat":[4097,4096],"product_tag":[],"class_list":{"0":"post-14383","1":"product","2":"type-product","3":"status-publish","4":"has-post-thumbnail","6":"product_cat-francais-les_romans_classique","7":"product_cat-les_romans_classique","8":"pa_auteurs-guillaume-apollinaire","10":"first","11":"instock","12":"shipping-taxable","13":"purchasable","14":"product-type-simple"},"_links":{"self":[{"href":"https:\/\/baralivres.ma\/index.php?rest_route=\/wp\/v2\/product\/14383","targetHints":{"allow":["GET"]}}],"collection":[{"href":"https:\/\/baralivres.ma\/index.php?rest_route=\/wp\/v2\/product"}],"about":[{"href":"https:\/\/baralivres.ma\/index.php?rest_route=\/wp\/v2\/types\/product"}],"replies":[{"embeddable":true,"href":"https:\/\/baralivres.ma\/index.php?rest_route=%2Fwp%2Fv2%2Fcomments&post=14383"}],"version-history":[{"count":1,"href":"https:\/\/baralivres.ma\/index.php?rest_route=\/wp\/v2\/product\/14383\/revisions"}],"predecessor-version":[{"id":14387,"href":"https:\/\/baralivres.ma\/index.php?rest_route=\/wp\/v2\/product\/14383\/revisions\/14387"}],"wp:featuredmedia":[{"embeddable":true,"href":"https:\/\/baralivres.ma\/index.php?rest_route=\/wp\/v2\/media\/14386"}],"wp:attachment":[{"href":"https:\/\/baralivres.ma\/index.php?rest_route=%2Fwp%2Fv2%2Fmedia&parent=14383"}],"wp:term":[{"taxonomy":"product_cat","embeddable":true,"href":"https:\/\/baralivres.ma\/index.php?rest_route=%2Fwp%2Fv2%2Fproduct_cat&post=14383"},{"taxonomy":"product_tag","embeddable":true,"href":"https:\/\/baralivres.ma\/index.php?rest_route=%2Fwp%2Fv2%2Fproduct_tag&post=14383"}],"curies":[{"name":"wp","href":"https:\/\/api.w.org\/{rel}","templated":true}]}}