{"id":14379,"date":"2023-10-26T11:00:44","date_gmt":"2023-10-26T10:00:44","guid":{"rendered":"https:\/\/baralivres.ma\/?post_type=product&#038;p=14379"},"modified":"2023-10-27T16:57:13","modified_gmt":"2023-10-27T15:57:13","slug":"mendiant-le","status":"publish","type":"product","link":"https:\/\/baralivres.ma\/?product=mendiant-le","title":{"rendered":"Mendiant (le)"},"content":{"rendered":"<p>Omar al-Hamz\u00e2wi, un c\u00e9l\u00e8bre avocat du Caire \u00e2g\u00e9 de quarante-cinq ans, mari\u00e9 et p\u00e8re de deux filles, ressent brusquement une profonde aversion envers sa femme, sa profession et son mode de vie. Obs\u00e9d\u00e9 par la mort, il se lance dans une qu\u00eate impossible, cherchant d\u00e9sesp\u00e9r\u00e9ment des fragments de v\u00e9rit\u00e9 dans son entourage. \u00ab\u00a0Le Mendiant,\u00a0\u00bb publi\u00e9 pour la premi\u00e8re fois en 1965, est une composante du cycle \u00ab\u00a0philosophique\u00a0\u00bb de l&rsquo;\u0153uvre de Naguib Mahfouz. Cette \u0153uvre est \u00e0 la fois une critique d\u00e9sillusionn\u00e9e des nouvelles r\u00e9alit\u00e9s sociales et une exploration des grandes questions existentielles. Le roman est construit avec rigueur, son rythme est rapide, et l&rsquo;\u00e9criture est empreinte d&rsquo;une forte po\u00e9sie. Il r\u00e9v\u00e8le un aspect jusqu&rsquo;alors m\u00e9connu du talent polyvalent du grand \u00e9crivain \u00e9gyptien en France.<\/p>\n","protected":false},"excerpt":{"rendered":"<p>Omar al-Hamz\u00e2wi, avocat du Caire, d\u00e9sillusionn\u00e9, recherche la v\u00e9rit\u00e9 dans un contexte existentiel complexe. \u00ab\u00a0Le Mendiant\u00a0\u00bb (Naguib Mahfouz).<\/p>\n","protected":false},"featured_media":14391,"comment_status":"open","ping_status":"closed","template":"","meta":{"inline_featured_image":false},"product_cat":[204,143],"product_tag":[],"class_list":{"0":"post-14379","1":"product","2":"type-product","3":"status-publish","4":"has-post-thumbnail","6":"product_cat-francais","7":"product_cat-roman","8":"pa_auteurs-naguib-mahfouz","10":"first","11":"instock","12":"shipping-taxable","13":"purchasable","14":"product-type-simple"},"_links":{"self":[{"href":"https:\/\/baralivres.ma\/index.php?rest_route=\/wp\/v2\/product\/14379","targetHints":{"allow":["GET"]}}],"collection":[{"href":"https:\/\/baralivres.ma\/index.php?rest_route=\/wp\/v2\/product"}],"about":[{"href":"https:\/\/baralivres.ma\/index.php?rest_route=\/wp\/v2\/types\/product"}],"replies":[{"embeddable":true,"href":"https:\/\/baralivres.ma\/index.php?rest_route=%2Fwp%2Fv2%2Fcomments&post=14379"}],"version-history":[{"count":2,"href":"https:\/\/baralivres.ma\/index.php?rest_route=\/wp\/v2\/product\/14379\/revisions"}],"predecessor-version":[{"id":14879,"href":"https:\/\/baralivres.ma\/index.php?rest_route=\/wp\/v2\/product\/14379\/revisions\/14879"}],"wp:featuredmedia":[{"embeddable":true,"href":"https:\/\/baralivres.ma\/index.php?rest_route=\/wp\/v2\/media\/14391"}],"wp:attachment":[{"href":"https:\/\/baralivres.ma\/index.php?rest_route=%2Fwp%2Fv2%2Fmedia&parent=14379"}],"wp:term":[{"taxonomy":"product_cat","embeddable":true,"href":"https:\/\/baralivres.ma\/index.php?rest_route=%2Fwp%2Fv2%2Fproduct_cat&post=14379"},{"taxonomy":"product_tag","embeddable":true,"href":"https:\/\/baralivres.ma\/index.php?rest_route=%2Fwp%2Fv2%2Fproduct_tag&post=14379"}],"curies":[{"name":"wp","href":"https:\/\/api.w.org\/{rel}","templated":true}]}}