{"id":14376,"date":"2023-10-26T10:54:34","date_gmt":"2023-10-26T09:54:34","guid":{"rendered":"https:\/\/baralivres.ma\/?post_type=product&#038;p=14376"},"modified":"2023-10-26T10:54:34","modified_gmt":"2023-10-26T09:54:34","slug":"larchitecte-du-sultan","status":"publish","type":"product","link":"https:\/\/baralivres.ma\/?product=larchitecte-du-sultan","title":{"rendered":"L&rsquo;architecte du sultan"},"content":{"rendered":"<p>Au c\u0153ur de l&rsquo;Empire ottoman au XVIe si\u00e8cle, Istanbul, un jeune homme nomm\u00e9 Jahan arrive dans cette ville inconnue, accompagn\u00e9 uniquement d&rsquo;un \u00e9l\u00e9phant blanc magnifique qu&rsquo;il a pour mission d&rsquo;offrir au sultan Soliman le Magnifique. Son voyage le conduit \u00e0 croiser la route de courtisans perfides, de pr\u00e9tendus amis d\u00e9loyaux, de gitans, de dresseurs d&rsquo;animaux, et surtout de la belle et espi\u00e8gle Mihrimah. De mani\u00e8re fortuite, il attire \u00e9galement l&rsquo;attention de Sinan, l&rsquo;architecte royal, une rencontre qui s&rsquo;av\u00e9rera \u00eatre un tournant d\u00e9cisif dans sa vie.<\/p>\n","protected":false},"excerpt":{"rendered":"<p>Au XVIe si\u00e8cle, \u00e0 Istanbul, Jahan offre un \u00e9l\u00e9phant blanc au sultan Soliman apr\u00e8s des rencontres marquantes.<\/p>\n","protected":false},"featured_media":14382,"comment_status":"open","ping_status":"closed","template":"","meta":{"inline_featured_image":false},"product_cat":[204,143],"product_tag":[],"class_list":{"0":"post-14376","1":"product","2":"type-product","3":"status-publish","4":"has-post-thumbnail","6":"product_cat-francais","7":"product_cat-roman","8":"pa_auteurs-elif-shafak","10":"first","11":"instock","12":"shipping-taxable","13":"purchasable","14":"product-type-simple"},"_links":{"self":[{"href":"https:\/\/baralivres.ma\/index.php?rest_route=\/wp\/v2\/product\/14376","targetHints":{"allow":["GET"]}}],"collection":[{"href":"https:\/\/baralivres.ma\/index.php?rest_route=\/wp\/v2\/product"}],"about":[{"href":"https:\/\/baralivres.ma\/index.php?rest_route=\/wp\/v2\/types\/product"}],"replies":[{"embeddable":true,"href":"https:\/\/baralivres.ma\/index.php?rest_route=%2Fwp%2Fv2%2Fcomments&post=14376"}],"version-history":[{"count":1,"href":"https:\/\/baralivres.ma\/index.php?rest_route=\/wp\/v2\/product\/14376\/revisions"}],"predecessor-version":[{"id":14384,"href":"https:\/\/baralivres.ma\/index.php?rest_route=\/wp\/v2\/product\/14376\/revisions\/14384"}],"wp:featuredmedia":[{"embeddable":true,"href":"https:\/\/baralivres.ma\/index.php?rest_route=\/wp\/v2\/media\/14382"}],"wp:attachment":[{"href":"https:\/\/baralivres.ma\/index.php?rest_route=%2Fwp%2Fv2%2Fmedia&parent=14376"}],"wp:term":[{"taxonomy":"product_cat","embeddable":true,"href":"https:\/\/baralivres.ma\/index.php?rest_route=%2Fwp%2Fv2%2Fproduct_cat&post=14376"},{"taxonomy":"product_tag","embeddable":true,"href":"https:\/\/baralivres.ma\/index.php?rest_route=%2Fwp%2Fv2%2Fproduct_tag&post=14376"}],"curies":[{"name":"wp","href":"https:\/\/api.w.org\/{rel}","templated":true}]}}